{"id":8091,"date":"2020-02-14T15:00:40","date_gmt":"2020-02-14T15:00:40","guid":{"rendered":"http:\/\/workingfor03.net\/webperformance\/mmagic\/azienda\/"},"modified":"2021-09-22T13:04:35","modified_gmt":"2021-09-22T13:04:35","slug":"empresa","status":"publish","type":"page","link":"https:\/\/test.mistermagic.it\/es\/empresa\/","title":{"rendered":"Empresa"},"content":{"rendered":"<h2 class=\"title-h2\">Mister Magic<sup>\u00ae<\/sup>, tu aliado en casa<\/h2>\n<p>\u00bfT\u00fa tambi\u00e9n amas tu casa y est\u00e1s siempre en b\u00fasqueda de <strong>soluciones de limpieza y desodorizaci\u00f3n<\/strong> m\u00e1s innovadoras y pr\u00e1cticas?<\/p>\n<p>Mister Magic\u00ae est\u00e1 atento a tus necesidades y deseos y te ofrece <strong>productos dedicados y espec\u00edficos<\/strong> para diferentes necesidades, con una constante atenci\u00f3n a la excelencia y a la innovaci\u00f3n.<\/p>\n<p>Como el <strong>Ovetto\u00ae Mister Magic\u00ae<\/strong> con la exclusiva Mol\u00e9cula Neutralizadora,\u00a0<b> <\/b>con m\u00e1s de 20 millones de productos vendidos: \u00a1un verdadero icono!<\/p>\n","protected":false},"excerpt":{"rendered":"<p>Mister Magic\u00ae, tu aliado en casa \u00bfT\u00fa tambi\u00e9n amas tu casa y est\u00e1s siempre en b\u00fasqueda de soluciones de limpieza y desodorizaci\u00f3n m\u00e1s innovadoras y pr\u00e1cticas? Mister Magic\u00ae est\u00e1 atento a tus necesidades y deseos y te ofrece productos dedicados y espec\u00edficos para diferentes necesidades, con una constante atenci\u00f3n a la excelencia y a la [&hellip;]<\/p>\n","protected":false},"author":1,"featured_media":0,"parent":0,"menu_order":0,"comment_status":"closed","ping_status":"closed","template":"interna-page.php","meta":{"footnotes":""},"acf":[],"yoast_head":"<!-- This site is optimized with the Yoast SEO plugin v21.5 - https:\/\/yoast.com\/wordpress\/plugins\/seo\/ -->\n<title>Empresa - Mister Magic<\/title>\n<meta name=\"description\" content=\"Mister Magic\u00ae est\u00e1 atento a sus necesidades y deseos y le ofrece productos dedicados y espec\u00edficos para diferentes necesidades, con un enfoque constante en la excelencia y la innovaci\u00f3n.\" \/>\n<meta name=\"robots\" content=\"noindex, follow, max-snippet:-1, max-image-preview:large, max-video-preview:-1\" \/>\n<meta property=\"og:locale\" content=\"es_ES\" \/>\n<meta property=\"og:type\" content=\"article\" \/>\n<meta property=\"og:title\" content=\"Empresa - Mister Magic\" \/>\n<meta property=\"og:description\" content=\"Mister Magic\u00ae est\u00e1 atento a sus necesidades y deseos y le ofrece productos dedicados y espec\u00edficos para diferentes necesidades, con un enfoque constante en la excelencia y la innovaci\u00f3n.\" \/>\n<meta property=\"og:url\" content=\"https:\/\/test.mistermagic.it\/es\/empresa\/\" \/>\n<meta property=\"og:site_name\" content=\"Mister Magic\" \/>\n<meta property=\"article:modified_time\" content=\"2021-09-22T13:04:35+00:00\" \/>\n<meta name=\"twitter:card\" content=\"summary_large_image\" \/>\n<script type=\"application\/ld+json\" class=\"yoast-schema-graph\">{\"@context\":\"https:\/\/schema.org\",\"@graph\":[{\"@type\":\"WebPage\",\"@id\":\"https:\/\/test.mistermagic.it\/es\/empresa\/\",\"url\":\"https:\/\/test.mistermagic.it\/es\/empresa\/\",\"name\":\"Empresa - Mister Magic\",\"isPartOf\":{\"@id\":\"https:\/\/test.mistermagic.it\/es\/#website\"},\"datePublished\":\"2020-02-14T15:00:40+00:00\",\"dateModified\":\"2021-09-22T13:04:35+00:00\",\"description\":\"Mister Magic\u00ae est\u00e1 atento a sus necesidades y deseos y le ofrece productos dedicados y espec\u00edficos para diferentes necesidades, con un enfoque constante en la excelencia y la innovaci\u00f3n.\",\"breadcrumb\":{\"@id\":\"https:\/\/test.mistermagic.it\/es\/empresa\/#breadcrumb\"},\"inLanguage\":\"es\",\"potentialAction\":[{\"@type\":\"ReadAction\",\"target\":[\"https:\/\/test.mistermagic.it\/es\/empresa\/\"]}]},{\"@type\":\"BreadcrumbList\",\"@id\":\"https:\/\/test.mistermagic.it\/es\/empresa\/#breadcrumb\",\"itemListElement\":[{\"@type\":\"ListItem\",\"position\":1,\"name\":\"Home\",\"item\":\"https:\/\/test.mistermagic.it\/es\/\"},{\"@type\":\"ListItem\",\"position\":2,\"name\":\"Empresa\"}]},{\"@type\":\"WebSite\",\"@id\":\"https:\/\/test.mistermagic.it\/es\/#website\",\"url\":\"https:\/\/test.mistermagic.it\/es\/\",\"name\":\"Mister Magic\",\"description\":\"Tu aliado en la casa\\n\",\"publisher\":{\"@id\":\"https:\/\/test.mistermagic.it\/es\/#organization\"},\"potentialAction\":[{\"@type\":\"SearchAction\",\"target\":{\"@type\":\"EntryPoint\",\"urlTemplate\":\"https:\/\/test.mistermagic.it\/es\/?s={search_term_string}\"},\"query-input\":\"required name=search_term_string\"}],\"inLanguage\":\"es\"},{\"@type\":\"Organization\",\"@id\":\"https:\/\/test.mistermagic.it\/es\/#organization\",\"name\":\"Mister Magic\",\"url\":\"https:\/\/test.mistermagic.it\/es\/\",\"logo\":{\"@type\":\"ImageObject\",\"inLanguage\":\"es\",\"@id\":\"https:\/\/test.mistermagic.it\/es\/#\/schema\/logo\/image\/\",\"url\":\"https:\/\/test.mistermagic.it\/wp-content\/uploads\/2020\/02\/LOGO-PER-REGISTRAZIONE_MISTER-MAGIC-01.png\",\"contentUrl\":\"https:\/\/test.mistermagic.it\/wp-content\/uploads\/2020\/02\/LOGO-PER-REGISTRAZIONE_MISTER-MAGIC-01.png\",\"width\":153,\"height\":107,\"caption\":\"Mister Magic\"},\"image\":{\"@id\":\"https:\/\/test.mistermagic.it\/es\/#\/schema\/logo\/image\/\"}}]}<\/script>\n<!-- \/ Yoast SEO plugin. -->","yoast_head_json":{"title":"Empresa - Mister Magic","description":"Mister Magic\u00ae est\u00e1 atento a sus necesidades y deseos y le ofrece productos dedicados y espec\u00edficos para diferentes necesidades, con un enfoque constante en la excelencia y la innovaci\u00f3n.","robots":{"index":"noindex","follow":"follow","max-snippet":"max-snippet:-1","max-image-preview":"max-image-preview:large","max-video-preview":"max-video-preview:-1"},"og_locale":"es_ES","og_type":"article","og_title":"Empresa - Mister Magic","og_description":"Mister Magic\u00ae est\u00e1 atento a sus necesidades y deseos y le ofrece productos dedicados y espec\u00edficos para diferentes necesidades, con un enfoque constante en la excelencia y la innovaci\u00f3n.","og_url":"https:\/\/test.mistermagic.it\/es\/empresa\/","og_site_name":"Mister Magic","article_modified_time":"2021-09-22T13:04:35+00:00","twitter_card":"summary_large_image","schema":{"@context":"https:\/\/schema.org","@graph":[{"@type":"WebPage","@id":"https:\/\/test.mistermagic.it\/es\/empresa\/","url":"https:\/\/test.mistermagic.it\/es\/empresa\/","name":"Empresa - Mister Magic","isPartOf":{"@id":"https:\/\/test.mistermagic.it\/es\/#website"},"datePublished":"2020-02-14T15:00:40+00:00","dateModified":"2021-09-22T13:04:35+00:00","description":"Mister Magic\u00ae est\u00e1 atento a sus necesidades y deseos y le ofrece productos dedicados y espec\u00edficos para diferentes necesidades, con un enfoque constante en la excelencia y la innovaci\u00f3n.","breadcrumb":{"@id":"https:\/\/test.mistermagic.it\/es\/empresa\/#breadcrumb"},"inLanguage":"es","potentialAction":[{"@type":"ReadAction","target":["https:\/\/test.mistermagic.it\/es\/empresa\/"]}]},{"@type":"BreadcrumbList","@id":"https:\/\/test.mistermagic.it\/es\/empresa\/#breadcrumb","itemListElement":[{"@type":"ListItem","position":1,"name":"Home","item":"https:\/\/test.mistermagic.it\/es\/"},{"@type":"ListItem","position":2,"name":"Empresa"}]},{"@type":"WebSite","@id":"https:\/\/test.mistermagic.it\/es\/#website","url":"https:\/\/test.mistermagic.it\/es\/","name":"Mister Magic","description":"Tu aliado en la casa\n","publisher":{"@id":"https:\/\/test.mistermagic.it\/es\/#organization"},"potentialAction":[{"@type":"SearchAction","target":{"@type":"EntryPoint","urlTemplate":"https:\/\/test.mistermagic.it\/es\/?s={search_term_string}"},"query-input":"required name=search_term_string"}],"inLanguage":"es"},{"@type":"Organization","@id":"https:\/\/test.mistermagic.it\/es\/#organization","name":"Mister Magic","url":"https:\/\/test.mistermagic.it\/es\/","logo":{"@type":"ImageObject","inLanguage":"es","@id":"https:\/\/test.mistermagic.it\/es\/#\/schema\/logo\/image\/","url":"https:\/\/test.mistermagic.it\/wp-content\/uploads\/2020\/02\/LOGO-PER-REGISTRAZIONE_MISTER-MAGIC-01.png","contentUrl":"https:\/\/test.mistermagic.it\/wp-content\/uploads\/2020\/02\/LOGO-PER-REGISTRAZIONE_MISTER-MAGIC-01.png","width":153,"height":107,"caption":"Mister Magic"},"image":{"@id":"https:\/\/test.mistermagic.it\/es\/#\/schema\/logo\/image\/"}}]}},"_links":{"self":[{"href":"https:\/\/test.mistermagic.it\/es\/wp-json\/wp\/v2\/pages\/8091"}],"collection":[{"href":"https:\/\/test.mistermagic.it\/es\/wp-json\/wp\/v2\/pages"}],"about":[{"href":"https:\/\/test.mistermagic.it\/es\/wp-json\/wp\/v2\/types\/page"}],"author":[{"embeddable":true,"href":"https:\/\/test.mistermagic.it\/es\/wp-json\/wp\/v2\/users\/1"}],"replies":[{"embeddable":true,"href":"https:\/\/test.mistermagic.it\/es\/wp-json\/wp\/v2\/comments?post=8091"}],"version-history":[{"count":9,"href":"https:\/\/test.mistermagic.it\/es\/wp-json\/wp\/v2\/pages\/8091\/revisions"}],"predecessor-version":[{"id":9164,"href":"https:\/\/test.mistermagic.it\/es\/wp-json\/wp\/v2\/pages\/8091\/revisions\/9164"}],"wp:attachment":[{"href":"https:\/\/test.mistermagic.it\/es\/wp-json\/wp\/v2\/media?parent=8091"}],"curies":[{"name":"wp","href":"https:\/\/api.w.org\/{rel}","templated":true}]}}