{"id":8105,"date":"2020-02-17T11:41:17","date_gmt":"2020-02-17T11:41:17","guid":{"rendered":"http:\/\/workingfor03.net\/webperformance\/mmagic\/20-anni-con-voi\/"},"modified":"2021-07-27T08:59:12","modified_gmt":"2021-07-27T08:59:12","slug":"20-anos-contigo","status":"publish","type":"page","link":"https:\/\/test.mistermagic.it\/es\/20-anos-contigo\/","title":{"rendered":"20 A\u00f1os Contigo"},"content":{"rendered":"<h2 class=\"title-h2\">Mister Magic<sup>\u00ae<\/sup>, una historia de \u00e9xito<\/h2>\n<p>Mister Magic<sup>\u00ae<\/sup> nace en Italia en <strong>1997<\/strong> y se instala desde un principio como una marca <strong>atenta a las necesidades de los consumidores<\/strong> y siempre en b\u00fasqueda de soluciones eficaces e innovadoras para satisfacer las necesidades de desodorizaci\u00f3n y limpieza de la casa.<\/p>\n<p>En <strong>1999<\/strong> sucede el hist\u00f3rico<strong> lanzamiento del revolucionario Ovetto\u00ae Neutralizador para nevera<\/strong>, que promete absorber y neutralizar todos los olores desagradables de la nevera sin ocupar espacio, sin alterar el gusto y el aroma de los alimentos y con una duraci\u00f3n de 3 meses.<\/p>\n<p>Tras <strong>m\u00e1s de 20 a\u00f1os y m\u00e1s de 20 millones de productos vendidos<\/strong>, el Ovetto\u00ae Mister Magic<sup>\u00ae<\/sup> hoy sigue siendo el <strong>l\u00edder indiscutible de la categor\u00eda<\/strong>. Su promesa cumplida ha decretado el comienzo de una historia de \u00e9xitos que ha crecido con muchos otros productos nuevos para la limpieza y el cuidado de los ambientes dom\u00e9sticos.<\/p>\n","protected":false},"excerpt":{"rendered":"<p>Mister Magic\u00ae, una historia de \u00e9xito Mister Magic\u00ae nace en Italia en 1997 y se instala desde un principio como una marca atenta a las necesidades de los consumidores y siempre en b\u00fasqueda de soluciones eficaces e innovadoras para satisfacer las necesidades de desodorizaci\u00f3n y limpieza de la casa. En 1999 sucede el hist\u00f3rico lanzamiento [&hellip;]<\/p>\n","protected":false},"author":1,"featured_media":0,"parent":0,"menu_order":0,"comment_status":"closed","ping_status":"closed","template":"interna-page.php","meta":{"footnotes":""},"acf":[],"yoast_head":"<!-- This site is optimized with the Yoast SEO plugin v21.5 - https:\/\/yoast.com\/wordpress\/plugins\/seo\/ -->\n<title>20 A\u00f1os Contigo - Mister Magic<\/title>\n<meta name=\"description\" content=\"Mister Magic\u00ae naci\u00f3 en 1997 y de inmediato se estableci\u00f3 como una marca atenta a las necesidades de los consumidores.\" \/>\n<meta name=\"robots\" content=\"noindex, follow, max-snippet:-1, max-image-preview:large, max-video-preview:-1\" \/>\n<meta property=\"og:locale\" content=\"es_ES\" \/>\n<meta property=\"og:type\" content=\"article\" \/>\n<meta property=\"og:title\" content=\"20 A\u00f1os Contigo - Mister Magic\" \/>\n<meta property=\"og:description\" content=\"Mister Magic\u00ae naci\u00f3 en 1997 y de inmediato se estableci\u00f3 como una marca atenta a las necesidades de los consumidores.\" \/>\n<meta property=\"og:url\" content=\"https:\/\/test.mistermagic.it\/es\/20-anos-contigo\/\" \/>\n<meta property=\"og:site_name\" content=\"Mister Magic\" \/>\n<meta property=\"article:modified_time\" content=\"2021-07-27T08:59:12+00:00\" \/>\n<meta name=\"twitter:card\" content=\"summary_large_image\" \/>\n<meta name=\"twitter:label1\" content=\"Tiempo de lectura\" \/>\n\t<meta name=\"twitter:data1\" content=\"1 minuto\" \/>\n<script type=\"application\/ld+json\" class=\"yoast-schema-graph\">{\"@context\":\"https:\/\/schema.org\",\"@graph\":[{\"@type\":\"WebPage\",\"@id\":\"https:\/\/test.mistermagic.it\/es\/20-anos-contigo\/\",\"url\":\"https:\/\/test.mistermagic.it\/es\/20-anos-contigo\/\",\"name\":\"20 A\u00f1os Contigo - Mister Magic\",\"isPartOf\":{\"@id\":\"https:\/\/test.mistermagic.it\/es\/#website\"},\"datePublished\":\"2020-02-17T11:41:17+00:00\",\"dateModified\":\"2021-07-27T08:59:12+00:00\",\"description\":\"Mister Magic\u00ae naci\u00f3 en 1997 y de inmediato se estableci\u00f3 como una marca atenta a las necesidades de los consumidores.\",\"breadcrumb\":{\"@id\":\"https:\/\/test.mistermagic.it\/es\/20-anos-contigo\/#breadcrumb\"},\"inLanguage\":\"es\",\"potentialAction\":[{\"@type\":\"ReadAction\",\"target\":[\"https:\/\/test.mistermagic.it\/es\/20-anos-contigo\/\"]}]},{\"@type\":\"BreadcrumbList\",\"@id\":\"https:\/\/test.mistermagic.it\/es\/20-anos-contigo\/#breadcrumb\",\"itemListElement\":[{\"@type\":\"ListItem\",\"position\":1,\"name\":\"Home\",\"item\":\"https:\/\/test.mistermagic.it\/es\/\"},{\"@type\":\"ListItem\",\"position\":2,\"name\":\"20 A\u00f1os Contigo\"}]},{\"@type\":\"WebSite\",\"@id\":\"https:\/\/test.mistermagic.it\/es\/#website\",\"url\":\"https:\/\/test.mistermagic.it\/es\/\",\"name\":\"Mister Magic\",\"description\":\"Tu aliado en la casa\\n\",\"publisher\":{\"@id\":\"https:\/\/test.mistermagic.it\/es\/#organization\"},\"potentialAction\":[{\"@type\":\"SearchAction\",\"target\":{\"@type\":\"EntryPoint\",\"urlTemplate\":\"https:\/\/test.mistermagic.it\/es\/?s={search_term_string}\"},\"query-input\":\"required name=search_term_string\"}],\"inLanguage\":\"es\"},{\"@type\":\"Organization\",\"@id\":\"https:\/\/test.mistermagic.it\/es\/#organization\",\"name\":\"Mister Magic\",\"url\":\"https:\/\/test.mistermagic.it\/es\/\",\"logo\":{\"@type\":\"ImageObject\",\"inLanguage\":\"es\",\"@id\":\"https:\/\/test.mistermagic.it\/es\/#\/schema\/logo\/image\/\",\"url\":\"https:\/\/test.mistermagic.it\/wp-content\/uploads\/2020\/02\/LOGO-PER-REGISTRAZIONE_MISTER-MAGIC-01.png\",\"contentUrl\":\"https:\/\/test.mistermagic.it\/wp-content\/uploads\/2020\/02\/LOGO-PER-REGISTRAZIONE_MISTER-MAGIC-01.png\",\"width\":153,\"height\":107,\"caption\":\"Mister Magic\"},\"image\":{\"@id\":\"https:\/\/test.mistermagic.it\/es\/#\/schema\/logo\/image\/\"}}]}<\/script>\n<!-- \/ Yoast SEO plugin. -->","yoast_head_json":{"title":"20 A\u00f1os Contigo - Mister Magic","description":"Mister Magic\u00ae naci\u00f3 en 1997 y de inmediato se estableci\u00f3 como una marca atenta a las necesidades de los consumidores.","robots":{"index":"noindex","follow":"follow","max-snippet":"max-snippet:-1","max-image-preview":"max-image-preview:large","max-video-preview":"max-video-preview:-1"},"og_locale":"es_ES","og_type":"article","og_title":"20 A\u00f1os Contigo - Mister Magic","og_description":"Mister Magic\u00ae naci\u00f3 en 1997 y de inmediato se estableci\u00f3 como una marca atenta a las necesidades de los consumidores.","og_url":"https:\/\/test.mistermagic.it\/es\/20-anos-contigo\/","og_site_name":"Mister Magic","article_modified_time":"2021-07-27T08:59:12+00:00","twitter_card":"summary_large_image","twitter_misc":{"Tiempo de lectura":"1 minuto"},"schema":{"@context":"https:\/\/schema.org","@graph":[{"@type":"WebPage","@id":"https:\/\/test.mistermagic.it\/es\/20-anos-contigo\/","url":"https:\/\/test.mistermagic.it\/es\/20-anos-contigo\/","name":"20 A\u00f1os Contigo - Mister Magic","isPartOf":{"@id":"https:\/\/test.mistermagic.it\/es\/#website"},"datePublished":"2020-02-17T11:41:17+00:00","dateModified":"2021-07-27T08:59:12+00:00","description":"Mister Magic\u00ae naci\u00f3 en 1997 y de inmediato se estableci\u00f3 como una marca atenta a las necesidades de los consumidores.","breadcrumb":{"@id":"https:\/\/test.mistermagic.it\/es\/20-anos-contigo\/#breadcrumb"},"inLanguage":"es","potentialAction":[{"@type":"ReadAction","target":["https:\/\/test.mistermagic.it\/es\/20-anos-contigo\/"]}]},{"@type":"BreadcrumbList","@id":"https:\/\/test.mistermagic.it\/es\/20-anos-contigo\/#breadcrumb","itemListElement":[{"@type":"ListItem","position":1,"name":"Home","item":"https:\/\/test.mistermagic.it\/es\/"},{"@type":"ListItem","position":2,"name":"20 A\u00f1os Contigo"}]},{"@type":"WebSite","@id":"https:\/\/test.mistermagic.it\/es\/#website","url":"https:\/\/test.mistermagic.it\/es\/","name":"Mister Magic","description":"Tu aliado en la casa\n","publisher":{"@id":"https:\/\/test.mistermagic.it\/es\/#organization"},"potentialAction":[{"@type":"SearchAction","target":{"@type":"EntryPoint","urlTemplate":"https:\/\/test.mistermagic.it\/es\/?s={search_term_string}"},"query-input":"required name=search_term_string"}],"inLanguage":"es"},{"@type":"Organization","@id":"https:\/\/test.mistermagic.it\/es\/#organization","name":"Mister Magic","url":"https:\/\/test.mistermagic.it\/es\/","logo":{"@type":"ImageObject","inLanguage":"es","@id":"https:\/\/test.mistermagic.it\/es\/#\/schema\/logo\/image\/","url":"https:\/\/test.mistermagic.it\/wp-content\/uploads\/2020\/02\/LOGO-PER-REGISTRAZIONE_MISTER-MAGIC-01.png","contentUrl":"https:\/\/test.mistermagic.it\/wp-content\/uploads\/2020\/02\/LOGO-PER-REGISTRAZIONE_MISTER-MAGIC-01.png","width":153,"height":107,"caption":"Mister Magic"},"image":{"@id":"https:\/\/test.mistermagic.it\/es\/#\/schema\/logo\/image\/"}}]}},"_links":{"self":[{"href":"https:\/\/test.mistermagic.it\/es\/wp-json\/wp\/v2\/pages\/8105"}],"collection":[{"href":"https:\/\/test.mistermagic.it\/es\/wp-json\/wp\/v2\/pages"}],"about":[{"href":"https:\/\/test.mistermagic.it\/es\/wp-json\/wp\/v2\/types\/page"}],"author":[{"embeddable":true,"href":"https:\/\/test.mistermagic.it\/es\/wp-json\/wp\/v2\/users\/1"}],"replies":[{"embeddable":true,"href":"https:\/\/test.mistermagic.it\/es\/wp-json\/wp\/v2\/comments?post=8105"}],"version-history":[{"count":8,"href":"https:\/\/test.mistermagic.it\/es\/wp-json\/wp\/v2\/pages\/8105\/revisions"}],"predecessor-version":[{"id":9006,"href":"https:\/\/test.mistermagic.it\/es\/wp-json\/wp\/v2\/pages\/8105\/revisions\/9006"}],"wp:attachment":[{"href":"https:\/\/test.mistermagic.it\/es\/wp-json\/wp\/v2\/media?parent=8105"}],"curies":[{"name":"wp","href":"https:\/\/api.w.org\/{rel}","templated":true}]}}