{"id":8116,"date":"2020-05-12T10:10:59","date_gmt":"2020-05-12T10:10:59","guid":{"rendered":"http:\/\/workingfor03.net\/webperformance\/mmagic\/prodotti-mister-magic\/"},"modified":"2022-10-18T10:37:48","modified_gmt":"2022-10-18T10:37:48","slug":"productos-mister-magic","status":"publish","type":"page","link":"https:\/\/test.mistermagic.it\/es\/productos-mister-magic\/","title":{"rendered":"Productos mister magic"},"content":{"rendered":"","protected":false},"excerpt":{"rendered":"","protected":false},"author":1,"featured_media":0,"parent":0,"menu_order":0,"comment_status":"closed","ping_status":"closed","template":"page-prodotti.php","meta":{"footnotes":""},"acf":[],"yoast_head":"<!-- This site is optimized with the Yoast SEO plugin v21.5 - https:\/\/yoast.com\/wordpress\/plugins\/seo\/ -->\n<title>Productos de limpieza y desodorizaci\u00f3n del hogar - Mister Magic<\/title>\n<meta name=\"description\" content=\"4 l\u00edneas completas de productos espec\u00edficos y eficaces para desodorizar y limpiar tu hogar. \u00a1Descubre a tus aliados en la casa!\" \/>\n<meta name=\"robots\" content=\"noindex, follow, max-snippet:-1, max-image-preview:large, max-video-preview:-1\" \/>\n<meta property=\"og:locale\" content=\"es_ES\" \/>\n<meta property=\"og:type\" content=\"article\" \/>\n<meta property=\"og:title\" content=\"Productos de limpieza y desodorizaci\u00f3n del hogar - Mister Magic\" \/>\n<meta property=\"og:description\" content=\"4 l\u00edneas completas de productos espec\u00edficos y eficaces para desodorizar y limpiar tu hogar. \u00a1Descubre a tus aliados en la casa!\" \/>\n<meta property=\"og:url\" content=\"https:\/\/test.mistermagic.it\/es\/productos-mister-magic\/\" \/>\n<meta property=\"og:site_name\" content=\"Mister Magic\" \/>\n<meta property=\"article:modified_time\" content=\"2022-10-18T10:37:48+00:00\" \/>\n<meta name=\"twitter:card\" content=\"summary_large_image\" \/>\n<script type=\"application\/ld+json\" class=\"yoast-schema-graph\">{\"@context\":\"https:\/\/schema.org\",\"@graph\":[{\"@type\":\"WebPage\",\"@id\":\"https:\/\/test.mistermagic.it\/es\/productos-mister-magic\/\",\"url\":\"https:\/\/test.mistermagic.it\/es\/productos-mister-magic\/\",\"name\":\"Productos de limpieza y desodorizaci\u00f3n del hogar - Mister Magic\",\"isPartOf\":{\"@id\":\"https:\/\/test.mistermagic.it\/es\/#website\"},\"datePublished\":\"2020-05-12T10:10:59+00:00\",\"dateModified\":\"2022-10-18T10:37:48+00:00\",\"description\":\"4 l\u00edneas completas de productos espec\u00edficos y eficaces para desodorizar y limpiar tu hogar. \u00a1Descubre a tus aliados en la casa!\",\"breadcrumb\":{\"@id\":\"https:\/\/test.mistermagic.it\/es\/productos-mister-magic\/#breadcrumb\"},\"inLanguage\":\"es\",\"potentialAction\":[{\"@type\":\"ReadAction\",\"target\":[\"https:\/\/test.mistermagic.it\/es\/productos-mister-magic\/\"]}]},{\"@type\":\"BreadcrumbList\",\"@id\":\"https:\/\/test.mistermagic.it\/es\/productos-mister-magic\/#breadcrumb\",\"itemListElement\":[{\"@type\":\"ListItem\",\"position\":1,\"name\":\"Home\",\"item\":\"https:\/\/test.mistermagic.it\/es\/\"},{\"@type\":\"ListItem\",\"position\":2,\"name\":\"Productos mister magic\"}]},{\"@type\":\"WebSite\",\"@id\":\"https:\/\/test.mistermagic.it\/es\/#website\",\"url\":\"https:\/\/test.mistermagic.it\/es\/\",\"name\":\"Mister Magic\",\"description\":\"Tu aliado en la casa\\n\",\"publisher\":{\"@id\":\"https:\/\/test.mistermagic.it\/es\/#organization\"},\"potentialAction\":[{\"@type\":\"SearchAction\",\"target\":{\"@type\":\"EntryPoint\",\"urlTemplate\":\"https:\/\/test.mistermagic.it\/es\/?s={search_term_string}\"},\"query-input\":\"required name=search_term_string\"}],\"inLanguage\":\"es\"},{\"@type\":\"Organization\",\"@id\":\"https:\/\/test.mistermagic.it\/es\/#organization\",\"name\":\"Mister Magic\",\"url\":\"https:\/\/test.mistermagic.it\/es\/\",\"logo\":{\"@type\":\"ImageObject\",\"inLanguage\":\"es\",\"@id\":\"https:\/\/test.mistermagic.it\/es\/#\/schema\/logo\/image\/\",\"url\":\"https:\/\/test.mistermagic.it\/wp-content\/uploads\/2020\/02\/LOGO-PER-REGISTRAZIONE_MISTER-MAGIC-01.png\",\"contentUrl\":\"https:\/\/test.mistermagic.it\/wp-content\/uploads\/2020\/02\/LOGO-PER-REGISTRAZIONE_MISTER-MAGIC-01.png\",\"width\":153,\"height\":107,\"caption\":\"Mister Magic\"},\"image\":{\"@id\":\"https:\/\/test.mistermagic.it\/es\/#\/schema\/logo\/image\/\"}}]}<\/script>\n<!-- \/ Yoast SEO plugin. -->","yoast_head_json":{"title":"Productos de limpieza y desodorizaci\u00f3n del hogar - Mister Magic","description":"4 l\u00edneas completas de productos espec\u00edficos y eficaces para desodorizar y limpiar tu hogar. \u00a1Descubre a tus aliados en la casa!","robots":{"index":"noindex","follow":"follow","max-snippet":"max-snippet:-1","max-image-preview":"max-image-preview:large","max-video-preview":"max-video-preview:-1"},"og_locale":"es_ES","og_type":"article","og_title":"Productos de limpieza y desodorizaci\u00f3n del hogar - Mister Magic","og_description":"4 l\u00edneas completas de productos espec\u00edficos y eficaces para desodorizar y limpiar tu hogar. \u00a1Descubre a tus aliados en la casa!","og_url":"https:\/\/test.mistermagic.it\/es\/productos-mister-magic\/","og_site_name":"Mister Magic","article_modified_time":"2022-10-18T10:37:48+00:00","twitter_card":"summary_large_image","schema":{"@context":"https:\/\/schema.org","@graph":[{"@type":"WebPage","@id":"https:\/\/test.mistermagic.it\/es\/productos-mister-magic\/","url":"https:\/\/test.mistermagic.it\/es\/productos-mister-magic\/","name":"Productos de limpieza y desodorizaci\u00f3n del hogar - Mister Magic","isPartOf":{"@id":"https:\/\/test.mistermagic.it\/es\/#website"},"datePublished":"2020-05-12T10:10:59+00:00","dateModified":"2022-10-18T10:37:48+00:00","description":"4 l\u00edneas completas de productos espec\u00edficos y eficaces para desodorizar y limpiar tu hogar. \u00a1Descubre a tus aliados en la casa!","breadcrumb":{"@id":"https:\/\/test.mistermagic.it\/es\/productos-mister-magic\/#breadcrumb"},"inLanguage":"es","potentialAction":[{"@type":"ReadAction","target":["https:\/\/test.mistermagic.it\/es\/productos-mister-magic\/"]}]},{"@type":"BreadcrumbList","@id":"https:\/\/test.mistermagic.it\/es\/productos-mister-magic\/#breadcrumb","itemListElement":[{"@type":"ListItem","position":1,"name":"Home","item":"https:\/\/test.mistermagic.it\/es\/"},{"@type":"ListItem","position":2,"name":"Productos mister magic"}]},{"@type":"WebSite","@id":"https:\/\/test.mistermagic.it\/es\/#website","url":"https:\/\/test.mistermagic.it\/es\/","name":"Mister Magic","description":"Tu aliado en la casa\n","publisher":{"@id":"https:\/\/test.mistermagic.it\/es\/#organization"},"potentialAction":[{"@type":"SearchAction","target":{"@type":"EntryPoint","urlTemplate":"https:\/\/test.mistermagic.it\/es\/?s={search_term_string}"},"query-input":"required name=search_term_string"}],"inLanguage":"es"},{"@type":"Organization","@id":"https:\/\/test.mistermagic.it\/es\/#organization","name":"Mister Magic","url":"https:\/\/test.mistermagic.it\/es\/","logo":{"@type":"ImageObject","inLanguage":"es","@id":"https:\/\/test.mistermagic.it\/es\/#\/schema\/logo\/image\/","url":"https:\/\/test.mistermagic.it\/wp-content\/uploads\/2020\/02\/LOGO-PER-REGISTRAZIONE_MISTER-MAGIC-01.png","contentUrl":"https:\/\/test.mistermagic.it\/wp-content\/uploads\/2020\/02\/LOGO-PER-REGISTRAZIONE_MISTER-MAGIC-01.png","width":153,"height":107,"caption":"Mister Magic"},"image":{"@id":"https:\/\/test.mistermagic.it\/es\/#\/schema\/logo\/image\/"}}]}},"_links":{"self":[{"href":"https:\/\/test.mistermagic.it\/es\/wp-json\/wp\/v2\/pages\/8116"}],"collection":[{"href":"https:\/\/test.mistermagic.it\/es\/wp-json\/wp\/v2\/pages"}],"about":[{"href":"https:\/\/test.mistermagic.it\/es\/wp-json\/wp\/v2\/types\/page"}],"author":[{"embeddable":true,"href":"https:\/\/test.mistermagic.it\/es\/wp-json\/wp\/v2\/users\/1"}],"replies":[{"embeddable":true,"href":"https:\/\/test.mistermagic.it\/es\/wp-json\/wp\/v2\/comments?post=8116"}],"version-history":[{"count":4,"href":"https:\/\/test.mistermagic.it\/es\/wp-json\/wp\/v2\/pages\/8116\/revisions"}],"predecessor-version":[{"id":9564,"href":"https:\/\/test.mistermagic.it\/es\/wp-json\/wp\/v2\/pages\/8116\/revisions\/9564"}],"wp:attachment":[{"href":"https:\/\/test.mistermagic.it\/es\/wp-json\/wp\/v2\/media?parent=8116"}],"curies":[{"name":"wp","href":"https:\/\/api.w.org\/{rel}","templated":true}]}}