{"id":6731,"date":"2020-02-17T11:41:17","date_gmt":"2020-02-17T11:41:17","guid":{"rendered":"http:\/\/workingfor03.net\/webperformance\/mmagic\/20-anni-con-voi\/"},"modified":"2022-01-21T09:19:26","modified_gmt":"2022-01-21T09:19:26","slug":"20-ans-a-vos-cotes","status":"publish","type":"page","link":"https:\/\/test.mistermagic.it\/fr\/20-ans-a-vos-cotes\/","title":{"rendered":"20 ANS \u00c0 VOS C\u00d4T\u00c9S"},"content":{"rendered":"<h2 class=\"title-h2\">Mister Magic<sup>\u00ae<\/sup>, une histoire de succ\u00e8s<\/h2>\n<p>Mister Magic<sup>\u00ae<\/sup> na\u00eet en Italie en <strong>1997<\/strong> et s&rsquo;affirme d\u00e8s ses d\u00e9buts en tant que marque <strong>attentive aux besoins des consommateurs<\/strong> et toujours \u00e0 la recherche de solutions efficaces et innovantes pour satisfaire les exigences de d\u00e9sodorisation et de nettoyage de la maison.<\/p>\n<p>En <strong>1999<\/strong>, l&rsquo;entreprise <strong>lance son produit phare\u00a0: l&rsquo;Ovetto<sup>\u00ae<\/sup> Absorbeur d&rsquo;odeurs pour le r\u00e9frig\u00e9rateur r\u00e9volutionnaire<\/strong>, qui promet d&rsquo;absorber et de neutraliser toutes les odeurs d\u00e9sagr\u00e9ables dans le r\u00e9frig\u00e9rateur, sans occuper d&rsquo;espace ni alt\u00e9rer l&rsquo;ar\u00f4me des aliments et avec une dur\u00e9e de 3 mois.<\/p>\n<p>Apr\u00e8s<strong> plus de 20 ans et plus de 20 millions de produits vendus<\/strong>, l&rsquo;Ovetto<sup>\u00ae <\/sup>Mister Magic<sup>\u00ae<\/sup> est encore aujourd&rsquo;hui le<strong> leader incontest\u00e9 de la cat\u00e9gorie<\/strong>. Sa promesse tenue a marqu\u00e9 le d\u00e9but d&rsquo;une histoire riche en succ\u00e8s, assortie petit \u00e0 petit de nombreux autres produits, toujours nouveaux, pour le nettoyage et le soin des milieux domestiques.<\/p>\n","protected":false},"excerpt":{"rendered":"<p>Mister Magic\u00ae, une histoire de succ\u00e8s Mister Magic\u00ae na\u00eet en Italie en 1997 et s&rsquo;affirme d\u00e8s ses d\u00e9buts en tant que marque attentive aux besoins des consommateurs et toujours \u00e0 la recherche de solutions efficaces et innovantes pour satisfaire les exigences de d\u00e9sodorisation et de nettoyage de la maison. En 1999, l&rsquo;entreprise lance son produit [&hellip;]<\/p>\n","protected":false},"author":1,"featured_media":0,"parent":0,"menu_order":0,"comment_status":"closed","ping_status":"closed","template":"interna-page.php","meta":{"footnotes":""},"acf":[],"yoast_head":"<!-- This site is optimized with the Yoast SEO plugin v21.5 - https:\/\/yoast.com\/wordpress\/plugins\/seo\/ -->\n<title>20 ANS \u00c0 VOS C\u00d4T\u00c9S - Mister Magic<\/title>\n<meta name=\"description\" content=\"Mister Magic\u00ae est n\u00e9 en 1997 et s&#039;est imm\u00e9diatement impos\u00e9 comme une marque \u00e0 l&#039;\u00e9coute des besoins des consommateurs.\" \/>\n<meta name=\"robots\" content=\"noindex, follow, max-snippet:-1, max-image-preview:large, max-video-preview:-1\" \/>\n<meta property=\"og:locale\" content=\"fr_FR\" \/>\n<meta property=\"og:type\" content=\"article\" \/>\n<meta property=\"og:title\" content=\"20 ANS \u00c0 VOS C\u00d4T\u00c9S - Mister Magic\" \/>\n<meta property=\"og:description\" content=\"Mister Magic\u00ae est n\u00e9 en 1997 et s&#039;est imm\u00e9diatement impos\u00e9 comme une marque \u00e0 l&#039;\u00e9coute des besoins des consommateurs.\" \/>\n<meta property=\"og:url\" content=\"https:\/\/test.mistermagic.it\/fr\/20-ans-a-vos-cotes\/\" \/>\n<meta property=\"og:site_name\" content=\"Mister Magic\" \/>\n<meta property=\"article:modified_time\" content=\"2022-01-21T09:19:26+00:00\" \/>\n<meta name=\"twitter:card\" content=\"summary_large_image\" \/>\n<meta name=\"twitter:label1\" content=\"Dur\u00e9e de lecture estim\u00e9e\" \/>\n\t<meta name=\"twitter:data1\" content=\"1 minute\" \/>\n<script type=\"application\/ld+json\" class=\"yoast-schema-graph\">{\"@context\":\"https:\/\/schema.org\",\"@graph\":[{\"@type\":\"WebPage\",\"@id\":\"https:\/\/test.mistermagic.it\/fr\/20-ans-a-vos-cotes\/\",\"url\":\"https:\/\/test.mistermagic.it\/fr\/20-ans-a-vos-cotes\/\",\"name\":\"20 ANS \u00c0 VOS C\u00d4T\u00c9S - Mister Magic\",\"isPartOf\":{\"@id\":\"https:\/\/test.mistermagic.it\/fr\/#website\"},\"datePublished\":\"2020-02-17T11:41:17+00:00\",\"dateModified\":\"2022-01-21T09:19:26+00:00\",\"description\":\"Mister Magic\u00ae est n\u00e9 en 1997 et s'est imm\u00e9diatement impos\u00e9 comme une marque \u00e0 l'\u00e9coute des besoins des consommateurs.\",\"breadcrumb\":{\"@id\":\"https:\/\/test.mistermagic.it\/fr\/20-ans-a-vos-cotes\/#breadcrumb\"},\"inLanguage\":\"fr-FR\",\"potentialAction\":[{\"@type\":\"ReadAction\",\"target\":[\"https:\/\/test.mistermagic.it\/fr\/20-ans-a-vos-cotes\/\"]}]},{\"@type\":\"BreadcrumbList\",\"@id\":\"https:\/\/test.mistermagic.it\/fr\/20-ans-a-vos-cotes\/#breadcrumb\",\"itemListElement\":[{\"@type\":\"ListItem\",\"position\":1,\"name\":\"Home\",\"item\":\"https:\/\/test.mistermagic.it\/fr\/\"},{\"@type\":\"ListItem\",\"position\":2,\"name\":\"20 ANS \u00c0 VOS C\u00d4T\u00c9S\"}]},{\"@type\":\"WebSite\",\"@id\":\"https:\/\/test.mistermagic.it\/fr\/#website\",\"url\":\"https:\/\/test.mistermagic.it\/fr\/\",\"name\":\"Mister Magic\",\"description\":\"Votre alli\u00e9 dans la maison\\n\",\"publisher\":{\"@id\":\"https:\/\/test.mistermagic.it\/fr\/#organization\"},\"potentialAction\":[{\"@type\":\"SearchAction\",\"target\":{\"@type\":\"EntryPoint\",\"urlTemplate\":\"https:\/\/test.mistermagic.it\/fr\/?s={search_term_string}\"},\"query-input\":\"required name=search_term_string\"}],\"inLanguage\":\"fr-FR\"},{\"@type\":\"Organization\",\"@id\":\"https:\/\/test.mistermagic.it\/fr\/#organization\",\"name\":\"Mister Magic\",\"url\":\"https:\/\/test.mistermagic.it\/fr\/\",\"logo\":{\"@type\":\"ImageObject\",\"inLanguage\":\"fr-FR\",\"@id\":\"https:\/\/test.mistermagic.it\/fr\/#\/schema\/logo\/image\/\",\"url\":\"https:\/\/test.mistermagic.it\/wp-content\/uploads\/2020\/02\/LOGO-PER-REGISTRAZIONE_MISTER-MAGIC-01.png\",\"contentUrl\":\"https:\/\/test.mistermagic.it\/wp-content\/uploads\/2020\/02\/LOGO-PER-REGISTRAZIONE_MISTER-MAGIC-01.png\",\"width\":153,\"height\":107,\"caption\":\"Mister Magic\"},\"image\":{\"@id\":\"https:\/\/test.mistermagic.it\/fr\/#\/schema\/logo\/image\/\"}}]}<\/script>\n<!-- \/ Yoast SEO plugin. -->","yoast_head_json":{"title":"20 ANS \u00c0 VOS C\u00d4T\u00c9S - Mister Magic","description":"Mister Magic\u00ae est n\u00e9 en 1997 et s'est imm\u00e9diatement impos\u00e9 comme une marque \u00e0 l'\u00e9coute des besoins des consommateurs.","robots":{"index":"noindex","follow":"follow","max-snippet":"max-snippet:-1","max-image-preview":"max-image-preview:large","max-video-preview":"max-video-preview:-1"},"og_locale":"fr_FR","og_type":"article","og_title":"20 ANS \u00c0 VOS C\u00d4T\u00c9S - Mister Magic","og_description":"Mister Magic\u00ae est n\u00e9 en 1997 et s'est imm\u00e9diatement impos\u00e9 comme une marque \u00e0 l'\u00e9coute des besoins des consommateurs.","og_url":"https:\/\/test.mistermagic.it\/fr\/20-ans-a-vos-cotes\/","og_site_name":"Mister Magic","article_modified_time":"2022-01-21T09:19:26+00:00","twitter_card":"summary_large_image","twitter_misc":{"Dur\u00e9e de lecture estim\u00e9e":"1 minute"},"schema":{"@context":"https:\/\/schema.org","@graph":[{"@type":"WebPage","@id":"https:\/\/test.mistermagic.it\/fr\/20-ans-a-vos-cotes\/","url":"https:\/\/test.mistermagic.it\/fr\/20-ans-a-vos-cotes\/","name":"20 ANS \u00c0 VOS C\u00d4T\u00c9S - Mister Magic","isPartOf":{"@id":"https:\/\/test.mistermagic.it\/fr\/#website"},"datePublished":"2020-02-17T11:41:17+00:00","dateModified":"2022-01-21T09:19:26+00:00","description":"Mister Magic\u00ae est n\u00e9 en 1997 et s'est imm\u00e9diatement impos\u00e9 comme une marque \u00e0 l'\u00e9coute des besoins des consommateurs.","breadcrumb":{"@id":"https:\/\/test.mistermagic.it\/fr\/20-ans-a-vos-cotes\/#breadcrumb"},"inLanguage":"fr-FR","potentialAction":[{"@type":"ReadAction","target":["https:\/\/test.mistermagic.it\/fr\/20-ans-a-vos-cotes\/"]}]},{"@type":"BreadcrumbList","@id":"https:\/\/test.mistermagic.it\/fr\/20-ans-a-vos-cotes\/#breadcrumb","itemListElement":[{"@type":"ListItem","position":1,"name":"Home","item":"https:\/\/test.mistermagic.it\/fr\/"},{"@type":"ListItem","position":2,"name":"20 ANS \u00c0 VOS C\u00d4T\u00c9S"}]},{"@type":"WebSite","@id":"https:\/\/test.mistermagic.it\/fr\/#website","url":"https:\/\/test.mistermagic.it\/fr\/","name":"Mister Magic","description":"Votre alli\u00e9 dans la maison\n","publisher":{"@id":"https:\/\/test.mistermagic.it\/fr\/#organization"},"potentialAction":[{"@type":"SearchAction","target":{"@type":"EntryPoint","urlTemplate":"https:\/\/test.mistermagic.it\/fr\/?s={search_term_string}"},"query-input":"required name=search_term_string"}],"inLanguage":"fr-FR"},{"@type":"Organization","@id":"https:\/\/test.mistermagic.it\/fr\/#organization","name":"Mister Magic","url":"https:\/\/test.mistermagic.it\/fr\/","logo":{"@type":"ImageObject","inLanguage":"fr-FR","@id":"https:\/\/test.mistermagic.it\/fr\/#\/schema\/logo\/image\/","url":"https:\/\/test.mistermagic.it\/wp-content\/uploads\/2020\/02\/LOGO-PER-REGISTRAZIONE_MISTER-MAGIC-01.png","contentUrl":"https:\/\/test.mistermagic.it\/wp-content\/uploads\/2020\/02\/LOGO-PER-REGISTRAZIONE_MISTER-MAGIC-01.png","width":153,"height":107,"caption":"Mister Magic"},"image":{"@id":"https:\/\/test.mistermagic.it\/fr\/#\/schema\/logo\/image\/"}}]}},"_links":{"self":[{"href":"https:\/\/test.mistermagic.it\/fr\/wp-json\/wp\/v2\/pages\/6731"}],"collection":[{"href":"https:\/\/test.mistermagic.it\/fr\/wp-json\/wp\/v2\/pages"}],"about":[{"href":"https:\/\/test.mistermagic.it\/fr\/wp-json\/wp\/v2\/types\/page"}],"author":[{"embeddable":true,"href":"https:\/\/test.mistermagic.it\/fr\/wp-json\/wp\/v2\/users\/1"}],"replies":[{"embeddable":true,"href":"https:\/\/test.mistermagic.it\/fr\/wp-json\/wp\/v2\/comments?post=6731"}],"version-history":[{"count":8,"href":"https:\/\/test.mistermagic.it\/fr\/wp-json\/wp\/v2\/pages\/6731\/revisions"}],"predecessor-version":[{"id":9375,"href":"https:\/\/test.mistermagic.it\/fr\/wp-json\/wp\/v2\/pages\/6731\/revisions\/9375"}],"wp:attachment":[{"href":"https:\/\/test.mistermagic.it\/fr\/wp-json\/wp\/v2\/media?parent=6731"}],"curies":[{"name":"wp","href":"https:\/\/api.w.org\/{rel}","templated":true}]}}