{"id":7654,"date":"2020-02-14T15:00:40","date_gmt":"2020-02-14T15:00:40","guid":{"rendered":"http:\/\/workingfor03.net\/webperformance\/mmagic\/azienda\/"},"modified":"2022-02-23T13:45:00","modified_gmt":"2022-02-23T13:45:00","slug":"notre-entreprise","status":"publish","type":"page","link":"https:\/\/test.mistermagic.it\/fr\/notre-entreprise\/","title":{"rendered":"NOTRE ENTREPRISE"},"content":{"rendered":"<h2 class=\"title-h2\">Mister Magic<sup>\u00ae<\/sup>, \u00a0votre alli\u00e9 \u00e0 la maison<\/h2>\n<p>Vous aussi aimez votre maison et \u00eates toujours \u00e0 la recherche de <strong>solutions de nettoyage et de d\u00e9sodorisation<\/strong> plus innovantes et pratiques\u00a0?<\/p>\n<p>Mister Magic\u00ae est attentif \u00e0 vos besoins et \u00e0 vos d\u00e9sirs et vous propose <strong>des produits sp\u00e9cifiques<\/strong> pour diff\u00e9rents besoins, avec une attention constante \u00e0 l&rsquo;excellence et \u00e0 l&rsquo;innovation.<\/p>\n<p>Comme l&rsquo;<strong>Ovetto\u00ae Mister Magic\u00ae,<\/strong> contenant notre Mol\u00e9cule exclusive d&rsquo;Absorption des odeurs, <strong>n\u00b0 1 parmi les absorbeurs d&rsquo;odeurs pour r\u00e9frig\u00e9rateurs en Italie<\/strong> avec plus de 20 millions de produits vendus\u00a0: un v\u00e9ritable embl\u00e8me.<\/p>\n","protected":false},"excerpt":{"rendered":"<p>Mister Magic\u00ae, \u00a0votre alli\u00e9 \u00e0 la maison Vous aussi aimez votre maison et \u00eates toujours \u00e0 la recherche de solutions de nettoyage et de d\u00e9sodorisation plus innovantes et pratiques\u00a0? Mister Magic\u00ae est attentif \u00e0 vos besoins et \u00e0 vos d\u00e9sirs et vous propose des produits sp\u00e9cifiques pour diff\u00e9rents besoins, avec une attention constante \u00e0 l&rsquo;excellence [&hellip;]<\/p>\n","protected":false},"author":1,"featured_media":0,"parent":0,"menu_order":0,"comment_status":"closed","ping_status":"closed","template":"interna-page.php","meta":{"footnotes":""},"acf":[],"yoast_head":"<!-- This site is optimized with the Yoast SEO plugin v21.5 - https:\/\/yoast.com\/wordpress\/plugins\/seo\/ -->\n<title>NOTRE ENTREPRISENOTRE ENTREPRISE - Mister Magic<\/title>\n<meta name=\"description\" content=\"Mister Magic\u00ae est \u00e0 l&#039;\u00e9coute de vos besoins et envies et vous propose des produits d\u00e9di\u00e9s et sp\u00e9cifiques pour diff\u00e9rents besoins, dans un souci constant d&#039;excellence et d&#039;innovation.\" \/>\n<meta name=\"robots\" content=\"noindex, follow, max-snippet:-1, max-image-preview:large, max-video-preview:-1\" \/>\n<meta property=\"og:locale\" content=\"fr_FR\" \/>\n<meta property=\"og:type\" content=\"article\" \/>\n<meta property=\"og:title\" content=\"NOTRE ENTREPRISENOTRE ENTREPRISE - Mister Magic\" \/>\n<meta property=\"og:description\" content=\"Mister Magic\u00ae est \u00e0 l&#039;\u00e9coute de vos besoins et envies et vous propose des produits d\u00e9di\u00e9s et sp\u00e9cifiques pour diff\u00e9rents besoins, dans un souci constant d&#039;excellence et d&#039;innovation.\" \/>\n<meta property=\"og:url\" content=\"https:\/\/test.mistermagic.it\/fr\/notre-entreprise\/\" \/>\n<meta property=\"og:site_name\" content=\"Mister Magic\" \/>\n<meta property=\"article:modified_time\" content=\"2022-02-23T13:45:00+00:00\" \/>\n<meta name=\"twitter:card\" content=\"summary_large_image\" \/>\n<script type=\"application\/ld+json\" class=\"yoast-schema-graph\">{\"@context\":\"https:\/\/schema.org\",\"@graph\":[{\"@type\":\"WebPage\",\"@id\":\"https:\/\/test.mistermagic.it\/fr\/notre-entreprise\/\",\"url\":\"https:\/\/test.mistermagic.it\/fr\/notre-entreprise\/\",\"name\":\"NOTRE ENTREPRISENOTRE ENTREPRISE - Mister Magic\",\"isPartOf\":{\"@id\":\"https:\/\/test.mistermagic.it\/fr\/#website\"},\"datePublished\":\"2020-02-14T15:00:40+00:00\",\"dateModified\":\"2022-02-23T13:45:00+00:00\",\"description\":\"Mister Magic\u00ae est \u00e0 l'\u00e9coute de vos besoins et envies et vous propose des produits d\u00e9di\u00e9s et sp\u00e9cifiques pour diff\u00e9rents besoins, dans un souci constant d'excellence et d'innovation.\",\"breadcrumb\":{\"@id\":\"https:\/\/test.mistermagic.it\/fr\/notre-entreprise\/#breadcrumb\"},\"inLanguage\":\"fr-FR\",\"potentialAction\":[{\"@type\":\"ReadAction\",\"target\":[\"https:\/\/test.mistermagic.it\/fr\/notre-entreprise\/\"]}]},{\"@type\":\"BreadcrumbList\",\"@id\":\"https:\/\/test.mistermagic.it\/fr\/notre-entreprise\/#breadcrumb\",\"itemListElement\":[{\"@type\":\"ListItem\",\"position\":1,\"name\":\"Home\",\"item\":\"https:\/\/test.mistermagic.it\/fr\/\"},{\"@type\":\"ListItem\",\"position\":2,\"name\":\"NOTRE ENTREPRISE\"}]},{\"@type\":\"WebSite\",\"@id\":\"https:\/\/test.mistermagic.it\/fr\/#website\",\"url\":\"https:\/\/test.mistermagic.it\/fr\/\",\"name\":\"Mister Magic\",\"description\":\"Votre alli\u00e9 dans la maison\\n\",\"publisher\":{\"@id\":\"https:\/\/test.mistermagic.it\/fr\/#organization\"},\"potentialAction\":[{\"@type\":\"SearchAction\",\"target\":{\"@type\":\"EntryPoint\",\"urlTemplate\":\"https:\/\/test.mistermagic.it\/fr\/?s={search_term_string}\"},\"query-input\":\"required name=search_term_string\"}],\"inLanguage\":\"fr-FR\"},{\"@type\":\"Organization\",\"@id\":\"https:\/\/test.mistermagic.it\/fr\/#organization\",\"name\":\"Mister Magic\",\"url\":\"https:\/\/test.mistermagic.it\/fr\/\",\"logo\":{\"@type\":\"ImageObject\",\"inLanguage\":\"fr-FR\",\"@id\":\"https:\/\/test.mistermagic.it\/fr\/#\/schema\/logo\/image\/\",\"url\":\"https:\/\/test.mistermagic.it\/wp-content\/uploads\/2020\/02\/LOGO-PER-REGISTRAZIONE_MISTER-MAGIC-01.png\",\"contentUrl\":\"https:\/\/test.mistermagic.it\/wp-content\/uploads\/2020\/02\/LOGO-PER-REGISTRAZIONE_MISTER-MAGIC-01.png\",\"width\":153,\"height\":107,\"caption\":\"Mister Magic\"},\"image\":{\"@id\":\"https:\/\/test.mistermagic.it\/fr\/#\/schema\/logo\/image\/\"}}]}<\/script>\n<!-- \/ Yoast SEO plugin. -->","yoast_head_json":{"title":"NOTRE ENTREPRISENOTRE ENTREPRISE - Mister Magic","description":"Mister Magic\u00ae est \u00e0 l'\u00e9coute de vos besoins et envies et vous propose des produits d\u00e9di\u00e9s et sp\u00e9cifiques pour diff\u00e9rents besoins, dans un souci constant d'excellence et d'innovation.","robots":{"index":"noindex","follow":"follow","max-snippet":"max-snippet:-1","max-image-preview":"max-image-preview:large","max-video-preview":"max-video-preview:-1"},"og_locale":"fr_FR","og_type":"article","og_title":"NOTRE ENTREPRISENOTRE ENTREPRISE - Mister Magic","og_description":"Mister Magic\u00ae est \u00e0 l'\u00e9coute de vos besoins et envies et vous propose des produits d\u00e9di\u00e9s et sp\u00e9cifiques pour diff\u00e9rents besoins, dans un souci constant d'excellence et d'innovation.","og_url":"https:\/\/test.mistermagic.it\/fr\/notre-entreprise\/","og_site_name":"Mister Magic","article_modified_time":"2022-02-23T13:45:00+00:00","twitter_card":"summary_large_image","schema":{"@context":"https:\/\/schema.org","@graph":[{"@type":"WebPage","@id":"https:\/\/test.mistermagic.it\/fr\/notre-entreprise\/","url":"https:\/\/test.mistermagic.it\/fr\/notre-entreprise\/","name":"NOTRE ENTREPRISENOTRE ENTREPRISE - Mister Magic","isPartOf":{"@id":"https:\/\/test.mistermagic.it\/fr\/#website"},"datePublished":"2020-02-14T15:00:40+00:00","dateModified":"2022-02-23T13:45:00+00:00","description":"Mister Magic\u00ae est \u00e0 l'\u00e9coute de vos besoins et envies et vous propose des produits d\u00e9di\u00e9s et sp\u00e9cifiques pour diff\u00e9rents besoins, dans un souci constant d'excellence et d'innovation.","breadcrumb":{"@id":"https:\/\/test.mistermagic.it\/fr\/notre-entreprise\/#breadcrumb"},"inLanguage":"fr-FR","potentialAction":[{"@type":"ReadAction","target":["https:\/\/test.mistermagic.it\/fr\/notre-entreprise\/"]}]},{"@type":"BreadcrumbList","@id":"https:\/\/test.mistermagic.it\/fr\/notre-entreprise\/#breadcrumb","itemListElement":[{"@type":"ListItem","position":1,"name":"Home","item":"https:\/\/test.mistermagic.it\/fr\/"},{"@type":"ListItem","position":2,"name":"NOTRE ENTREPRISE"}]},{"@type":"WebSite","@id":"https:\/\/test.mistermagic.it\/fr\/#website","url":"https:\/\/test.mistermagic.it\/fr\/","name":"Mister Magic","description":"Votre alli\u00e9 dans la maison\n","publisher":{"@id":"https:\/\/test.mistermagic.it\/fr\/#organization"},"potentialAction":[{"@type":"SearchAction","target":{"@type":"EntryPoint","urlTemplate":"https:\/\/test.mistermagic.it\/fr\/?s={search_term_string}"},"query-input":"required name=search_term_string"}],"inLanguage":"fr-FR"},{"@type":"Organization","@id":"https:\/\/test.mistermagic.it\/fr\/#organization","name":"Mister Magic","url":"https:\/\/test.mistermagic.it\/fr\/","logo":{"@type":"ImageObject","inLanguage":"fr-FR","@id":"https:\/\/test.mistermagic.it\/fr\/#\/schema\/logo\/image\/","url":"https:\/\/test.mistermagic.it\/wp-content\/uploads\/2020\/02\/LOGO-PER-REGISTRAZIONE_MISTER-MAGIC-01.png","contentUrl":"https:\/\/test.mistermagic.it\/wp-content\/uploads\/2020\/02\/LOGO-PER-REGISTRAZIONE_MISTER-MAGIC-01.png","width":153,"height":107,"caption":"Mister Magic"},"image":{"@id":"https:\/\/test.mistermagic.it\/fr\/#\/schema\/logo\/image\/"}}]}},"_links":{"self":[{"href":"https:\/\/test.mistermagic.it\/fr\/wp-json\/wp\/v2\/pages\/7654"}],"collection":[{"href":"https:\/\/test.mistermagic.it\/fr\/wp-json\/wp\/v2\/pages"}],"about":[{"href":"https:\/\/test.mistermagic.it\/fr\/wp-json\/wp\/v2\/types\/page"}],"author":[{"embeddable":true,"href":"https:\/\/test.mistermagic.it\/fr\/wp-json\/wp\/v2\/users\/1"}],"replies":[{"embeddable":true,"href":"https:\/\/test.mistermagic.it\/fr\/wp-json\/wp\/v2\/comments?post=7654"}],"version-history":[{"count":12,"href":"https:\/\/test.mistermagic.it\/fr\/wp-json\/wp\/v2\/pages\/7654\/revisions"}],"predecessor-version":[{"id":9486,"href":"https:\/\/test.mistermagic.it\/fr\/wp-json\/wp\/v2\/pages\/7654\/revisions\/9486"}],"wp:attachment":[{"href":"https:\/\/test.mistermagic.it\/fr\/wp-json\/wp\/v2\/media?parent=7654"}],"curies":[{"name":"wp","href":"https:\/\/api.w.org\/{rel}","templated":true}]}}