{"id":7683,"date":"2020-05-12T10:10:59","date_gmt":"2020-05-12T10:10:59","guid":{"rendered":"http:\/\/workingfor03.net\/webperformance\/mmagic\/prodotti-mister-magic\/"},"modified":"2022-10-18T10:37:05","modified_gmt":"2022-10-18T10:37:05","slug":"produits-mister-magic","status":"publish","type":"page","link":"https:\/\/test.mistermagic.it\/fr\/produits-mister-magic\/","title":{"rendered":"Produits mister magic"},"content":{"rendered":"","protected":false},"excerpt":{"rendered":"","protected":false},"author":1,"featured_media":0,"parent":0,"menu_order":0,"comment_status":"closed","ping_status":"closed","template":"page-prodotti.php","meta":{"footnotes":""},"acf":[],"yoast_head":"<!-- This site is optimized with the Yoast SEO plugin v21.5 - https:\/\/yoast.com\/wordpress\/plugins\/seo\/ -->\n<title>Produits de d\u00e9sodorisation et de nettoyage pour la maison - Mister Magic<\/title>\n<meta name=\"description\" content=\"4 gammes compl\u00e8tes de produits sp\u00e9cifiques et efficaces pour d\u00e9sodoriser et nettoyer votre maison. D\u00e9couvrez vos alli\u00e9s dans la maison !\" \/>\n<meta name=\"robots\" content=\"noindex, follow, max-snippet:-1, max-image-preview:large, max-video-preview:-1\" \/>\n<meta property=\"og:locale\" content=\"fr_FR\" \/>\n<meta property=\"og:type\" content=\"article\" \/>\n<meta property=\"og:title\" content=\"Produits de d\u00e9sodorisation et de nettoyage pour la maison - Mister Magic\" \/>\n<meta property=\"og:description\" content=\"4 gammes compl\u00e8tes de produits sp\u00e9cifiques et efficaces pour d\u00e9sodoriser et nettoyer votre maison. D\u00e9couvrez vos alli\u00e9s dans la maison !\" \/>\n<meta property=\"og:url\" content=\"https:\/\/test.mistermagic.it\/fr\/produits-mister-magic\/\" \/>\n<meta property=\"og:site_name\" content=\"Mister Magic\" \/>\n<meta property=\"article:modified_time\" content=\"2022-10-18T10:37:05+00:00\" \/>\n<meta name=\"twitter:card\" content=\"summary_large_image\" \/>\n<script type=\"application\/ld+json\" class=\"yoast-schema-graph\">{\"@context\":\"https:\/\/schema.org\",\"@graph\":[{\"@type\":\"WebPage\",\"@id\":\"https:\/\/test.mistermagic.it\/fr\/produits-mister-magic\/\",\"url\":\"https:\/\/test.mistermagic.it\/fr\/produits-mister-magic\/\",\"name\":\"Produits de d\u00e9sodorisation et de nettoyage pour la maison - Mister Magic\",\"isPartOf\":{\"@id\":\"https:\/\/test.mistermagic.it\/fr\/#website\"},\"datePublished\":\"2020-05-12T10:10:59+00:00\",\"dateModified\":\"2022-10-18T10:37:05+00:00\",\"description\":\"4 gammes compl\u00e8tes de produits sp\u00e9cifiques et efficaces pour d\u00e9sodoriser et nettoyer votre maison. D\u00e9couvrez vos alli\u00e9s dans la maison !\",\"breadcrumb\":{\"@id\":\"https:\/\/test.mistermagic.it\/fr\/produits-mister-magic\/#breadcrumb\"},\"inLanguage\":\"fr-FR\",\"potentialAction\":[{\"@type\":\"ReadAction\",\"target\":[\"https:\/\/test.mistermagic.it\/fr\/produits-mister-magic\/\"]}]},{\"@type\":\"BreadcrumbList\",\"@id\":\"https:\/\/test.mistermagic.it\/fr\/produits-mister-magic\/#breadcrumb\",\"itemListElement\":[{\"@type\":\"ListItem\",\"position\":1,\"name\":\"Home\",\"item\":\"https:\/\/test.mistermagic.it\/fr\/\"},{\"@type\":\"ListItem\",\"position\":2,\"name\":\"Produits mister magic\"}]},{\"@type\":\"WebSite\",\"@id\":\"https:\/\/test.mistermagic.it\/fr\/#website\",\"url\":\"https:\/\/test.mistermagic.it\/fr\/\",\"name\":\"Mister Magic\",\"description\":\"Votre alli\u00e9 dans la maison\\n\",\"publisher\":{\"@id\":\"https:\/\/test.mistermagic.it\/fr\/#organization\"},\"potentialAction\":[{\"@type\":\"SearchAction\",\"target\":{\"@type\":\"EntryPoint\",\"urlTemplate\":\"https:\/\/test.mistermagic.it\/fr\/?s={search_term_string}\"},\"query-input\":\"required name=search_term_string\"}],\"inLanguage\":\"fr-FR\"},{\"@type\":\"Organization\",\"@id\":\"https:\/\/test.mistermagic.it\/fr\/#organization\",\"name\":\"Mister Magic\",\"url\":\"https:\/\/test.mistermagic.it\/fr\/\",\"logo\":{\"@type\":\"ImageObject\",\"inLanguage\":\"fr-FR\",\"@id\":\"https:\/\/test.mistermagic.it\/fr\/#\/schema\/logo\/image\/\",\"url\":\"https:\/\/test.mistermagic.it\/wp-content\/uploads\/2020\/02\/LOGO-PER-REGISTRAZIONE_MISTER-MAGIC-01.png\",\"contentUrl\":\"https:\/\/test.mistermagic.it\/wp-content\/uploads\/2020\/02\/LOGO-PER-REGISTRAZIONE_MISTER-MAGIC-01.png\",\"width\":153,\"height\":107,\"caption\":\"Mister Magic\"},\"image\":{\"@id\":\"https:\/\/test.mistermagic.it\/fr\/#\/schema\/logo\/image\/\"}}]}<\/script>\n<!-- \/ Yoast SEO plugin. -->","yoast_head_json":{"title":"Produits de d\u00e9sodorisation et de nettoyage pour la maison - Mister Magic","description":"4 gammes compl\u00e8tes de produits sp\u00e9cifiques et efficaces pour d\u00e9sodoriser et nettoyer votre maison. D\u00e9couvrez vos alli\u00e9s dans la maison !","robots":{"index":"noindex","follow":"follow","max-snippet":"max-snippet:-1","max-image-preview":"max-image-preview:large","max-video-preview":"max-video-preview:-1"},"og_locale":"fr_FR","og_type":"article","og_title":"Produits de d\u00e9sodorisation et de nettoyage pour la maison - Mister Magic","og_description":"4 gammes compl\u00e8tes de produits sp\u00e9cifiques et efficaces pour d\u00e9sodoriser et nettoyer votre maison. D\u00e9couvrez vos alli\u00e9s dans la maison !","og_url":"https:\/\/test.mistermagic.it\/fr\/produits-mister-magic\/","og_site_name":"Mister Magic","article_modified_time":"2022-10-18T10:37:05+00:00","twitter_card":"summary_large_image","schema":{"@context":"https:\/\/schema.org","@graph":[{"@type":"WebPage","@id":"https:\/\/test.mistermagic.it\/fr\/produits-mister-magic\/","url":"https:\/\/test.mistermagic.it\/fr\/produits-mister-magic\/","name":"Produits de d\u00e9sodorisation et de nettoyage pour la maison - Mister Magic","isPartOf":{"@id":"https:\/\/test.mistermagic.it\/fr\/#website"},"datePublished":"2020-05-12T10:10:59+00:00","dateModified":"2022-10-18T10:37:05+00:00","description":"4 gammes compl\u00e8tes de produits sp\u00e9cifiques et efficaces pour d\u00e9sodoriser et nettoyer votre maison. D\u00e9couvrez vos alli\u00e9s dans la maison !","breadcrumb":{"@id":"https:\/\/test.mistermagic.it\/fr\/produits-mister-magic\/#breadcrumb"},"inLanguage":"fr-FR","potentialAction":[{"@type":"ReadAction","target":["https:\/\/test.mistermagic.it\/fr\/produits-mister-magic\/"]}]},{"@type":"BreadcrumbList","@id":"https:\/\/test.mistermagic.it\/fr\/produits-mister-magic\/#breadcrumb","itemListElement":[{"@type":"ListItem","position":1,"name":"Home","item":"https:\/\/test.mistermagic.it\/fr\/"},{"@type":"ListItem","position":2,"name":"Produits mister magic"}]},{"@type":"WebSite","@id":"https:\/\/test.mistermagic.it\/fr\/#website","url":"https:\/\/test.mistermagic.it\/fr\/","name":"Mister Magic","description":"Votre alli\u00e9 dans la maison\n","publisher":{"@id":"https:\/\/test.mistermagic.it\/fr\/#organization"},"potentialAction":[{"@type":"SearchAction","target":{"@type":"EntryPoint","urlTemplate":"https:\/\/test.mistermagic.it\/fr\/?s={search_term_string}"},"query-input":"required name=search_term_string"}],"inLanguage":"fr-FR"},{"@type":"Organization","@id":"https:\/\/test.mistermagic.it\/fr\/#organization","name":"Mister Magic","url":"https:\/\/test.mistermagic.it\/fr\/","logo":{"@type":"ImageObject","inLanguage":"fr-FR","@id":"https:\/\/test.mistermagic.it\/fr\/#\/schema\/logo\/image\/","url":"https:\/\/test.mistermagic.it\/wp-content\/uploads\/2020\/02\/LOGO-PER-REGISTRAZIONE_MISTER-MAGIC-01.png","contentUrl":"https:\/\/test.mistermagic.it\/wp-content\/uploads\/2020\/02\/LOGO-PER-REGISTRAZIONE_MISTER-MAGIC-01.png","width":153,"height":107,"caption":"Mister Magic"},"image":{"@id":"https:\/\/test.mistermagic.it\/fr\/#\/schema\/logo\/image\/"}}]}},"_links":{"self":[{"href":"https:\/\/test.mistermagic.it\/fr\/wp-json\/wp\/v2\/pages\/7683"}],"collection":[{"href":"https:\/\/test.mistermagic.it\/fr\/wp-json\/wp\/v2\/pages"}],"about":[{"href":"https:\/\/test.mistermagic.it\/fr\/wp-json\/wp\/v2\/types\/page"}],"author":[{"embeddable":true,"href":"https:\/\/test.mistermagic.it\/fr\/wp-json\/wp\/v2\/users\/1"}],"replies":[{"embeddable":true,"href":"https:\/\/test.mistermagic.it\/fr\/wp-json\/wp\/v2\/comments?post=7683"}],"version-history":[{"count":6,"href":"https:\/\/test.mistermagic.it\/fr\/wp-json\/wp\/v2\/pages\/7683\/revisions"}],"predecessor-version":[{"id":9563,"href":"https:\/\/test.mistermagic.it\/fr\/wp-json\/wp\/v2\/pages\/7683\/revisions\/9563"}],"wp:attachment":[{"href":"https:\/\/test.mistermagic.it\/fr\/wp-json\/wp\/v2\/media?parent=7683"}],"curies":[{"name":"wp","href":"https:\/\/api.w.org\/{rel}","templated":true}]}}