{"id":7687,"date":"2020-02-17T13:10:59","date_gmt":"2020-02-17T13:10:59","guid":{"rendered":"http:\/\/workingfor03.net\/webperformance\/mmagic\/ricerca-e-sviluppo\/"},"modified":"2022-01-21T09:19:59","modified_gmt":"2022-01-21T09:19:59","slug":"recherche-et-developpement","status":"publish","type":"page","link":"https:\/\/test.mistermagic.it\/fr\/recherche-et-developpement\/","title":{"rendered":"RECHERCHE ET D\u00c9VELOPPEMENT"},"content":{"rendered":"<h2>Le mot d&rsquo;ordre\u00a0: Innovation\u00a0!<\/h2>\n<p>La<strong> capacit\u00e9 d&rsquo;innover<\/strong> rev\u00eat un r\u00f4le toujours plus crucial, y compris sur le march\u00e9 des produits pour le nettoyage et la d\u00e9sodorisation de la maison.<\/p>\n<p>Voil\u00e0 pourquoi, dans notre d\u00e9partement consacr\u00e9 \u00e0 la Recherche et au D\u00e9veloppement (R&amp;D), nous nous occupons d&rsquo;\u00e9tudier et de d\u00e9velopper des f<strong>ormules innovantes et \u00e0 la pointe du progr\u00e8s<\/strong>.<\/p>\n<p>Comme notre <strong>Mol\u00e9cule exclusive d&rsquo;absorption<\/strong> des odeurs, qui emprisonne et absorbe les particules des mauvaises odeurs, en les \u00e9liminant des surfaces et des milieux.<\/p>\n<p>Il s&rsquo;agit de l&rsquo;ingr\u00e9dient principal des solutions de Mister Magic<sup>\u00ae<\/sup> pour la d\u00e9sodorisation, qui les rend efficaces et en mesure de fournir des <strong>r\u00e9sultats toujours satisfaisants<\/strong>.<\/p>\n","protected":false},"excerpt":{"rendered":"<p>Le mot d&rsquo;ordre\u00a0: Innovation\u00a0! La capacit\u00e9 d&rsquo;innover rev\u00eat un r\u00f4le toujours plus crucial, y compris sur le march\u00e9 des produits pour le nettoyage et la d\u00e9sodorisation de la maison. Voil\u00e0 pourquoi, dans notre d\u00e9partement consacr\u00e9 \u00e0 la Recherche et au D\u00e9veloppement (R&amp;D), nous nous occupons d&rsquo;\u00e9tudier et de d\u00e9velopper des formules innovantes et \u00e0 la [&hellip;]<\/p>\n","protected":false},"author":1,"featured_media":0,"parent":0,"menu_order":0,"comment_status":"closed","ping_status":"closed","template":"interna-page.php","meta":{"footnotes":""},"acf":[],"yoast_head":"<!-- This site is optimized with the Yoast SEO plugin v21.5 - https:\/\/yoast.com\/wordpress\/plugins\/seo\/ -->\n<title>RECHERCHE ET D\u00c9VELOPPEMENT - Mister Magic<\/title>\n<meta name=\"description\" content=\"La capacit\u00e9 d&#039;innovation joue \u00e9galement un r\u00f4le de plus en plus crucial sur le march\u00e9 des produits d&#039;entretien et de d\u00e9sodorisation pour la maison.\" \/>\n<meta name=\"robots\" content=\"noindex, follow, max-snippet:-1, max-image-preview:large, max-video-preview:-1\" \/>\n<meta property=\"og:locale\" content=\"fr_FR\" \/>\n<meta property=\"og:type\" content=\"article\" \/>\n<meta property=\"og:title\" content=\"RECHERCHE ET D\u00c9VELOPPEMENT - Mister Magic\" \/>\n<meta property=\"og:description\" content=\"La capacit\u00e9 d&#039;innovation joue \u00e9galement un r\u00f4le de plus en plus crucial sur le march\u00e9 des produits d&#039;entretien et de d\u00e9sodorisation pour la maison.\" \/>\n<meta property=\"og:url\" content=\"https:\/\/test.mistermagic.it\/fr\/recherche-et-developpement\/\" \/>\n<meta property=\"og:site_name\" content=\"Mister Magic\" \/>\n<meta property=\"article:modified_time\" content=\"2022-01-21T09:19:59+00:00\" \/>\n<meta name=\"twitter:card\" content=\"summary_large_image\" \/>\n<meta name=\"twitter:label1\" content=\"Dur\u00e9e de lecture estim\u00e9e\" \/>\n\t<meta name=\"twitter:data1\" content=\"1 minute\" \/>\n<script type=\"application\/ld+json\" class=\"yoast-schema-graph\">{\"@context\":\"https:\/\/schema.org\",\"@graph\":[{\"@type\":\"WebPage\",\"@id\":\"https:\/\/test.mistermagic.it\/fr\/recherche-et-developpement\/\",\"url\":\"https:\/\/test.mistermagic.it\/fr\/recherche-et-developpement\/\",\"name\":\"RECHERCHE ET D\u00c9VELOPPEMENT - Mister Magic\",\"isPartOf\":{\"@id\":\"https:\/\/test.mistermagic.it\/fr\/#website\"},\"datePublished\":\"2020-02-17T13:10:59+00:00\",\"dateModified\":\"2022-01-21T09:19:59+00:00\",\"description\":\"La capacit\u00e9 d'innovation joue \u00e9galement un r\u00f4le de plus en plus crucial sur le march\u00e9 des produits d'entretien et de d\u00e9sodorisation pour la maison.\",\"breadcrumb\":{\"@id\":\"https:\/\/test.mistermagic.it\/fr\/recherche-et-developpement\/#breadcrumb\"},\"inLanguage\":\"fr-FR\",\"potentialAction\":[{\"@type\":\"ReadAction\",\"target\":[\"https:\/\/test.mistermagic.it\/fr\/recherche-et-developpement\/\"]}]},{\"@type\":\"BreadcrumbList\",\"@id\":\"https:\/\/test.mistermagic.it\/fr\/recherche-et-developpement\/#breadcrumb\",\"itemListElement\":[{\"@type\":\"ListItem\",\"position\":1,\"name\":\"Home\",\"item\":\"https:\/\/test.mistermagic.it\/fr\/\"},{\"@type\":\"ListItem\",\"position\":2,\"name\":\"RECHERCHE ET D\u00c9VELOPPEMENT\"}]},{\"@type\":\"WebSite\",\"@id\":\"https:\/\/test.mistermagic.it\/fr\/#website\",\"url\":\"https:\/\/test.mistermagic.it\/fr\/\",\"name\":\"Mister Magic\",\"description\":\"Votre alli\u00e9 dans la maison\\n\",\"publisher\":{\"@id\":\"https:\/\/test.mistermagic.it\/fr\/#organization\"},\"potentialAction\":[{\"@type\":\"SearchAction\",\"target\":{\"@type\":\"EntryPoint\",\"urlTemplate\":\"https:\/\/test.mistermagic.it\/fr\/?s={search_term_string}\"},\"query-input\":\"required name=search_term_string\"}],\"inLanguage\":\"fr-FR\"},{\"@type\":\"Organization\",\"@id\":\"https:\/\/test.mistermagic.it\/fr\/#organization\",\"name\":\"Mister Magic\",\"url\":\"https:\/\/test.mistermagic.it\/fr\/\",\"logo\":{\"@type\":\"ImageObject\",\"inLanguage\":\"fr-FR\",\"@id\":\"https:\/\/test.mistermagic.it\/fr\/#\/schema\/logo\/image\/\",\"url\":\"https:\/\/test.mistermagic.it\/wp-content\/uploads\/2020\/02\/LOGO-PER-REGISTRAZIONE_MISTER-MAGIC-01.png\",\"contentUrl\":\"https:\/\/test.mistermagic.it\/wp-content\/uploads\/2020\/02\/LOGO-PER-REGISTRAZIONE_MISTER-MAGIC-01.png\",\"width\":153,\"height\":107,\"caption\":\"Mister Magic\"},\"image\":{\"@id\":\"https:\/\/test.mistermagic.it\/fr\/#\/schema\/logo\/image\/\"}}]}<\/script>\n<!-- \/ Yoast SEO plugin. -->","yoast_head_json":{"title":"RECHERCHE ET D\u00c9VELOPPEMENT - Mister Magic","description":"La capacit\u00e9 d'innovation joue \u00e9galement un r\u00f4le de plus en plus crucial sur le march\u00e9 des produits d'entretien et de d\u00e9sodorisation pour la maison.","robots":{"index":"noindex","follow":"follow","max-snippet":"max-snippet:-1","max-image-preview":"max-image-preview:large","max-video-preview":"max-video-preview:-1"},"og_locale":"fr_FR","og_type":"article","og_title":"RECHERCHE ET D\u00c9VELOPPEMENT - Mister Magic","og_description":"La capacit\u00e9 d'innovation joue \u00e9galement un r\u00f4le de plus en plus crucial sur le march\u00e9 des produits d'entretien et de d\u00e9sodorisation pour la maison.","og_url":"https:\/\/test.mistermagic.it\/fr\/recherche-et-developpement\/","og_site_name":"Mister Magic","article_modified_time":"2022-01-21T09:19:59+00:00","twitter_card":"summary_large_image","twitter_misc":{"Dur\u00e9e de lecture estim\u00e9e":"1 minute"},"schema":{"@context":"https:\/\/schema.org","@graph":[{"@type":"WebPage","@id":"https:\/\/test.mistermagic.it\/fr\/recherche-et-developpement\/","url":"https:\/\/test.mistermagic.it\/fr\/recherche-et-developpement\/","name":"RECHERCHE ET D\u00c9VELOPPEMENT - Mister Magic","isPartOf":{"@id":"https:\/\/test.mistermagic.it\/fr\/#website"},"datePublished":"2020-02-17T13:10:59+00:00","dateModified":"2022-01-21T09:19:59+00:00","description":"La capacit\u00e9 d'innovation joue \u00e9galement un r\u00f4le de plus en plus crucial sur le march\u00e9 des produits d'entretien et de d\u00e9sodorisation pour la maison.","breadcrumb":{"@id":"https:\/\/test.mistermagic.it\/fr\/recherche-et-developpement\/#breadcrumb"},"inLanguage":"fr-FR","potentialAction":[{"@type":"ReadAction","target":["https:\/\/test.mistermagic.it\/fr\/recherche-et-developpement\/"]}]},{"@type":"BreadcrumbList","@id":"https:\/\/test.mistermagic.it\/fr\/recherche-et-developpement\/#breadcrumb","itemListElement":[{"@type":"ListItem","position":1,"name":"Home","item":"https:\/\/test.mistermagic.it\/fr\/"},{"@type":"ListItem","position":2,"name":"RECHERCHE ET D\u00c9VELOPPEMENT"}]},{"@type":"WebSite","@id":"https:\/\/test.mistermagic.it\/fr\/#website","url":"https:\/\/test.mistermagic.it\/fr\/","name":"Mister Magic","description":"Votre alli\u00e9 dans la maison\n","publisher":{"@id":"https:\/\/test.mistermagic.it\/fr\/#organization"},"potentialAction":[{"@type":"SearchAction","target":{"@type":"EntryPoint","urlTemplate":"https:\/\/test.mistermagic.it\/fr\/?s={search_term_string}"},"query-input":"required name=search_term_string"}],"inLanguage":"fr-FR"},{"@type":"Organization","@id":"https:\/\/test.mistermagic.it\/fr\/#organization","name":"Mister Magic","url":"https:\/\/test.mistermagic.it\/fr\/","logo":{"@type":"ImageObject","inLanguage":"fr-FR","@id":"https:\/\/test.mistermagic.it\/fr\/#\/schema\/logo\/image\/","url":"https:\/\/test.mistermagic.it\/wp-content\/uploads\/2020\/02\/LOGO-PER-REGISTRAZIONE_MISTER-MAGIC-01.png","contentUrl":"https:\/\/test.mistermagic.it\/wp-content\/uploads\/2020\/02\/LOGO-PER-REGISTRAZIONE_MISTER-MAGIC-01.png","width":153,"height":107,"caption":"Mister Magic"},"image":{"@id":"https:\/\/test.mistermagic.it\/fr\/#\/schema\/logo\/image\/"}}]}},"_links":{"self":[{"href":"https:\/\/test.mistermagic.it\/fr\/wp-json\/wp\/v2\/pages\/7687"}],"collection":[{"href":"https:\/\/test.mistermagic.it\/fr\/wp-json\/wp\/v2\/pages"}],"about":[{"href":"https:\/\/test.mistermagic.it\/fr\/wp-json\/wp\/v2\/types\/page"}],"author":[{"embeddable":true,"href":"https:\/\/test.mistermagic.it\/fr\/wp-json\/wp\/v2\/users\/1"}],"replies":[{"embeddable":true,"href":"https:\/\/test.mistermagic.it\/fr\/wp-json\/wp\/v2\/comments?post=7687"}],"version-history":[{"count":6,"href":"https:\/\/test.mistermagic.it\/fr\/wp-json\/wp\/v2\/pages\/7687\/revisions"}],"predecessor-version":[{"id":9377,"href":"https:\/\/test.mistermagic.it\/fr\/wp-json\/wp\/v2\/pages\/7687\/revisions\/9377"}],"wp:attachment":[{"href":"https:\/\/test.mistermagic.it\/fr\/wp-json\/wp\/v2\/media?parent=7687"}],"curies":[{"name":"wp","href":"https:\/\/api.w.org\/{rel}","templated":true}]}}