{"id":8131,"date":"2020-01-31T13:57:11","date_gmt":"2020-01-31T13:57:11","guid":{"rendered":"http:\/\/workingfor03.net\/webperformance\/mmagic\/privacy-policy\/"},"modified":"2021-09-22T08:41:41","modified_gmt":"2021-09-22T08:41:41","slug":"privacy-policy","status":"publish","type":"page","link":"https:\/\/test.mistermagic.it\/fr\/privacy-policy\/","title":{"rendered":"Privacy Policy"},"content":{"rendered":"\r\n<h2 class=\"wp-block-heading\">Nous nous soucions de vos donn\u00e9es<\/h2>\r\n<p>Vos donn\u00e9es nous sont tr\u00e8s pr\u00e9cieuses et nous tenons \u00e0 respecter votre vie priv\u00e9e. Pour cette raison, nous ne les vendrons jamais \u00e0 des tiers, que ce soit gratuitement ou contre r\u00e9mun\u00e9ration. Nous les utiliserons exclusivement pour les initiatives de ce site et pour les raisons pour lesquelles vous nous avez contact\u00e9s avec un commentaire, en remplissant un formulaire ou en nous envoyant un e-mail. Vous pouvez \u00e0 tout moment nous demander de supprimer vos donn\u00e9es de nos archives ou, le cas \u00e9ch\u00e9ant, de les modifier. Nous vous remercions de la confiance que vous nous accordez et restons \u00e0 votre disposition pour toute autre demande d&rsquo;information.<\/p>\r\n<p><strong>Tous les d\u00e9tails relatifs \u00e0 la gestion de vos donn\u00e9es personnelles se trouvent ici:<\/strong><\/p>\r\n<p><b><a class=\"iubenda-white no-brand iubenda-noiframe iubenda-embed iubenda-noiframe \" title=\"Politique de confidentialit\u00e9 \" href=\"https:\/\/www.iubenda.com\/privacy-policy\/56195448\" target=\"_blank\" rel=\"noopener\">Politique de confidentialit\u00e9<\/a><script type=\"text\/javascript\">(function (w,d) {var loader = function () {var s = d.createElement(\"script\"), tag = d.getElementsByTagName(\"script\")[0]; s.src=https:\/\/cdn.iubenda.com\/iubenda.js; tag.parentNode.insertBefore(s,tag);}; if(w.addEventListener){w.addEventListener(\"load\", loader, false);}else if(w.attachEvent){w.attachEvent(\"onload\", loader);}else{w.onload = loader;}})(window, document);<\/script><br \/><b><a class=\"iubenda-white no-brand iubenda-noiframe iubenda-embed iubenda-noiframe \" title=\"Politique relative aux cookies \" href=\"https:\/\/www.iubenda.com\/privacy-policy\/56195448\/cookie-policy\" target=\"_blank\" rel=\"noopener\">Politique relative aux cookies<\/a><script type=\"text\/javascript\">(function (w,d) {var loader = function () {var s = d.createElement(\"script\"), tag = d.getElementsByTagName(\"script\")[0]; s.src=https:\/\/cdn.iubenda.com\/iubenda.js; tag.parentNode.insertBefore(s,tag);}; if(w.addEventListener){w.addEventListener(\"load\", loader, false);}else if(w.attachEvent){w.attachEvent(\"onload\", loader);}else{w.onload = loader;}})(window,<span data-mce-type=\"bookmark\" style=\"display: inline-block; width: 0px; overflow: hidden; line-height: 0;\" class=\"mce_SELRES_start\">\ufeff<\/span> document);<\/script><\/b><\/b><\/p>","protected":false},"excerpt":{"rendered":"<p>Nous nous soucions de vos donn\u00e9es Vos donn\u00e9es nous sont tr\u00e8s pr\u00e9cieuses et nous tenons \u00e0 respecter votre vie priv\u00e9e. Pour cette raison, nous ne les vendrons jamais \u00e0 des tiers, que ce soit gratuitement ou contre r\u00e9mun\u00e9ration. Nous les utiliserons exclusivement pour les initiatives de ce site et pour les raisons pour lesquelles vous [&hellip;]<\/p>\n","protected":false},"author":1,"featured_media":0,"parent":0,"menu_order":0,"comment_status":"closed","ping_status":"open","template":"","meta":{"footnotes":""},"acf":[],"yoast_head":"<!-- This site is optimized with the Yoast SEO plugin v21.5 - https:\/\/yoast.com\/wordpress\/plugins\/seo\/ -->\n<title>Privacy Policy - Mister Magic<\/title>\n<meta name=\"description\" content=\"Nous nous soucions de vos donn\u00e9es Vos donn\u00e9es nous sont tr\u00e8s pr\u00e9cieuses et nous tenons \u00e0 respecter votre vie priv\u00e9e. Pour cette raison, nous ne les\" \/>\n<meta name=\"robots\" content=\"noindex, follow, max-snippet:-1, max-image-preview:large, max-video-preview:-1\" \/>\n<meta property=\"og:locale\" content=\"fr_FR\" \/>\n<meta property=\"og:type\" content=\"article\" \/>\n<meta property=\"og:title\" content=\"Privacy Policy - Mister Magic\" \/>\n<meta property=\"og:description\" content=\"Nous nous soucions de vos donn\u00e9es Vos donn\u00e9es nous sont tr\u00e8s pr\u00e9cieuses et nous tenons \u00e0 respecter votre vie priv\u00e9e. Pour cette raison, nous ne les\" \/>\n<meta property=\"og:url\" content=\"https:\/\/test.mistermagic.it\/fr\/privacy-policy\/\" \/>\n<meta property=\"og:site_name\" content=\"Mister Magic\" \/>\n<meta property=\"article:modified_time\" content=\"2021-09-22T08:41:41+00:00\" \/>\n<meta name=\"twitter:card\" content=\"summary_large_image\" \/>\n<meta name=\"twitter:label1\" content=\"Dur\u00e9e de lecture estim\u00e9e\" \/>\n\t<meta name=\"twitter:data1\" content=\"1 minute\" \/>\n<script type=\"application\/ld+json\" class=\"yoast-schema-graph\">{\"@context\":\"https:\/\/schema.org\",\"@graph\":[{\"@type\":\"WebPage\",\"@id\":\"https:\/\/test.mistermagic.it\/fr\/privacy-policy\/\",\"url\":\"https:\/\/test.mistermagic.it\/fr\/privacy-policy\/\",\"name\":\"Privacy Policy - Mister Magic\",\"isPartOf\":{\"@id\":\"https:\/\/test.mistermagic.it\/fr\/#website\"},\"datePublished\":\"2020-01-31T13:57:11+00:00\",\"dateModified\":\"2021-09-22T08:41:41+00:00\",\"description\":\"Nous nous soucions de vos donn\u00e9es Vos donn\u00e9es nous sont tr\u00e8s pr\u00e9cieuses et nous tenons \u00e0 respecter votre vie priv\u00e9e. Pour cette raison, nous ne les\",\"breadcrumb\":{\"@id\":\"https:\/\/test.mistermagic.it\/fr\/privacy-policy\/#breadcrumb\"},\"inLanguage\":\"fr-FR\",\"potentialAction\":[{\"@type\":\"ReadAction\",\"target\":[\"https:\/\/test.mistermagic.it\/fr\/privacy-policy\/\"]}]},{\"@type\":\"BreadcrumbList\",\"@id\":\"https:\/\/test.mistermagic.it\/fr\/privacy-policy\/#breadcrumb\",\"itemListElement\":[{\"@type\":\"ListItem\",\"position\":1,\"name\":\"Home\",\"item\":\"https:\/\/test.mistermagic.it\/fr\/\"},{\"@type\":\"ListItem\",\"position\":2,\"name\":\"Privacy Policy\"}]},{\"@type\":\"WebSite\",\"@id\":\"https:\/\/test.mistermagic.it\/fr\/#website\",\"url\":\"https:\/\/test.mistermagic.it\/fr\/\",\"name\":\"Mister Magic\",\"description\":\"Votre alli\u00e9 dans la maison\\n\",\"publisher\":{\"@id\":\"https:\/\/test.mistermagic.it\/fr\/#organization\"},\"potentialAction\":[{\"@type\":\"SearchAction\",\"target\":{\"@type\":\"EntryPoint\",\"urlTemplate\":\"https:\/\/test.mistermagic.it\/fr\/?s={search_term_string}\"},\"query-input\":\"required name=search_term_string\"}],\"inLanguage\":\"fr-FR\"},{\"@type\":\"Organization\",\"@id\":\"https:\/\/test.mistermagic.it\/fr\/#organization\",\"name\":\"Mister Magic\",\"url\":\"https:\/\/test.mistermagic.it\/fr\/\",\"logo\":{\"@type\":\"ImageObject\",\"inLanguage\":\"fr-FR\",\"@id\":\"https:\/\/test.mistermagic.it\/fr\/#\/schema\/logo\/image\/\",\"url\":\"https:\/\/test.mistermagic.it\/wp-content\/uploads\/2020\/02\/LOGO-PER-REGISTRAZIONE_MISTER-MAGIC-01.png\",\"contentUrl\":\"https:\/\/test.mistermagic.it\/wp-content\/uploads\/2020\/02\/LOGO-PER-REGISTRAZIONE_MISTER-MAGIC-01.png\",\"width\":153,\"height\":107,\"caption\":\"Mister Magic\"},\"image\":{\"@id\":\"https:\/\/test.mistermagic.it\/fr\/#\/schema\/logo\/image\/\"}}]}<\/script>\n<!-- \/ Yoast SEO plugin. -->","yoast_head_json":{"title":"Privacy Policy - Mister Magic","description":"Nous nous soucions de vos donn\u00e9es Vos donn\u00e9es nous sont tr\u00e8s pr\u00e9cieuses et nous tenons \u00e0 respecter votre vie priv\u00e9e. Pour cette raison, nous ne les","robots":{"index":"noindex","follow":"follow","max-snippet":"max-snippet:-1","max-image-preview":"max-image-preview:large","max-video-preview":"max-video-preview:-1"},"og_locale":"fr_FR","og_type":"article","og_title":"Privacy Policy - Mister Magic","og_description":"Nous nous soucions de vos donn\u00e9es Vos donn\u00e9es nous sont tr\u00e8s pr\u00e9cieuses et nous tenons \u00e0 respecter votre vie priv\u00e9e. Pour cette raison, nous ne les","og_url":"https:\/\/test.mistermagic.it\/fr\/privacy-policy\/","og_site_name":"Mister Magic","article_modified_time":"2021-09-22T08:41:41+00:00","twitter_card":"summary_large_image","twitter_misc":{"Dur\u00e9e de lecture estim\u00e9e":"1 minute"},"schema":{"@context":"https:\/\/schema.org","@graph":[{"@type":"WebPage","@id":"https:\/\/test.mistermagic.it\/fr\/privacy-policy\/","url":"https:\/\/test.mistermagic.it\/fr\/privacy-policy\/","name":"Privacy Policy - Mister Magic","isPartOf":{"@id":"https:\/\/test.mistermagic.it\/fr\/#website"},"datePublished":"2020-01-31T13:57:11+00:00","dateModified":"2021-09-22T08:41:41+00:00","description":"Nous nous soucions de vos donn\u00e9es Vos donn\u00e9es nous sont tr\u00e8s pr\u00e9cieuses et nous tenons \u00e0 respecter votre vie priv\u00e9e. Pour cette raison, nous ne les","breadcrumb":{"@id":"https:\/\/test.mistermagic.it\/fr\/privacy-policy\/#breadcrumb"},"inLanguage":"fr-FR","potentialAction":[{"@type":"ReadAction","target":["https:\/\/test.mistermagic.it\/fr\/privacy-policy\/"]}]},{"@type":"BreadcrumbList","@id":"https:\/\/test.mistermagic.it\/fr\/privacy-policy\/#breadcrumb","itemListElement":[{"@type":"ListItem","position":1,"name":"Home","item":"https:\/\/test.mistermagic.it\/fr\/"},{"@type":"ListItem","position":2,"name":"Privacy Policy"}]},{"@type":"WebSite","@id":"https:\/\/test.mistermagic.it\/fr\/#website","url":"https:\/\/test.mistermagic.it\/fr\/","name":"Mister Magic","description":"Votre alli\u00e9 dans la maison\n","publisher":{"@id":"https:\/\/test.mistermagic.it\/fr\/#organization"},"potentialAction":[{"@type":"SearchAction","target":{"@type":"EntryPoint","urlTemplate":"https:\/\/test.mistermagic.it\/fr\/?s={search_term_string}"},"query-input":"required name=search_term_string"}],"inLanguage":"fr-FR"},{"@type":"Organization","@id":"https:\/\/test.mistermagic.it\/fr\/#organization","name":"Mister Magic","url":"https:\/\/test.mistermagic.it\/fr\/","logo":{"@type":"ImageObject","inLanguage":"fr-FR","@id":"https:\/\/test.mistermagic.it\/fr\/#\/schema\/logo\/image\/","url":"https:\/\/test.mistermagic.it\/wp-content\/uploads\/2020\/02\/LOGO-PER-REGISTRAZIONE_MISTER-MAGIC-01.png","contentUrl":"https:\/\/test.mistermagic.it\/wp-content\/uploads\/2020\/02\/LOGO-PER-REGISTRAZIONE_MISTER-MAGIC-01.png","width":153,"height":107,"caption":"Mister Magic"},"image":{"@id":"https:\/\/test.mistermagic.it\/fr\/#\/schema\/logo\/image\/"}}]}},"_links":{"self":[{"href":"https:\/\/test.mistermagic.it\/fr\/wp-json\/wp\/v2\/pages\/8131"}],"collection":[{"href":"https:\/\/test.mistermagic.it\/fr\/wp-json\/wp\/v2\/pages"}],"about":[{"href":"https:\/\/test.mistermagic.it\/fr\/wp-json\/wp\/v2\/types\/page"}],"author":[{"embeddable":true,"href":"https:\/\/test.mistermagic.it\/fr\/wp-json\/wp\/v2\/users\/1"}],"replies":[{"embeddable":true,"href":"https:\/\/test.mistermagic.it\/fr\/wp-json\/wp\/v2\/comments?post=8131"}],"version-history":[{"count":9,"href":"https:\/\/test.mistermagic.it\/fr\/wp-json\/wp\/v2\/pages\/8131\/revisions"}],"predecessor-version":[{"id":9159,"href":"https:\/\/test.mistermagic.it\/fr\/wp-json\/wp\/v2\/pages\/8131\/revisions\/9159"}],"wp:attachment":[{"href":"https:\/\/test.mistermagic.it\/fr\/wp-json\/wp\/v2\/media?parent=8131"}],"curies":[{"name":"wp","href":"https:\/\/api.w.org\/{rel}","templated":true}]}}