{"id":7811,"date":"2020-02-21T15:44:18","date_gmt":"2020-02-21T15:44:18","guid":{"rendered":"http:\/\/workingfor03.net\/webperformance\/mmagic\/prodotti-mister-magic\/%product_category%\/decalcificante-per-macchine-da-caffe\/"},"modified":"2022-01-27T11:56:20","modified_gmt":"2022-01-27T11:56:20","slug":"detartrant-pour-machines-a-cafe","status":"publish","type":"product","link":"https:\/\/test.mistermagic.it\/fr\/produits-mister-magic\/produits-de-nettoyage-specifiques\/detartrant-pour-machines-a-cafe\/","title":{"rendered":"D\u00e9tartrant pour Machines \u00e0 Caf\u00e9"},"content":{"rendered":"","protected":false},"featured_media":7812,"parent":0,"template":"","product_category":[674],"acf":[],"yoast_head":"<!-- This site is optimized with the Yoast SEO plugin v21.5 - https:\/\/yoast.com\/wordpress\/plugins\/seo\/ -->\n<title>D\u00e9tartrant pour Machines \u00e0 Caf\u00e9 - Mister Magic<\/title>\n<meta name=\"description\" content=\"Rimuove le incrostazioni da calcare dalle macchine da caff\u00e8 e da piccoli elettrodomestici come bollitori, ferri da stiro, umidificatori d\u2019aria e molti altri\" \/>\n<meta name=\"robots\" content=\"noindex, follow, max-snippet:-1, max-image-preview:large, max-video-preview:-1\" \/>\n<meta property=\"og:locale\" content=\"fr_FR\" \/>\n<meta property=\"og:type\" content=\"article\" \/>\n<meta property=\"og:title\" content=\"D\u00e9tartrant pour Machines \u00e0 Caf\u00e9 - Mister Magic\" \/>\n<meta property=\"og:description\" content=\"Rimuove le incrostazioni da calcare dalle macchine da caff\u00e8 e da piccoli elettrodomestici come bollitori, ferri da stiro, umidificatori d\u2019aria e molti altri\" \/>\n<meta property=\"og:url\" content=\"https:\/\/test.mistermagic.it\/fr\/produits-mister-magic\/produits-de-nettoyage-specifiques\/detartrant-pour-machines-a-cafe\/\" \/>\n<meta property=\"og:site_name\" content=\"Mister Magic\" \/>\n<meta property=\"article:modified_time\" content=\"2022-01-27T11:56:20+00:00\" \/>\n<meta property=\"og:image\" content=\"https:\/\/test.mistermagic.it\/wp-content\/uploads\/2020\/02\/decalcificante.png\" \/>\n\t<meta property=\"og:image:width\" content=\"400\" \/>\n\t<meta property=\"og:image:height\" content=\"550\" \/>\n\t<meta property=\"og:image:type\" content=\"image\/png\" \/>\n<meta name=\"twitter:card\" content=\"summary_large_image\" \/>\n<script type=\"application\/ld+json\" class=\"yoast-schema-graph\">{\"@context\":\"https:\/\/schema.org\",\"@graph\":[{\"@type\":\"WebPage\",\"@id\":\"https:\/\/test.mistermagic.it\/fr\/produits-mister-magic\/produits-de-nettoyage-specifiques\/detartrant-pour-machines-a-cafe\/\",\"url\":\"https:\/\/test.mistermagic.it\/fr\/produits-mister-magic\/produits-de-nettoyage-specifiques\/detartrant-pour-machines-a-cafe\/\",\"name\":\"D\u00e9tartrant pour Machines \u00e0 Caf\u00e9 - Mister Magic\",\"isPartOf\":{\"@id\":\"https:\/\/test.mistermagic.it\/fr\/#website\"},\"datePublished\":\"2020-02-21T15:44:18+00:00\",\"dateModified\":\"2022-01-27T11:56:20+00:00\",\"description\":\"Rimuove le incrostazioni da calcare dalle macchine da caff\u00e8 e da piccoli elettrodomestici come bollitori, ferri da stiro, umidificatori d\u2019aria e molti altri\",\"breadcrumb\":{\"@id\":\"https:\/\/test.mistermagic.it\/fr\/produits-mister-magic\/produits-de-nettoyage-specifiques\/detartrant-pour-machines-a-cafe\/#breadcrumb\"},\"inLanguage\":\"fr-FR\",\"potentialAction\":[{\"@type\":\"ReadAction\",\"target\":[\"https:\/\/test.mistermagic.it\/fr\/produits-mister-magic\/produits-de-nettoyage-specifiques\/detartrant-pour-machines-a-cafe\/\"]}]},{\"@type\":\"BreadcrumbList\",\"@id\":\"https:\/\/test.mistermagic.it\/fr\/produits-mister-magic\/produits-de-nettoyage-specifiques\/detartrant-pour-machines-a-cafe\/#breadcrumb\",\"itemListElement\":[{\"@type\":\"ListItem\",\"position\":1,\"name\":\"Home\",\"item\":\"https:\/\/test.mistermagic.it\/fr\/\"},{\"@type\":\"ListItem\",\"position\":2,\"name\":\"Produits de Nettoyage Sp\u00e9cifiques\",\"item\":\"https:\/\/test.mistermagic.it\/fr\/produits-mister-magic\/produits-de-nettoyage-specifiques\/\"},{\"@type\":\"ListItem\",\"position\":3,\"name\":\"D\u00e9tartrant pour Machines \u00e0 Caf\u00e9\"}]},{\"@type\":\"WebSite\",\"@id\":\"https:\/\/test.mistermagic.it\/fr\/#website\",\"url\":\"https:\/\/test.mistermagic.it\/fr\/\",\"name\":\"Mister Magic\",\"description\":\"Votre alli\u00e9 dans la maison\\n\",\"publisher\":{\"@id\":\"https:\/\/test.mistermagic.it\/fr\/#organization\"},\"potentialAction\":[{\"@type\":\"SearchAction\",\"target\":{\"@type\":\"EntryPoint\",\"urlTemplate\":\"https:\/\/test.mistermagic.it\/fr\/?s={search_term_string}\"},\"query-input\":\"required name=search_term_string\"}],\"inLanguage\":\"fr-FR\"},{\"@type\":\"Organization\",\"@id\":\"https:\/\/test.mistermagic.it\/fr\/#organization\",\"name\":\"Mister Magic\",\"url\":\"https:\/\/test.mistermagic.it\/fr\/\",\"logo\":{\"@type\":\"ImageObject\",\"inLanguage\":\"fr-FR\",\"@id\":\"https:\/\/test.mistermagic.it\/fr\/#\/schema\/logo\/image\/\",\"url\":\"https:\/\/test.mistermagic.it\/wp-content\/uploads\/2020\/02\/LOGO-PER-REGISTRAZIONE_MISTER-MAGIC-01.png\",\"contentUrl\":\"https:\/\/test.mistermagic.it\/wp-content\/uploads\/2020\/02\/LOGO-PER-REGISTRAZIONE_MISTER-MAGIC-01.png\",\"width\":153,\"height\":107,\"caption\":\"Mister Magic\"},\"image\":{\"@id\":\"https:\/\/test.mistermagic.it\/fr\/#\/schema\/logo\/image\/\"}}]}<\/script>\n<!-- \/ Yoast SEO plugin. -->","yoast_head_json":{"title":"D\u00e9tartrant pour Machines \u00e0 Caf\u00e9 - Mister Magic","description":"Rimuove le incrostazioni da calcare dalle macchine da caff\u00e8 e da piccoli elettrodomestici come bollitori, ferri da stiro, umidificatori d\u2019aria e molti altri","robots":{"index":"noindex","follow":"follow","max-snippet":"max-snippet:-1","max-image-preview":"max-image-preview:large","max-video-preview":"max-video-preview:-1"},"og_locale":"fr_FR","og_type":"article","og_title":"D\u00e9tartrant pour Machines \u00e0 Caf\u00e9 - Mister Magic","og_description":"Rimuove le incrostazioni da calcare dalle macchine da caff\u00e8 e da piccoli elettrodomestici come bollitori, ferri da stiro, umidificatori d\u2019aria e molti altri","og_url":"https:\/\/test.mistermagic.it\/fr\/produits-mister-magic\/produits-de-nettoyage-specifiques\/detartrant-pour-machines-a-cafe\/","og_site_name":"Mister Magic","article_modified_time":"2022-01-27T11:56:20+00:00","og_image":[{"width":400,"height":550,"url":"https:\/\/test.mistermagic.it\/wp-content\/uploads\/2020\/02\/decalcificante.png","type":"image\/png"}],"twitter_card":"summary_large_image","schema":{"@context":"https:\/\/schema.org","@graph":[{"@type":"WebPage","@id":"https:\/\/test.mistermagic.it\/fr\/produits-mister-magic\/produits-de-nettoyage-specifiques\/detartrant-pour-machines-a-cafe\/","url":"https:\/\/test.mistermagic.it\/fr\/produits-mister-magic\/produits-de-nettoyage-specifiques\/detartrant-pour-machines-a-cafe\/","name":"D\u00e9tartrant pour Machines \u00e0 Caf\u00e9 - Mister Magic","isPartOf":{"@id":"https:\/\/test.mistermagic.it\/fr\/#website"},"datePublished":"2020-02-21T15:44:18+00:00","dateModified":"2022-01-27T11:56:20+00:00","description":"Rimuove le incrostazioni da calcare dalle macchine da caff\u00e8 e da piccoli elettrodomestici come bollitori, ferri da stiro, umidificatori d\u2019aria e molti altri","breadcrumb":{"@id":"https:\/\/test.mistermagic.it\/fr\/produits-mister-magic\/produits-de-nettoyage-specifiques\/detartrant-pour-machines-a-cafe\/#breadcrumb"},"inLanguage":"fr-FR","potentialAction":[{"@type":"ReadAction","target":["https:\/\/test.mistermagic.it\/fr\/produits-mister-magic\/produits-de-nettoyage-specifiques\/detartrant-pour-machines-a-cafe\/"]}]},{"@type":"BreadcrumbList","@id":"https:\/\/test.mistermagic.it\/fr\/produits-mister-magic\/produits-de-nettoyage-specifiques\/detartrant-pour-machines-a-cafe\/#breadcrumb","itemListElement":[{"@type":"ListItem","position":1,"name":"Home","item":"https:\/\/test.mistermagic.it\/fr\/"},{"@type":"ListItem","position":2,"name":"Produits de Nettoyage Sp\u00e9cifiques","item":"https:\/\/test.mistermagic.it\/fr\/produits-mister-magic\/produits-de-nettoyage-specifiques\/"},{"@type":"ListItem","position":3,"name":"D\u00e9tartrant pour Machines \u00e0 Caf\u00e9"}]},{"@type":"WebSite","@id":"https:\/\/test.mistermagic.it\/fr\/#website","url":"https:\/\/test.mistermagic.it\/fr\/","name":"Mister Magic","description":"Votre alli\u00e9 dans la maison\n","publisher":{"@id":"https:\/\/test.mistermagic.it\/fr\/#organization"},"potentialAction":[{"@type":"SearchAction","target":{"@type":"EntryPoint","urlTemplate":"https:\/\/test.mistermagic.it\/fr\/?s={search_term_string}"},"query-input":"required name=search_term_string"}],"inLanguage":"fr-FR"},{"@type":"Organization","@id":"https:\/\/test.mistermagic.it\/fr\/#organization","name":"Mister Magic","url":"https:\/\/test.mistermagic.it\/fr\/","logo":{"@type":"ImageObject","inLanguage":"fr-FR","@id":"https:\/\/test.mistermagic.it\/fr\/#\/schema\/logo\/image\/","url":"https:\/\/test.mistermagic.it\/wp-content\/uploads\/2020\/02\/LOGO-PER-REGISTRAZIONE_MISTER-MAGIC-01.png","contentUrl":"https:\/\/test.mistermagic.it\/wp-content\/uploads\/2020\/02\/LOGO-PER-REGISTRAZIONE_MISTER-MAGIC-01.png","width":153,"height":107,"caption":"Mister Magic"},"image":{"@id":"https:\/\/test.mistermagic.it\/fr\/#\/schema\/logo\/image\/"}}]}},"_links":{"self":[{"href":"https:\/\/test.mistermagic.it\/fr\/wp-json\/wp\/v2\/product\/7811"}],"collection":[{"href":"https:\/\/test.mistermagic.it\/fr\/wp-json\/wp\/v2\/product"}],"about":[{"href":"https:\/\/test.mistermagic.it\/fr\/wp-json\/wp\/v2\/types\/product"}],"wp:featuredmedia":[{"embeddable":true,"href":"https:\/\/test.mistermagic.it\/fr\/wp-json\/wp\/v2\/media\/7812"}],"wp:attachment":[{"href":"https:\/\/test.mistermagic.it\/fr\/wp-json\/wp\/v2\/media?parent=7811"}],"wp:term":[{"taxonomy":"product_category","embeddable":true,"href":"https:\/\/test.mistermagic.it\/fr\/wp-json\/wp\/v2\/product_category?post=7811"}],"curies":[{"name":"wp","href":"https:\/\/api.w.org\/{rel}","templated":true}]}}