{"id":7869,"date":"2020-02-21T14:14:20","date_gmt":"2020-02-21T14:14:20","guid":{"rendered":"http:\/\/workingfor03.net\/webperformance\/mmagic\/prodotti-mister-magic\/%product_category%\/fantasmini\/"},"modified":"2021-06-14T12:24:51","modified_gmt":"2021-06-14T12:24:51","slug":"petits-fantomes","status":"publish","type":"product","link":"https:\/\/test.mistermagic.it\/fr\/produits-mister-magic\/desodorisation\/petits-fantomes\/","title":{"rendered":"Petits Fant\u00f4mes"},"content":{"rendered":"","protected":false},"featured_media":7870,"parent":0,"template":"","product_category":[675],"acf":[],"yoast_head":"<!-- This site is optimized with the Yoast SEO plugin v21.5 - https:\/\/yoast.com\/wordpress\/plugins\/seo\/ -->\n<title>Petits Fant\u00f4mes - Mister Magic<\/title>\n<meta name=\"description\" content=\"Dans chaque pack, 6 autocollants en forme de fant\u00f4me capables de lib\u00e9rer des substances neutralisantes pour les odeurs d\u00e9sagr\u00e9ables. Parfum d\u00e9licat d&#039;agrumes.\" \/>\n<meta name=\"robots\" content=\"noindex, follow, max-snippet:-1, max-image-preview:large, max-video-preview:-1\" \/>\n<meta property=\"og:locale\" content=\"fr_FR\" \/>\n<meta property=\"og:type\" content=\"article\" \/>\n<meta property=\"og:title\" content=\"Petits Fant\u00f4mes - Mister Magic\" \/>\n<meta property=\"og:description\" content=\"Dans chaque pack, 6 autocollants en forme de fant\u00f4me capables de lib\u00e9rer des substances neutralisantes pour les odeurs d\u00e9sagr\u00e9ables. Parfum d\u00e9licat d&#039;agrumes.\" \/>\n<meta property=\"og:url\" content=\"https:\/\/test.mistermagic.it\/fr\/produits-mister-magic\/desodorisation\/petits-fantomes\/\" \/>\n<meta property=\"og:site_name\" content=\"Mister Magic\" \/>\n<meta property=\"article:modified_time\" content=\"2021-06-14T12:24:51+00:00\" \/>\n<meta property=\"og:image\" content=\"https:\/\/test.mistermagic.it\/wp-content\/uploads\/2020\/02\/fantasmini-1.png\" \/>\n\t<meta property=\"og:image:width\" content=\"400\" \/>\n\t<meta property=\"og:image:height\" content=\"400\" \/>\n\t<meta property=\"og:image:type\" content=\"image\/png\" \/>\n<meta name=\"twitter:card\" content=\"summary_large_image\" \/>\n<script type=\"application\/ld+json\" class=\"yoast-schema-graph\">{\"@context\":\"https:\/\/schema.org\",\"@graph\":[{\"@type\":\"WebPage\",\"@id\":\"https:\/\/test.mistermagic.it\/fr\/produits-mister-magic\/desodorisation\/petits-fantomes\/\",\"url\":\"https:\/\/test.mistermagic.it\/fr\/produits-mister-magic\/desodorisation\/petits-fantomes\/\",\"name\":\"Petits Fant\u00f4mes - Mister Magic\",\"isPartOf\":{\"@id\":\"https:\/\/test.mistermagic.it\/fr\/#website\"},\"datePublished\":\"2020-02-21T14:14:20+00:00\",\"dateModified\":\"2021-06-14T12:24:51+00:00\",\"description\":\"Dans chaque pack, 6 autocollants en forme de fant\u00f4me capables de lib\u00e9rer des substances neutralisantes pour les odeurs d\u00e9sagr\u00e9ables. Parfum d\u00e9licat d'agrumes.\",\"breadcrumb\":{\"@id\":\"https:\/\/test.mistermagic.it\/fr\/produits-mister-magic\/desodorisation\/petits-fantomes\/#breadcrumb\"},\"inLanguage\":\"fr-FR\",\"potentialAction\":[{\"@type\":\"ReadAction\",\"target\":[\"https:\/\/test.mistermagic.it\/fr\/produits-mister-magic\/desodorisation\/petits-fantomes\/\"]}]},{\"@type\":\"BreadcrumbList\",\"@id\":\"https:\/\/test.mistermagic.it\/fr\/produits-mister-magic\/desodorisation\/petits-fantomes\/#breadcrumb\",\"itemListElement\":[{\"@type\":\"ListItem\",\"position\":1,\"name\":\"Home\",\"item\":\"https:\/\/test.mistermagic.it\/fr\/\"},{\"@type\":\"ListItem\",\"position\":2,\"name\":\"Desodorisation\",\"item\":\"https:\/\/test.mistermagic.it\/fr\/produits-mister-magic\/desodorisation\/\"},{\"@type\":\"ListItem\",\"position\":3,\"name\":\"Petits Fant\u00f4mes\"}]},{\"@type\":\"WebSite\",\"@id\":\"https:\/\/test.mistermagic.it\/fr\/#website\",\"url\":\"https:\/\/test.mistermagic.it\/fr\/\",\"name\":\"Mister Magic\",\"description\":\"Votre alli\u00e9 dans la maison\\n\",\"publisher\":{\"@id\":\"https:\/\/test.mistermagic.it\/fr\/#organization\"},\"potentialAction\":[{\"@type\":\"SearchAction\",\"target\":{\"@type\":\"EntryPoint\",\"urlTemplate\":\"https:\/\/test.mistermagic.it\/fr\/?s={search_term_string}\"},\"query-input\":\"required name=search_term_string\"}],\"inLanguage\":\"fr-FR\"},{\"@type\":\"Organization\",\"@id\":\"https:\/\/test.mistermagic.it\/fr\/#organization\",\"name\":\"Mister Magic\",\"url\":\"https:\/\/test.mistermagic.it\/fr\/\",\"logo\":{\"@type\":\"ImageObject\",\"inLanguage\":\"fr-FR\",\"@id\":\"https:\/\/test.mistermagic.it\/fr\/#\/schema\/logo\/image\/\",\"url\":\"https:\/\/test.mistermagic.it\/wp-content\/uploads\/2020\/02\/LOGO-PER-REGISTRAZIONE_MISTER-MAGIC-01.png\",\"contentUrl\":\"https:\/\/test.mistermagic.it\/wp-content\/uploads\/2020\/02\/LOGO-PER-REGISTRAZIONE_MISTER-MAGIC-01.png\",\"width\":153,\"height\":107,\"caption\":\"Mister Magic\"},\"image\":{\"@id\":\"https:\/\/test.mistermagic.it\/fr\/#\/schema\/logo\/image\/\"}}]}<\/script>\n<!-- \/ Yoast SEO plugin. -->","yoast_head_json":{"title":"Petits Fant\u00f4mes - Mister Magic","description":"Dans chaque pack, 6 autocollants en forme de fant\u00f4me capables de lib\u00e9rer des substances neutralisantes pour les odeurs d\u00e9sagr\u00e9ables. Parfum d\u00e9licat d'agrumes.","robots":{"index":"noindex","follow":"follow","max-snippet":"max-snippet:-1","max-image-preview":"max-image-preview:large","max-video-preview":"max-video-preview:-1"},"og_locale":"fr_FR","og_type":"article","og_title":"Petits Fant\u00f4mes - Mister Magic","og_description":"Dans chaque pack, 6 autocollants en forme de fant\u00f4me capables de lib\u00e9rer des substances neutralisantes pour les odeurs d\u00e9sagr\u00e9ables. Parfum d\u00e9licat d'agrumes.","og_url":"https:\/\/test.mistermagic.it\/fr\/produits-mister-magic\/desodorisation\/petits-fantomes\/","og_site_name":"Mister Magic","article_modified_time":"2021-06-14T12:24:51+00:00","og_image":[{"width":400,"height":400,"url":"https:\/\/test.mistermagic.it\/wp-content\/uploads\/2020\/02\/fantasmini-1.png","type":"image\/png"}],"twitter_card":"summary_large_image","schema":{"@context":"https:\/\/schema.org","@graph":[{"@type":"WebPage","@id":"https:\/\/test.mistermagic.it\/fr\/produits-mister-magic\/desodorisation\/petits-fantomes\/","url":"https:\/\/test.mistermagic.it\/fr\/produits-mister-magic\/desodorisation\/petits-fantomes\/","name":"Petits Fant\u00f4mes - Mister Magic","isPartOf":{"@id":"https:\/\/test.mistermagic.it\/fr\/#website"},"datePublished":"2020-02-21T14:14:20+00:00","dateModified":"2021-06-14T12:24:51+00:00","description":"Dans chaque pack, 6 autocollants en forme de fant\u00f4me capables de lib\u00e9rer des substances neutralisantes pour les odeurs d\u00e9sagr\u00e9ables. Parfum d\u00e9licat d'agrumes.","breadcrumb":{"@id":"https:\/\/test.mistermagic.it\/fr\/produits-mister-magic\/desodorisation\/petits-fantomes\/#breadcrumb"},"inLanguage":"fr-FR","potentialAction":[{"@type":"ReadAction","target":["https:\/\/test.mistermagic.it\/fr\/produits-mister-magic\/desodorisation\/petits-fantomes\/"]}]},{"@type":"BreadcrumbList","@id":"https:\/\/test.mistermagic.it\/fr\/produits-mister-magic\/desodorisation\/petits-fantomes\/#breadcrumb","itemListElement":[{"@type":"ListItem","position":1,"name":"Home","item":"https:\/\/test.mistermagic.it\/fr\/"},{"@type":"ListItem","position":2,"name":"Desodorisation","item":"https:\/\/test.mistermagic.it\/fr\/produits-mister-magic\/desodorisation\/"},{"@type":"ListItem","position":3,"name":"Petits Fant\u00f4mes"}]},{"@type":"WebSite","@id":"https:\/\/test.mistermagic.it\/fr\/#website","url":"https:\/\/test.mistermagic.it\/fr\/","name":"Mister Magic","description":"Votre alli\u00e9 dans la maison\n","publisher":{"@id":"https:\/\/test.mistermagic.it\/fr\/#organization"},"potentialAction":[{"@type":"SearchAction","target":{"@type":"EntryPoint","urlTemplate":"https:\/\/test.mistermagic.it\/fr\/?s={search_term_string}"},"query-input":"required name=search_term_string"}],"inLanguage":"fr-FR"},{"@type":"Organization","@id":"https:\/\/test.mistermagic.it\/fr\/#organization","name":"Mister Magic","url":"https:\/\/test.mistermagic.it\/fr\/","logo":{"@type":"ImageObject","inLanguage":"fr-FR","@id":"https:\/\/test.mistermagic.it\/fr\/#\/schema\/logo\/image\/","url":"https:\/\/test.mistermagic.it\/wp-content\/uploads\/2020\/02\/LOGO-PER-REGISTRAZIONE_MISTER-MAGIC-01.png","contentUrl":"https:\/\/test.mistermagic.it\/wp-content\/uploads\/2020\/02\/LOGO-PER-REGISTRAZIONE_MISTER-MAGIC-01.png","width":153,"height":107,"caption":"Mister Magic"},"image":{"@id":"https:\/\/test.mistermagic.it\/fr\/#\/schema\/logo\/image\/"}}]}},"_links":{"self":[{"href":"https:\/\/test.mistermagic.it\/fr\/wp-json\/wp\/v2\/product\/7869"}],"collection":[{"href":"https:\/\/test.mistermagic.it\/fr\/wp-json\/wp\/v2\/product"}],"about":[{"href":"https:\/\/test.mistermagic.it\/fr\/wp-json\/wp\/v2\/types\/product"}],"wp:featuredmedia":[{"embeddable":true,"href":"https:\/\/test.mistermagic.it\/fr\/wp-json\/wp\/v2\/media\/7870"}],"wp:attachment":[{"href":"https:\/\/test.mistermagic.it\/fr\/wp-json\/wp\/v2\/media?parent=7869"}],"wp:term":[{"taxonomy":"product_category","embeddable":true,"href":"https:\/\/test.mistermagic.it\/fr\/wp-json\/wp\/v2\/product_category?post=7869"}],"curies":[{"name":"wp","href":"https:\/\/api.w.org\/{rel}","templated":true}]}}