{"id":8035,"date":"2020-02-03T11:54:41","date_gmt":"2020-02-03T11:54:41","guid":{"rendered":"http:\/\/workingfor03.net\/webperformance\/mmagic\/prodotti-mister-magic\/%product_category%\/trattamento-lavelli-e-docce\/"},"modified":"2021-06-16T11:05:28","modified_gmt":"2021-06-16T11:05:28","slug":"traitement-pour-les-eviers-et-les-douches","status":"publish","type":"product","link":"https:\/\/test.mistermagic.it\/fr\/produits-mister-magic\/desodorisation\/traitement-pour-les-eviers-et-les-douches\/","title":{"rendered":"Traitement Pour Les \u00c9viers Et Les Douches"},"content":{"rendered":"","protected":false},"featured_media":8036,"parent":0,"template":"","product_category":[675],"acf":[],"yoast_head":"<!-- This site is optimized with the Yoast SEO plugin v21.5 - https:\/\/yoast.com\/wordpress\/plugins\/seo\/ -->\n<title>Traitement Pour Les \u00c9viers Et Les Douches - Mister Magic<\/title>\n<meta name=\"description\" content=\"Le traitement pour lavabo et douche contient une combinaison efficace d&#039;agents biologiques actifs et de composants chimiques capables d&#039;\u00e9liminer les d\u00e9p\u00f4ts de salet\u00e9.\" \/>\n<meta name=\"robots\" content=\"noindex, follow, max-snippet:-1, max-image-preview:large, max-video-preview:-1\" \/>\n<meta property=\"og:locale\" content=\"fr_FR\" \/>\n<meta property=\"og:type\" content=\"article\" \/>\n<meta property=\"og:title\" content=\"Traitement Pour Les \u00c9viers Et Les Douches - Mister Magic\" \/>\n<meta property=\"og:description\" content=\"Le traitement pour lavabo et douche contient une combinaison efficace d&#039;agents biologiques actifs et de composants chimiques capables d&#039;\u00e9liminer les d\u00e9p\u00f4ts de salet\u00e9.\" \/>\n<meta property=\"og:url\" content=\"https:\/\/test.mistermagic.it\/fr\/produits-mister-magic\/desodorisation\/traitement-pour-les-eviers-et-les-douches\/\" \/>\n<meta property=\"og:site_name\" content=\"Mister Magic\" \/>\n<meta property=\"article:modified_time\" content=\"2021-06-16T11:05:28+00:00\" \/>\n<meta property=\"og:image\" content=\"https:\/\/test.mistermagic.it\/wp-content\/uploads\/2020\/02\/trattamento-scarichi.png\" \/>\n\t<meta property=\"og:image:width\" content=\"400\" \/>\n\t<meta property=\"og:image:height\" content=\"550\" \/>\n\t<meta property=\"og:image:type\" content=\"image\/png\" \/>\n<meta name=\"twitter:card\" content=\"summary_large_image\" \/>\n<script type=\"application\/ld+json\" class=\"yoast-schema-graph\">{\"@context\":\"https:\/\/schema.org\",\"@graph\":[{\"@type\":\"WebPage\",\"@id\":\"https:\/\/test.mistermagic.it\/fr\/produits-mister-magic\/desodorisation\/traitement-pour-les-eviers-et-les-douches\/\",\"url\":\"https:\/\/test.mistermagic.it\/fr\/produits-mister-magic\/desodorisation\/traitement-pour-les-eviers-et-les-douches\/\",\"name\":\"Traitement Pour Les \u00c9viers Et Les Douches - Mister Magic\",\"isPartOf\":{\"@id\":\"https:\/\/test.mistermagic.it\/fr\/#website\"},\"datePublished\":\"2020-02-03T11:54:41+00:00\",\"dateModified\":\"2021-06-16T11:05:28+00:00\",\"description\":\"Le traitement pour lavabo et douche contient une combinaison efficace d'agents biologiques actifs et de composants chimiques capables d'\u00e9liminer les d\u00e9p\u00f4ts de salet\u00e9.\",\"breadcrumb\":{\"@id\":\"https:\/\/test.mistermagic.it\/fr\/produits-mister-magic\/desodorisation\/traitement-pour-les-eviers-et-les-douches\/#breadcrumb\"},\"inLanguage\":\"fr-FR\",\"potentialAction\":[{\"@type\":\"ReadAction\",\"target\":[\"https:\/\/test.mistermagic.it\/fr\/produits-mister-magic\/desodorisation\/traitement-pour-les-eviers-et-les-douches\/\"]}]},{\"@type\":\"BreadcrumbList\",\"@id\":\"https:\/\/test.mistermagic.it\/fr\/produits-mister-magic\/desodorisation\/traitement-pour-les-eviers-et-les-douches\/#breadcrumb\",\"itemListElement\":[{\"@type\":\"ListItem\",\"position\":1,\"name\":\"Home\",\"item\":\"https:\/\/test.mistermagic.it\/fr\/\"},{\"@type\":\"ListItem\",\"position\":2,\"name\":\"Desodorisation\",\"item\":\"https:\/\/test.mistermagic.it\/fr\/produits-mister-magic\/desodorisation\/\"},{\"@type\":\"ListItem\",\"position\":3,\"name\":\"Traitement Pour Les \u00c9viers Et Les Douches\"}]},{\"@type\":\"WebSite\",\"@id\":\"https:\/\/test.mistermagic.it\/fr\/#website\",\"url\":\"https:\/\/test.mistermagic.it\/fr\/\",\"name\":\"Mister Magic\",\"description\":\"Votre alli\u00e9 dans la maison\\n\",\"publisher\":{\"@id\":\"https:\/\/test.mistermagic.it\/fr\/#organization\"},\"potentialAction\":[{\"@type\":\"SearchAction\",\"target\":{\"@type\":\"EntryPoint\",\"urlTemplate\":\"https:\/\/test.mistermagic.it\/fr\/?s={search_term_string}\"},\"query-input\":\"required name=search_term_string\"}],\"inLanguage\":\"fr-FR\"},{\"@type\":\"Organization\",\"@id\":\"https:\/\/test.mistermagic.it\/fr\/#organization\",\"name\":\"Mister Magic\",\"url\":\"https:\/\/test.mistermagic.it\/fr\/\",\"logo\":{\"@type\":\"ImageObject\",\"inLanguage\":\"fr-FR\",\"@id\":\"https:\/\/test.mistermagic.it\/fr\/#\/schema\/logo\/image\/\",\"url\":\"https:\/\/test.mistermagic.it\/wp-content\/uploads\/2020\/02\/LOGO-PER-REGISTRAZIONE_MISTER-MAGIC-01.png\",\"contentUrl\":\"https:\/\/test.mistermagic.it\/wp-content\/uploads\/2020\/02\/LOGO-PER-REGISTRAZIONE_MISTER-MAGIC-01.png\",\"width\":153,\"height\":107,\"caption\":\"Mister Magic\"},\"image\":{\"@id\":\"https:\/\/test.mistermagic.it\/fr\/#\/schema\/logo\/image\/\"}}]}<\/script>\n<!-- \/ Yoast SEO plugin. -->","yoast_head_json":{"title":"Traitement Pour Les \u00c9viers Et Les Douches - Mister Magic","description":"Le traitement pour lavabo et douche contient une combinaison efficace d'agents biologiques actifs et de composants chimiques capables d'\u00e9liminer les d\u00e9p\u00f4ts de salet\u00e9.","robots":{"index":"noindex","follow":"follow","max-snippet":"max-snippet:-1","max-image-preview":"max-image-preview:large","max-video-preview":"max-video-preview:-1"},"og_locale":"fr_FR","og_type":"article","og_title":"Traitement Pour Les \u00c9viers Et Les Douches - Mister Magic","og_description":"Le traitement pour lavabo et douche contient une combinaison efficace d'agents biologiques actifs et de composants chimiques capables d'\u00e9liminer les d\u00e9p\u00f4ts de salet\u00e9.","og_url":"https:\/\/test.mistermagic.it\/fr\/produits-mister-magic\/desodorisation\/traitement-pour-les-eviers-et-les-douches\/","og_site_name":"Mister Magic","article_modified_time":"2021-06-16T11:05:28+00:00","og_image":[{"width":400,"height":550,"url":"https:\/\/test.mistermagic.it\/wp-content\/uploads\/2020\/02\/trattamento-scarichi.png","type":"image\/png"}],"twitter_card":"summary_large_image","schema":{"@context":"https:\/\/schema.org","@graph":[{"@type":"WebPage","@id":"https:\/\/test.mistermagic.it\/fr\/produits-mister-magic\/desodorisation\/traitement-pour-les-eviers-et-les-douches\/","url":"https:\/\/test.mistermagic.it\/fr\/produits-mister-magic\/desodorisation\/traitement-pour-les-eviers-et-les-douches\/","name":"Traitement Pour Les \u00c9viers Et Les Douches - Mister Magic","isPartOf":{"@id":"https:\/\/test.mistermagic.it\/fr\/#website"},"datePublished":"2020-02-03T11:54:41+00:00","dateModified":"2021-06-16T11:05:28+00:00","description":"Le traitement pour lavabo et douche contient une combinaison efficace d'agents biologiques actifs et de composants chimiques capables d'\u00e9liminer les d\u00e9p\u00f4ts de salet\u00e9.","breadcrumb":{"@id":"https:\/\/test.mistermagic.it\/fr\/produits-mister-magic\/desodorisation\/traitement-pour-les-eviers-et-les-douches\/#breadcrumb"},"inLanguage":"fr-FR","potentialAction":[{"@type":"ReadAction","target":["https:\/\/test.mistermagic.it\/fr\/produits-mister-magic\/desodorisation\/traitement-pour-les-eviers-et-les-douches\/"]}]},{"@type":"BreadcrumbList","@id":"https:\/\/test.mistermagic.it\/fr\/produits-mister-magic\/desodorisation\/traitement-pour-les-eviers-et-les-douches\/#breadcrumb","itemListElement":[{"@type":"ListItem","position":1,"name":"Home","item":"https:\/\/test.mistermagic.it\/fr\/"},{"@type":"ListItem","position":2,"name":"Desodorisation","item":"https:\/\/test.mistermagic.it\/fr\/produits-mister-magic\/desodorisation\/"},{"@type":"ListItem","position":3,"name":"Traitement Pour Les \u00c9viers Et Les Douches"}]},{"@type":"WebSite","@id":"https:\/\/test.mistermagic.it\/fr\/#website","url":"https:\/\/test.mistermagic.it\/fr\/","name":"Mister Magic","description":"Votre alli\u00e9 dans la maison\n","publisher":{"@id":"https:\/\/test.mistermagic.it\/fr\/#organization"},"potentialAction":[{"@type":"SearchAction","target":{"@type":"EntryPoint","urlTemplate":"https:\/\/test.mistermagic.it\/fr\/?s={search_term_string}"},"query-input":"required name=search_term_string"}],"inLanguage":"fr-FR"},{"@type":"Organization","@id":"https:\/\/test.mistermagic.it\/fr\/#organization","name":"Mister Magic","url":"https:\/\/test.mistermagic.it\/fr\/","logo":{"@type":"ImageObject","inLanguage":"fr-FR","@id":"https:\/\/test.mistermagic.it\/fr\/#\/schema\/logo\/image\/","url":"https:\/\/test.mistermagic.it\/wp-content\/uploads\/2020\/02\/LOGO-PER-REGISTRAZIONE_MISTER-MAGIC-01.png","contentUrl":"https:\/\/test.mistermagic.it\/wp-content\/uploads\/2020\/02\/LOGO-PER-REGISTRAZIONE_MISTER-MAGIC-01.png","width":153,"height":107,"caption":"Mister Magic"},"image":{"@id":"https:\/\/test.mistermagic.it\/fr\/#\/schema\/logo\/image\/"}}]}},"_links":{"self":[{"href":"https:\/\/test.mistermagic.it\/fr\/wp-json\/wp\/v2\/product\/8035"}],"collection":[{"href":"https:\/\/test.mistermagic.it\/fr\/wp-json\/wp\/v2\/product"}],"about":[{"href":"https:\/\/test.mistermagic.it\/fr\/wp-json\/wp\/v2\/types\/product"}],"wp:featuredmedia":[{"embeddable":true,"href":"https:\/\/test.mistermagic.it\/fr\/wp-json\/wp\/v2\/media\/8036"}],"wp:attachment":[{"href":"https:\/\/test.mistermagic.it\/fr\/wp-json\/wp\/v2\/media?parent=8035"}],"wp:term":[{"taxonomy":"product_category","embeddable":true,"href":"https:\/\/test.mistermagic.it\/fr\/wp-json\/wp\/v2\/product_category?post=8035"}],"curies":[{"name":"wp","href":"https:\/\/api.w.org\/{rel}","templated":true}]}}