{"id":8458,"date":"2020-02-17T11:41:17","date_gmt":"2020-02-17T11:41:17","guid":{"rendered":"https:\/\/workingfor03.net\/webperformance\/mmagic\/20-anni-con-voi\/"},"modified":"2021-12-01T09:33:32","modified_gmt":"2021-12-01T09:33:32","slug":"20-anos-consigo","status":"publish","type":"page","link":"https:\/\/test.mistermagic.it\/pt-pt\/20-anos-consigo\/","title":{"rendered":"20 Anos Consigo"},"content":{"rendered":"<h2 class=\"title-h2\">Mister Magic<sup>\u00ae<\/sup>, uma hist\u00f3ria de sucesso<\/h2>\n<p>A Mister Magic \u00e9 criada em It\u00e1lia no ano no ano de <strong>1997<\/strong>, e imediatamente se estabelece como marca <strong>atenta \u00e0s necessidades dos consumidores<\/strong>, sempre \u00e0 procura de solu\u00e7\u00f5es eficazes e inovadoras para satisfazer as exig\u00eancias de desodoriza\u00e7\u00e3o e limpeza do lar.<\/p>\n<p><span style=\"font-weight: 400;\">Em <strong>1999<\/strong>, realiza-se o <strong>lan\u00e7amento hist\u00f3rico do revolucion\u00e1rio Ovetto Absorvente de odores para o frigor\u00edfico<\/strong><\/span>, o qual promete absorver e neutralizar todos os odores desagrad\u00e1veis no frigor\u00edfico, sem ocupar espa\u00e7o, sem alterar o sabor e o aroma dos alimentos e com uma dura\u00e7\u00e3o de 3 meses.<\/p>\n<p>Ap\u00f3s <strong>20 anos e mais de 20 milh\u00f5es de produtos vendidos<\/strong>, o Ovetto<sup>\u00ae<\/sup> Mister Magic<sup>\u00ae<\/sup> continua a ser o <strong>l\u00edder indiscut\u00edvel da sua categoria<\/strong>. A sua promessa cumprida decretou o in\u00edcio de uma hist\u00f3ria de sucesso, constitu\u00edda por muitos outros novos produtos para a limpeza e o cuidado de ambientes dom\u00e9sticos.<\/p>\n<p>Mister Magic\u00ae, uma hist\u00f3ria de sucesso<\/p>\n<p>A Mister Magic\u00ae\u00e9 criada na It\u00e1lia no ano de 1997, e imediatamente se estabelece como marca atenta \u00e0s necessidades dos consumidores, sempre \u00e0 procura de solu\u00e7\u00f5es eficazes e inovadoras para satisfazer as exig\u00eancias de desodoriza\u00e7\u00e3o e limpeza do lar.<\/p>\n<p>Em <strong>1999<\/strong>, realiza-se o <strong>lan\u00e7amento hist\u00f3rico do revolucion\u00e1rio Ovetto\u00ae<\/strong> <span style=\"font-weight: 400;\"><strong>Absorvente<\/strong><\/span> de odores para frigor\u00edfico, o qual promete absorver e neutralizar todos os odores desagrad\u00e1veis no frigor\u00edfico, sem ocupar espa\u00e7o, sem alterar o sabor e o aroma dos alimentos e com uma dura\u00e7\u00e3o de 3 meses.<\/p>\n<p>Ap\u00f3s <strong>20 anos e mais de 20 mi\u00e7h\u00f5es de produtos vendidos<\/strong>, o Mister Magic Ovetto continua a ser o<strong> l\u00edder indiscut\u00edvel da sua categoria<\/strong>. A sua promessa cumprida decretou o in\u00edcio de uma hist\u00f3ria de sucesso, constitu\u00edda por muitos outros produtos para a limpeza e o cuidado da casa.<\/p>\n","protected":false},"excerpt":{"rendered":"<p>Mister Magic\u00ae, uma hist\u00f3ria de sucesso A Mister Magic \u00e9 criada em It\u00e1lia no ano no ano de 1997, e imediatamente se estabelece como marca atenta \u00e0s necessidades dos consumidores, sempre \u00e0 procura de solu\u00e7\u00f5es eficazes e inovadoras para satisfazer as exig\u00eancias de desodoriza\u00e7\u00e3o e limpeza do lar. Em 1999, realiza-se o lan\u00e7amento hist\u00f3rico do [&hellip;]<\/p>\n","protected":false},"author":1,"featured_media":0,"parent":0,"menu_order":0,"comment_status":"closed","ping_status":"closed","template":"interna-page.php","meta":{"footnotes":""},"acf":[],"yoast_head":"<!-- This site is optimized with the Yoast SEO plugin v21.5 - https:\/\/yoast.com\/wordpress\/plugins\/seo\/ -->\n<title>20 Anos Consigo - Mister Magic<\/title>\n<meta name=\"description\" content=\"Mister Magic\u00ae nasceu em 1997 e imediatamente se consolidou como uma marca atenta \u00e0s necessidades dos consumidores.\" \/>\n<meta name=\"robots\" content=\"noindex, follow, max-snippet:-1, max-image-preview:large, max-video-preview:-1\" \/>\n<meta property=\"og:locale\" content=\"pt_PT\" \/>\n<meta property=\"og:type\" content=\"article\" \/>\n<meta property=\"og:title\" content=\"20 Anos Consigo - Mister Magic\" \/>\n<meta property=\"og:description\" content=\"Mister Magic\u00ae nasceu em 1997 e imediatamente se consolidou como uma marca atenta \u00e0s necessidades dos consumidores.\" \/>\n<meta property=\"og:url\" content=\"https:\/\/test.mistermagic.it\/pt-pt\/20-anos-consigo\/\" \/>\n<meta property=\"og:site_name\" content=\"Mister Magic\" \/>\n<meta property=\"article:modified_time\" content=\"2021-12-01T09:33:32+00:00\" \/>\n<meta name=\"twitter:card\" content=\"summary_large_image\" \/>\n<meta name=\"twitter:label1\" content=\"Tempo estimado de leitura\" \/>\n\t<meta name=\"twitter:data1\" content=\"2 minutos\" \/>\n<script type=\"application\/ld+json\" class=\"yoast-schema-graph\">{\"@context\":\"https:\/\/schema.org\",\"@graph\":[{\"@type\":\"WebPage\",\"@id\":\"https:\/\/test.mistermagic.it\/pt-pt\/20-anos-consigo\/\",\"url\":\"https:\/\/test.mistermagic.it\/pt-pt\/20-anos-consigo\/\",\"name\":\"20 Anos Consigo - Mister Magic\",\"isPartOf\":{\"@id\":\"https:\/\/test.mistermagic.it\/pt-pt\/#website\"},\"datePublished\":\"2020-02-17T11:41:17+00:00\",\"dateModified\":\"2021-12-01T09:33:32+00:00\",\"description\":\"Mister Magic\u00ae nasceu em 1997 e imediatamente se consolidou como uma marca atenta \u00e0s necessidades dos consumidores.\",\"breadcrumb\":{\"@id\":\"https:\/\/test.mistermagic.it\/pt-pt\/20-anos-consigo\/#breadcrumb\"},\"inLanguage\":\"pt-PT\",\"potentialAction\":[{\"@type\":\"ReadAction\",\"target\":[\"https:\/\/test.mistermagic.it\/pt-pt\/20-anos-consigo\/\"]}]},{\"@type\":\"BreadcrumbList\",\"@id\":\"https:\/\/test.mistermagic.it\/pt-pt\/20-anos-consigo\/#breadcrumb\",\"itemListElement\":[{\"@type\":\"ListItem\",\"position\":1,\"name\":\"Home\",\"item\":\"https:\/\/test.mistermagic.it\/pt-pt\/\"},{\"@type\":\"ListItem\",\"position\":2,\"name\":\"20 Anos Consigo\"}]},{\"@type\":\"WebSite\",\"@id\":\"https:\/\/test.mistermagic.it\/pt-pt\/#website\",\"url\":\"https:\/\/test.mistermagic.it\/pt-pt\/\",\"name\":\"Mister Magic\",\"description\":\"O SEU ALIADO EM CASA\",\"publisher\":{\"@id\":\"https:\/\/test.mistermagic.it\/pt-pt\/#organization\"},\"potentialAction\":[{\"@type\":\"SearchAction\",\"target\":{\"@type\":\"EntryPoint\",\"urlTemplate\":\"https:\/\/test.mistermagic.it\/pt-pt\/?s={search_term_string}\"},\"query-input\":\"required name=search_term_string\"}],\"inLanguage\":\"pt-PT\"},{\"@type\":\"Organization\",\"@id\":\"https:\/\/test.mistermagic.it\/pt-pt\/#organization\",\"name\":\"Mister Magic\",\"url\":\"https:\/\/test.mistermagic.it\/pt-pt\/\",\"logo\":{\"@type\":\"ImageObject\",\"inLanguage\":\"pt-PT\",\"@id\":\"https:\/\/test.mistermagic.it\/pt-pt\/#\/schema\/logo\/image\/\",\"url\":\"https:\/\/test.mistermagic.it\/wp-content\/uploads\/2020\/02\/LOGO-PER-REGISTRAZIONE_MISTER-MAGIC-01.png\",\"contentUrl\":\"https:\/\/test.mistermagic.it\/wp-content\/uploads\/2020\/02\/LOGO-PER-REGISTRAZIONE_MISTER-MAGIC-01.png\",\"width\":153,\"height\":107,\"caption\":\"Mister Magic\"},\"image\":{\"@id\":\"https:\/\/test.mistermagic.it\/pt-pt\/#\/schema\/logo\/image\/\"}}]}<\/script>\n<!-- \/ Yoast SEO plugin. -->","yoast_head_json":{"title":"20 Anos Consigo - Mister Magic","description":"Mister Magic\u00ae nasceu em 1997 e imediatamente se consolidou como uma marca atenta \u00e0s necessidades dos consumidores.","robots":{"index":"noindex","follow":"follow","max-snippet":"max-snippet:-1","max-image-preview":"max-image-preview:large","max-video-preview":"max-video-preview:-1"},"og_locale":"pt_PT","og_type":"article","og_title":"20 Anos Consigo - Mister Magic","og_description":"Mister Magic\u00ae nasceu em 1997 e imediatamente se consolidou como uma marca atenta \u00e0s necessidades dos consumidores.","og_url":"https:\/\/test.mistermagic.it\/pt-pt\/20-anos-consigo\/","og_site_name":"Mister Magic","article_modified_time":"2021-12-01T09:33:32+00:00","twitter_card":"summary_large_image","twitter_misc":{"Tempo estimado de leitura":"2 minutos"},"schema":{"@context":"https:\/\/schema.org","@graph":[{"@type":"WebPage","@id":"https:\/\/test.mistermagic.it\/pt-pt\/20-anos-consigo\/","url":"https:\/\/test.mistermagic.it\/pt-pt\/20-anos-consigo\/","name":"20 Anos Consigo - Mister Magic","isPartOf":{"@id":"https:\/\/test.mistermagic.it\/pt-pt\/#website"},"datePublished":"2020-02-17T11:41:17+00:00","dateModified":"2021-12-01T09:33:32+00:00","description":"Mister Magic\u00ae nasceu em 1997 e imediatamente se consolidou como uma marca atenta \u00e0s necessidades dos consumidores.","breadcrumb":{"@id":"https:\/\/test.mistermagic.it\/pt-pt\/20-anos-consigo\/#breadcrumb"},"inLanguage":"pt-PT","potentialAction":[{"@type":"ReadAction","target":["https:\/\/test.mistermagic.it\/pt-pt\/20-anos-consigo\/"]}]},{"@type":"BreadcrumbList","@id":"https:\/\/test.mistermagic.it\/pt-pt\/20-anos-consigo\/#breadcrumb","itemListElement":[{"@type":"ListItem","position":1,"name":"Home","item":"https:\/\/test.mistermagic.it\/pt-pt\/"},{"@type":"ListItem","position":2,"name":"20 Anos Consigo"}]},{"@type":"WebSite","@id":"https:\/\/test.mistermagic.it\/pt-pt\/#website","url":"https:\/\/test.mistermagic.it\/pt-pt\/","name":"Mister Magic","description":"O SEU ALIADO EM CASA","publisher":{"@id":"https:\/\/test.mistermagic.it\/pt-pt\/#organization"},"potentialAction":[{"@type":"SearchAction","target":{"@type":"EntryPoint","urlTemplate":"https:\/\/test.mistermagic.it\/pt-pt\/?s={search_term_string}"},"query-input":"required name=search_term_string"}],"inLanguage":"pt-PT"},{"@type":"Organization","@id":"https:\/\/test.mistermagic.it\/pt-pt\/#organization","name":"Mister Magic","url":"https:\/\/test.mistermagic.it\/pt-pt\/","logo":{"@type":"ImageObject","inLanguage":"pt-PT","@id":"https:\/\/test.mistermagic.it\/pt-pt\/#\/schema\/logo\/image\/","url":"https:\/\/test.mistermagic.it\/wp-content\/uploads\/2020\/02\/LOGO-PER-REGISTRAZIONE_MISTER-MAGIC-01.png","contentUrl":"https:\/\/test.mistermagic.it\/wp-content\/uploads\/2020\/02\/LOGO-PER-REGISTRAZIONE_MISTER-MAGIC-01.png","width":153,"height":107,"caption":"Mister Magic"},"image":{"@id":"https:\/\/test.mistermagic.it\/pt-pt\/#\/schema\/logo\/image\/"}}]}},"_links":{"self":[{"href":"https:\/\/test.mistermagic.it\/pt-pt\/wp-json\/wp\/v2\/pages\/8458"}],"collection":[{"href":"https:\/\/test.mistermagic.it\/pt-pt\/wp-json\/wp\/v2\/pages"}],"about":[{"href":"https:\/\/test.mistermagic.it\/pt-pt\/wp-json\/wp\/v2\/types\/page"}],"author":[{"embeddable":true,"href":"https:\/\/test.mistermagic.it\/pt-pt\/wp-json\/wp\/v2\/users\/1"}],"replies":[{"embeddable":true,"href":"https:\/\/test.mistermagic.it\/pt-pt\/wp-json\/wp\/v2\/comments?post=8458"}],"version-history":[{"count":9,"href":"https:\/\/test.mistermagic.it\/pt-pt\/wp-json\/wp\/v2\/pages\/8458\/revisions"}],"predecessor-version":[{"id":9253,"href":"https:\/\/test.mistermagic.it\/pt-pt\/wp-json\/wp\/v2\/pages\/8458\/revisions\/9253"}],"wp:attachment":[{"href":"https:\/\/test.mistermagic.it\/pt-pt\/wp-json\/wp\/v2\/media?parent=8458"}],"curies":[{"name":"wp","href":"https:\/\/api.w.org\/{rel}","templated":true}]}}