{"id":8487,"date":"2020-02-19T08:54:14","date_gmt":"2020-02-19T08:54:14","guid":{"rendered":"https:\/\/workingfor03.net\/webperformance\/mmagic\/carrello\/"},"modified":"2021-06-15T09:15:51","modified_gmt":"2021-06-15T09:15:51","slug":"carrinho-de-compras","status":"publish","type":"page","link":"https:\/\/test.mistermagic.it\/pt-pt\/carrinho-de-compras\/","title":{"rendered":"Carrinho de compras"},"content":{"rendered":"<h2 style=\"text-align: center;\">Voc\u00ea n\u00e3o os encontrou?<\/h2>\n<p style=\"text-align: center;\">Escreva para <em><a href=\"mailto:info@mistermagic.it\"><u>info@mistermagic.it<\/u><\/a><\/em><br \/>\ne seremos capazes de indicar o revendedor mais pr\u00f3ximo de voc\u00ea.<\/p>\n","protected":false},"excerpt":{"rendered":"<p>Voc\u00ea n\u00e3o os encontrou? Escreva para info@mistermagic.it e seremos capazes de indicar o revendedor mais pr\u00f3ximo de voc\u00ea.<\/p>\n","protected":false},"author":1,"featured_media":0,"parent":0,"menu_order":0,"comment_status":"closed","ping_status":"closed","template":"cart-page.php","meta":{"footnotes":""},"acf":[],"yoast_head":"<!-- This site is optimized with the Yoast SEO plugin v21.5 - https:\/\/yoast.com\/wordpress\/plugins\/seo\/ -->\n<title>Carrinho de compras - Mister Magic<\/title>\n<meta name=\"description\" content=\"Voc\u00ea n\u00e3o os encontrou? Voc\u00ea encontra nossos produtos nos principais supermercados e hipermercados e em lojas especializadas.\" \/>\n<meta name=\"robots\" content=\"noindex, follow, max-snippet:-1, max-image-preview:large, max-video-preview:-1\" \/>\n<meta property=\"og:locale\" content=\"pt_PT\" \/>\n<meta property=\"og:type\" content=\"article\" \/>\n<meta property=\"og:title\" content=\"Carrinho de compras - Mister Magic\" \/>\n<meta property=\"og:description\" content=\"Voc\u00ea n\u00e3o os encontrou? Voc\u00ea encontra nossos produtos nos principais supermercados e hipermercados e em lojas especializadas.\" \/>\n<meta property=\"og:url\" content=\"https:\/\/test.mistermagic.it\/pt-pt\/carrinho-de-compras\/\" \/>\n<meta property=\"og:site_name\" content=\"Mister Magic\" \/>\n<meta property=\"article:modified_time\" content=\"2021-06-15T09:15:51+00:00\" \/>\n<meta name=\"twitter:card\" content=\"summary_large_image\" \/>\n<script type=\"application\/ld+json\" class=\"yoast-schema-graph\">{\"@context\":\"https:\/\/schema.org\",\"@graph\":[{\"@type\":\"WebPage\",\"@id\":\"https:\/\/test.mistermagic.it\/pt-pt\/carrinho-de-compras\/\",\"url\":\"https:\/\/test.mistermagic.it\/pt-pt\/carrinho-de-compras\/\",\"name\":\"Carrinho de compras - Mister Magic\",\"isPartOf\":{\"@id\":\"https:\/\/test.mistermagic.it\/pt-pt\/#website\"},\"datePublished\":\"2020-02-19T08:54:14+00:00\",\"dateModified\":\"2021-06-15T09:15:51+00:00\",\"description\":\"Voc\u00ea n\u00e3o os encontrou? Voc\u00ea encontra nossos produtos nos principais supermercados e hipermercados e em lojas especializadas.\",\"breadcrumb\":{\"@id\":\"https:\/\/test.mistermagic.it\/pt-pt\/carrinho-de-compras\/#breadcrumb\"},\"inLanguage\":\"pt-PT\",\"potentialAction\":[{\"@type\":\"ReadAction\",\"target\":[\"https:\/\/test.mistermagic.it\/pt-pt\/carrinho-de-compras\/\"]}]},{\"@type\":\"BreadcrumbList\",\"@id\":\"https:\/\/test.mistermagic.it\/pt-pt\/carrinho-de-compras\/#breadcrumb\",\"itemListElement\":[{\"@type\":\"ListItem\",\"position\":1,\"name\":\"Home\",\"item\":\"https:\/\/test.mistermagic.it\/pt-pt\/\"},{\"@type\":\"ListItem\",\"position\":2,\"name\":\"Carrinho de compras\"}]},{\"@type\":\"WebSite\",\"@id\":\"https:\/\/test.mistermagic.it\/pt-pt\/#website\",\"url\":\"https:\/\/test.mistermagic.it\/pt-pt\/\",\"name\":\"Mister Magic\",\"description\":\"O SEU ALIADO EM CASA\",\"publisher\":{\"@id\":\"https:\/\/test.mistermagic.it\/pt-pt\/#organization\"},\"potentialAction\":[{\"@type\":\"SearchAction\",\"target\":{\"@type\":\"EntryPoint\",\"urlTemplate\":\"https:\/\/test.mistermagic.it\/pt-pt\/?s={search_term_string}\"},\"query-input\":\"required name=search_term_string\"}],\"inLanguage\":\"pt-PT\"},{\"@type\":\"Organization\",\"@id\":\"https:\/\/test.mistermagic.it\/pt-pt\/#organization\",\"name\":\"Mister Magic\",\"url\":\"https:\/\/test.mistermagic.it\/pt-pt\/\",\"logo\":{\"@type\":\"ImageObject\",\"inLanguage\":\"pt-PT\",\"@id\":\"https:\/\/test.mistermagic.it\/pt-pt\/#\/schema\/logo\/image\/\",\"url\":\"https:\/\/test.mistermagic.it\/wp-content\/uploads\/2020\/02\/LOGO-PER-REGISTRAZIONE_MISTER-MAGIC-01.png\",\"contentUrl\":\"https:\/\/test.mistermagic.it\/wp-content\/uploads\/2020\/02\/LOGO-PER-REGISTRAZIONE_MISTER-MAGIC-01.png\",\"width\":153,\"height\":107,\"caption\":\"Mister Magic\"},\"image\":{\"@id\":\"https:\/\/test.mistermagic.it\/pt-pt\/#\/schema\/logo\/image\/\"}}]}<\/script>\n<!-- \/ Yoast SEO plugin. -->","yoast_head_json":{"title":"Carrinho de compras - Mister Magic","description":"Voc\u00ea n\u00e3o os encontrou? Voc\u00ea encontra nossos produtos nos principais supermercados e hipermercados e em lojas especializadas.","robots":{"index":"noindex","follow":"follow","max-snippet":"max-snippet:-1","max-image-preview":"max-image-preview:large","max-video-preview":"max-video-preview:-1"},"og_locale":"pt_PT","og_type":"article","og_title":"Carrinho de compras - Mister Magic","og_description":"Voc\u00ea n\u00e3o os encontrou? Voc\u00ea encontra nossos produtos nos principais supermercados e hipermercados e em lojas especializadas.","og_url":"https:\/\/test.mistermagic.it\/pt-pt\/carrinho-de-compras\/","og_site_name":"Mister Magic","article_modified_time":"2021-06-15T09:15:51+00:00","twitter_card":"summary_large_image","schema":{"@context":"https:\/\/schema.org","@graph":[{"@type":"WebPage","@id":"https:\/\/test.mistermagic.it\/pt-pt\/carrinho-de-compras\/","url":"https:\/\/test.mistermagic.it\/pt-pt\/carrinho-de-compras\/","name":"Carrinho de compras - Mister Magic","isPartOf":{"@id":"https:\/\/test.mistermagic.it\/pt-pt\/#website"},"datePublished":"2020-02-19T08:54:14+00:00","dateModified":"2021-06-15T09:15:51+00:00","description":"Voc\u00ea n\u00e3o os encontrou? Voc\u00ea encontra nossos produtos nos principais supermercados e hipermercados e em lojas especializadas.","breadcrumb":{"@id":"https:\/\/test.mistermagic.it\/pt-pt\/carrinho-de-compras\/#breadcrumb"},"inLanguage":"pt-PT","potentialAction":[{"@type":"ReadAction","target":["https:\/\/test.mistermagic.it\/pt-pt\/carrinho-de-compras\/"]}]},{"@type":"BreadcrumbList","@id":"https:\/\/test.mistermagic.it\/pt-pt\/carrinho-de-compras\/#breadcrumb","itemListElement":[{"@type":"ListItem","position":1,"name":"Home","item":"https:\/\/test.mistermagic.it\/pt-pt\/"},{"@type":"ListItem","position":2,"name":"Carrinho de compras"}]},{"@type":"WebSite","@id":"https:\/\/test.mistermagic.it\/pt-pt\/#website","url":"https:\/\/test.mistermagic.it\/pt-pt\/","name":"Mister Magic","description":"O SEU ALIADO EM CASA","publisher":{"@id":"https:\/\/test.mistermagic.it\/pt-pt\/#organization"},"potentialAction":[{"@type":"SearchAction","target":{"@type":"EntryPoint","urlTemplate":"https:\/\/test.mistermagic.it\/pt-pt\/?s={search_term_string}"},"query-input":"required name=search_term_string"}],"inLanguage":"pt-PT"},{"@type":"Organization","@id":"https:\/\/test.mistermagic.it\/pt-pt\/#organization","name":"Mister Magic","url":"https:\/\/test.mistermagic.it\/pt-pt\/","logo":{"@type":"ImageObject","inLanguage":"pt-PT","@id":"https:\/\/test.mistermagic.it\/pt-pt\/#\/schema\/logo\/image\/","url":"https:\/\/test.mistermagic.it\/wp-content\/uploads\/2020\/02\/LOGO-PER-REGISTRAZIONE_MISTER-MAGIC-01.png","contentUrl":"https:\/\/test.mistermagic.it\/wp-content\/uploads\/2020\/02\/LOGO-PER-REGISTRAZIONE_MISTER-MAGIC-01.png","width":153,"height":107,"caption":"Mister Magic"},"image":{"@id":"https:\/\/test.mistermagic.it\/pt-pt\/#\/schema\/logo\/image\/"}}]}},"_links":{"self":[{"href":"https:\/\/test.mistermagic.it\/pt-pt\/wp-json\/wp\/v2\/pages\/8487"}],"collection":[{"href":"https:\/\/test.mistermagic.it\/pt-pt\/wp-json\/wp\/v2\/pages"}],"about":[{"href":"https:\/\/test.mistermagic.it\/pt-pt\/wp-json\/wp\/v2\/types\/page"}],"author":[{"embeddable":true,"href":"https:\/\/test.mistermagic.it\/pt-pt\/wp-json\/wp\/v2\/users\/1"}],"replies":[{"embeddable":true,"href":"https:\/\/test.mistermagic.it\/pt-pt\/wp-json\/wp\/v2\/comments?post=8487"}],"version-history":[{"count":2,"href":"https:\/\/test.mistermagic.it\/pt-pt\/wp-json\/wp\/v2\/pages\/8487\/revisions"}],"predecessor-version":[{"id":8489,"href":"https:\/\/test.mistermagic.it\/pt-pt\/wp-json\/wp\/v2\/pages\/8487\/revisions\/8489"}],"wp:attachment":[{"href":"https:\/\/test.mistermagic.it\/pt-pt\/wp-json\/wp\/v2\/media?parent=8487"}],"curies":[{"name":"wp","href":"https:\/\/api.w.org\/{rel}","templated":true}]}}