{"id":8494,"date":"2020-02-25T14:52:21","date_gmt":"2020-02-25T14:52:21","guid":{"rendered":"https:\/\/workingfor03.net\/webperformance\/mmagic\/eco-attitude\/"},"modified":"2021-06-15T09:44:34","modified_gmt":"2021-06-15T09:44:34","slug":"atitude-ecologica","status":"publish","type":"page","link":"https:\/\/test.mistermagic.it\/pt-pt\/atitude-ecologica\/","title":{"rendered":"Atitude Ecol\u00f3gica"},"content":{"rendered":"<h2 class=\"title-h2\">Um cora\u00e7\u00e3o Green<\/h2>\n<p>A Mister Magic\u00ae \u00e9 sens\u00edvel \u00e0s quest\u00f5es ambientais e demonstra a sua atitude ecol\u00f3gica atrav\u00e9s <strong>do seu constante empenho na investiga\u00e7\u00e3o<\/strong> e cria\u00e7\u00e3o de produtos que reduzam tanto quanto poss\u00edvel o impacto sobre o ambiente.<\/p>\n<p>O objetivo \u00e9 obter solu\u00e7\u00f5es eficazes e cada vez mais \u201cgreen\u201d para a limpeza e desodoriza\u00e7\u00e3o da casa, utilizando <strong>ingredientes naturais, f\u00f3rmulas biodegrad\u00e1veis e embalagens 100% recicl\u00e1veis<\/strong>.<\/p>\n","protected":false},"excerpt":{"rendered":"<p>Um cora\u00e7\u00e3o Green A Mister Magic\u00ae \u00e9 sens\u00edvel \u00e0s quest\u00f5es ambientais e demonstra a sua atitude ecol\u00f3gica atrav\u00e9s do seu constante empenho na investiga\u00e7\u00e3o e cria\u00e7\u00e3o de produtos que reduzam tanto quanto poss\u00edvel o impacto sobre o ambiente. O objetivo \u00e9 obter solu\u00e7\u00f5es eficazes e cada vez mais \u201cgreen\u201d para a limpeza e desodoriza\u00e7\u00e3o da [&hellip;]<\/p>\n","protected":false},"author":1,"featured_media":0,"parent":0,"menu_order":0,"comment_status":"closed","ping_status":"closed","template":"interna-page.php","meta":{"footnotes":""},"acf":[],"yoast_head":"<!-- This site is optimized with the Yoast SEO plugin v21.5 - https:\/\/yoast.com\/wordpress\/plugins\/seo\/ -->\n<title>Atitude Ecol\u00f3gica - Mister Magic<\/title>\n<meta name=\"description\" content=\"Mister Magic demonstra sua atitude ecol\u00f3gica atrav\u00e9s da busca cont\u00ednua por produtos que reduzam ao m\u00e1ximo o impacto ao meio ambiente.\" \/>\n<meta name=\"robots\" content=\"noindex, follow, max-snippet:-1, max-image-preview:large, max-video-preview:-1\" \/>\n<meta property=\"og:locale\" content=\"pt_PT\" \/>\n<meta property=\"og:type\" content=\"article\" \/>\n<meta property=\"og:title\" content=\"Atitude Ecol\u00f3gica - Mister Magic\" \/>\n<meta property=\"og:description\" content=\"Mister Magic demonstra sua atitude ecol\u00f3gica atrav\u00e9s da busca cont\u00ednua por produtos que reduzam ao m\u00e1ximo o impacto ao meio ambiente.\" \/>\n<meta property=\"og:url\" content=\"https:\/\/test.mistermagic.it\/pt-pt\/atitude-ecologica\/\" \/>\n<meta property=\"og:site_name\" content=\"Mister Magic\" \/>\n<meta property=\"article:modified_time\" content=\"2021-06-15T09:44:34+00:00\" \/>\n<meta name=\"twitter:card\" content=\"summary_large_image\" \/>\n<script type=\"application\/ld+json\" class=\"yoast-schema-graph\">{\"@context\":\"https:\/\/schema.org\",\"@graph\":[{\"@type\":\"WebPage\",\"@id\":\"https:\/\/test.mistermagic.it\/pt-pt\/atitude-ecologica\/\",\"url\":\"https:\/\/test.mistermagic.it\/pt-pt\/atitude-ecologica\/\",\"name\":\"Atitude Ecol\u00f3gica - Mister Magic\",\"isPartOf\":{\"@id\":\"https:\/\/test.mistermagic.it\/pt-pt\/#website\"},\"datePublished\":\"2020-02-25T14:52:21+00:00\",\"dateModified\":\"2021-06-15T09:44:34+00:00\",\"description\":\"Mister Magic demonstra sua atitude ecol\u00f3gica atrav\u00e9s da busca cont\u00ednua por produtos que reduzam ao m\u00e1ximo o impacto ao meio ambiente.\",\"breadcrumb\":{\"@id\":\"https:\/\/test.mistermagic.it\/pt-pt\/atitude-ecologica\/#breadcrumb\"},\"inLanguage\":\"pt-PT\",\"potentialAction\":[{\"@type\":\"ReadAction\",\"target\":[\"https:\/\/test.mistermagic.it\/pt-pt\/atitude-ecologica\/\"]}]},{\"@type\":\"BreadcrumbList\",\"@id\":\"https:\/\/test.mistermagic.it\/pt-pt\/atitude-ecologica\/#breadcrumb\",\"itemListElement\":[{\"@type\":\"ListItem\",\"position\":1,\"name\":\"Home\",\"item\":\"https:\/\/test.mistermagic.it\/pt-pt\/\"},{\"@type\":\"ListItem\",\"position\":2,\"name\":\"Atitude Ecol\u00f3gica\"}]},{\"@type\":\"WebSite\",\"@id\":\"https:\/\/test.mistermagic.it\/pt-pt\/#website\",\"url\":\"https:\/\/test.mistermagic.it\/pt-pt\/\",\"name\":\"Mister Magic\",\"description\":\"O SEU ALIADO EM CASA\",\"publisher\":{\"@id\":\"https:\/\/test.mistermagic.it\/pt-pt\/#organization\"},\"potentialAction\":[{\"@type\":\"SearchAction\",\"target\":{\"@type\":\"EntryPoint\",\"urlTemplate\":\"https:\/\/test.mistermagic.it\/pt-pt\/?s={search_term_string}\"},\"query-input\":\"required name=search_term_string\"}],\"inLanguage\":\"pt-PT\"},{\"@type\":\"Organization\",\"@id\":\"https:\/\/test.mistermagic.it\/pt-pt\/#organization\",\"name\":\"Mister Magic\",\"url\":\"https:\/\/test.mistermagic.it\/pt-pt\/\",\"logo\":{\"@type\":\"ImageObject\",\"inLanguage\":\"pt-PT\",\"@id\":\"https:\/\/test.mistermagic.it\/pt-pt\/#\/schema\/logo\/image\/\",\"url\":\"https:\/\/test.mistermagic.it\/wp-content\/uploads\/2020\/02\/LOGO-PER-REGISTRAZIONE_MISTER-MAGIC-01.png\",\"contentUrl\":\"https:\/\/test.mistermagic.it\/wp-content\/uploads\/2020\/02\/LOGO-PER-REGISTRAZIONE_MISTER-MAGIC-01.png\",\"width\":153,\"height\":107,\"caption\":\"Mister Magic\"},\"image\":{\"@id\":\"https:\/\/test.mistermagic.it\/pt-pt\/#\/schema\/logo\/image\/\"}}]}<\/script>\n<!-- \/ Yoast SEO plugin. -->","yoast_head_json":{"title":"Atitude Ecol\u00f3gica - Mister Magic","description":"Mister Magic demonstra sua atitude ecol\u00f3gica atrav\u00e9s da busca cont\u00ednua por produtos que reduzam ao m\u00e1ximo o impacto ao meio ambiente.","robots":{"index":"noindex","follow":"follow","max-snippet":"max-snippet:-1","max-image-preview":"max-image-preview:large","max-video-preview":"max-video-preview:-1"},"og_locale":"pt_PT","og_type":"article","og_title":"Atitude Ecol\u00f3gica - Mister Magic","og_description":"Mister Magic demonstra sua atitude ecol\u00f3gica atrav\u00e9s da busca cont\u00ednua por produtos que reduzam ao m\u00e1ximo o impacto ao meio ambiente.","og_url":"https:\/\/test.mistermagic.it\/pt-pt\/atitude-ecologica\/","og_site_name":"Mister Magic","article_modified_time":"2021-06-15T09:44:34+00:00","twitter_card":"summary_large_image","schema":{"@context":"https:\/\/schema.org","@graph":[{"@type":"WebPage","@id":"https:\/\/test.mistermagic.it\/pt-pt\/atitude-ecologica\/","url":"https:\/\/test.mistermagic.it\/pt-pt\/atitude-ecologica\/","name":"Atitude Ecol\u00f3gica - Mister Magic","isPartOf":{"@id":"https:\/\/test.mistermagic.it\/pt-pt\/#website"},"datePublished":"2020-02-25T14:52:21+00:00","dateModified":"2021-06-15T09:44:34+00:00","description":"Mister Magic demonstra sua atitude ecol\u00f3gica atrav\u00e9s da busca cont\u00ednua por produtos que reduzam ao m\u00e1ximo o impacto ao meio ambiente.","breadcrumb":{"@id":"https:\/\/test.mistermagic.it\/pt-pt\/atitude-ecologica\/#breadcrumb"},"inLanguage":"pt-PT","potentialAction":[{"@type":"ReadAction","target":["https:\/\/test.mistermagic.it\/pt-pt\/atitude-ecologica\/"]}]},{"@type":"BreadcrumbList","@id":"https:\/\/test.mistermagic.it\/pt-pt\/atitude-ecologica\/#breadcrumb","itemListElement":[{"@type":"ListItem","position":1,"name":"Home","item":"https:\/\/test.mistermagic.it\/pt-pt\/"},{"@type":"ListItem","position":2,"name":"Atitude Ecol\u00f3gica"}]},{"@type":"WebSite","@id":"https:\/\/test.mistermagic.it\/pt-pt\/#website","url":"https:\/\/test.mistermagic.it\/pt-pt\/","name":"Mister Magic","description":"O SEU ALIADO EM CASA","publisher":{"@id":"https:\/\/test.mistermagic.it\/pt-pt\/#organization"},"potentialAction":[{"@type":"SearchAction","target":{"@type":"EntryPoint","urlTemplate":"https:\/\/test.mistermagic.it\/pt-pt\/?s={search_term_string}"},"query-input":"required name=search_term_string"}],"inLanguage":"pt-PT"},{"@type":"Organization","@id":"https:\/\/test.mistermagic.it\/pt-pt\/#organization","name":"Mister Magic","url":"https:\/\/test.mistermagic.it\/pt-pt\/","logo":{"@type":"ImageObject","inLanguage":"pt-PT","@id":"https:\/\/test.mistermagic.it\/pt-pt\/#\/schema\/logo\/image\/","url":"https:\/\/test.mistermagic.it\/wp-content\/uploads\/2020\/02\/LOGO-PER-REGISTRAZIONE_MISTER-MAGIC-01.png","contentUrl":"https:\/\/test.mistermagic.it\/wp-content\/uploads\/2020\/02\/LOGO-PER-REGISTRAZIONE_MISTER-MAGIC-01.png","width":153,"height":107,"caption":"Mister Magic"},"image":{"@id":"https:\/\/test.mistermagic.it\/pt-pt\/#\/schema\/logo\/image\/"}}]}},"_links":{"self":[{"href":"https:\/\/test.mistermagic.it\/pt-pt\/wp-json\/wp\/v2\/pages\/8494"}],"collection":[{"href":"https:\/\/test.mistermagic.it\/pt-pt\/wp-json\/wp\/v2\/pages"}],"about":[{"href":"https:\/\/test.mistermagic.it\/pt-pt\/wp-json\/wp\/v2\/types\/page"}],"author":[{"embeddable":true,"href":"https:\/\/test.mistermagic.it\/pt-pt\/wp-json\/wp\/v2\/users\/1"}],"replies":[{"embeddable":true,"href":"https:\/\/test.mistermagic.it\/pt-pt\/wp-json\/wp\/v2\/comments?post=8494"}],"version-history":[{"count":3,"href":"https:\/\/test.mistermagic.it\/pt-pt\/wp-json\/wp\/v2\/pages\/8494\/revisions"}],"predecessor-version":[{"id":8495,"href":"https:\/\/test.mistermagic.it\/pt-pt\/wp-json\/wp\/v2\/pages\/8494\/revisions\/8495"}],"wp:attachment":[{"href":"https:\/\/test.mistermagic.it\/pt-pt\/wp-json\/wp\/v2\/media?parent=8494"}],"curies":[{"name":"wp","href":"https:\/\/api.w.org\/{rel}","templated":true}]}}