{"id":8501,"date":"2020-01-31T13:57:11","date_gmt":"2020-01-31T13:57:11","guid":{"rendered":"https:\/\/workingfor03.net\/webperformance\/mmagic\/privacy-policy\/"},"modified":"2021-11-05T16:47:04","modified_gmt":"2021-11-05T16:47:04","slug":"politica-de-privacidade","status":"publish","type":"page","link":"https:\/\/test.mistermagic.it\/pt-pt\/politica-de-privacidade\/","title":{"rendered":"Pol\u00edtica De Privacidade"},"content":{"rendered":"\r\n<h2 class=\"wp-block-heading\">Preocupamo-nos com os seus dados<\/h2>\r\n<p>Os seus dados s\u00e3o muitos importantes para n\u00f3s e queremos respeitar a sua privacidade. Por este motivo, nunca os venderemos a terceiros, seja a t\u00edtulo gratuito ou mediante pagamento. Iremos utiliz\u00e1-los exclusivamente para as iniciativas deste website e pelos motivos pelos quais nos contactou preenchendo o formul\u00e1rio ou enviando-nos um email. A qualquer momento, pode solicitar para eliminar os seus dados da nossa base de dados ou, se necess\u00e1rio, modifica-los. Agradecemos a confian\u00e7a que deposita em n\u00f3s e ficamos \u00e0 sua disposi\u00e7\u00e3o para qualquer outro pedido de informa\u00e7\u00e3o.<\/p>\r\n<p><strong>Todos os detalhes relativos \u00e0 gest\u00e3o dos seus dados pessoais podem ser encontrados aqui:<\/strong><\/p>\r\n<p><b><a class=\"iubenda-white no-brand iubenda-noiframe iubenda-embed iubenda-noiframe \" title=\"Pol\u00edtica de Privacidade \" href=\"https:\/\/www.iubenda.com\/privacy-policy\/42982345\" target=\"_blank\" rel=\"noopener\">Pol\u00edtica de Privacidade<\/a><script type=\"text\/javascript\">(function (w,d) {var loader = function () {var s = d.createElement(\"script\"), tag = d.getElementsByTagName(\"script\")[0]; s.src=https:\/\/cdn.iubenda.com\/iubenda.js; tag.parentNode.insertBefore(s,tag);}; if(w.addEventListener){w.addEventListener(\"load\", loader, false);}else if(w.attachEvent){w.attachEvent(\"onload\", loader);}else{w.onload = loader;}})(window, document);<\/script><br \/><b><a class=\"iubenda-white no-brand iubenda-noiframe iubenda-embed iubenda-noiframe \" title=\"Pol\u00edtica de Cookies \" href=\"https:\/\/www.iubenda.com\/privacy-policy\/42982345\/cookie-policy\" target=\"_blank\" rel=\"noopener\">Pol\u00edtica de Cookies<\/a><script type=\"text\/javascript\">(function (w,d) {var loader = function () {var s = d.createElement(\"script\"), tag = d.getElementsByTagName(\"script\")[0]; s.src=https:\/\/cdn.iubenda.com\/iubenda.js; tag.parentNode.insertBefore(s,tag);}; if(w.addEventListener){w.addEventListener(\"load\", loader, false);}else if(w.attachEvent){w.attachEvent(\"onload\", loader);}else{w.onload = loader;}})(window, document);<\/script> <\/b><\/b><\/p>","protected":false},"excerpt":{"rendered":"<p>Preocupamo-nos com os seus dados Os seus dados s\u00e3o muitos importantes para n\u00f3s e queremos respeitar a sua privacidade. Por este motivo, nunca os venderemos a terceiros, seja a t\u00edtulo gratuito ou mediante pagamento. Iremos utiliz\u00e1-los exclusivamente para as iniciativas deste website e pelos motivos pelos quais nos contactou preenchendo o formul\u00e1rio ou enviando-nos um [&hellip;]<\/p>\n","protected":false},"author":1,"featured_media":0,"parent":0,"menu_order":0,"comment_status":"closed","ping_status":"open","template":"","meta":{"footnotes":""},"acf":[],"yoast_head":"<!-- This site is optimized with the Yoast SEO plugin v21.5 - https:\/\/yoast.com\/wordpress\/plugins\/seo\/ -->\n<title>Pol\u00edtica De Privacidade - Mister Magic<\/title>\n<meta name=\"description\" content=\"Preocupamo-nos com os seus dados Os seus dados s\u00e3o muitos importantes para n\u00f3s e queremos respeitar a sua privacidade. Por este motivo, nunca os\" \/>\n<meta name=\"robots\" content=\"noindex, follow, max-snippet:-1, max-image-preview:large, max-video-preview:-1\" \/>\n<meta property=\"og:locale\" content=\"pt_PT\" \/>\n<meta property=\"og:type\" content=\"article\" \/>\n<meta property=\"og:title\" content=\"Pol\u00edtica De Privacidade - Mister Magic\" \/>\n<meta property=\"og:description\" content=\"Preocupamo-nos com os seus dados Os seus dados s\u00e3o muitos importantes para n\u00f3s e queremos respeitar a sua privacidade. Por este motivo, nunca os\" \/>\n<meta property=\"og:url\" content=\"https:\/\/test.mistermagic.it\/pt-pt\/politica-de-privacidade\/\" \/>\n<meta property=\"og:site_name\" content=\"Mister Magic\" \/>\n<meta property=\"article:modified_time\" content=\"2021-11-05T16:47:04+00:00\" \/>\n<meta name=\"twitter:card\" content=\"summary_large_image\" \/>\n<meta name=\"twitter:label1\" content=\"Tempo estimado de leitura\" \/>\n\t<meta name=\"twitter:data1\" content=\"1 minuto\" \/>\n<script type=\"application\/ld+json\" class=\"yoast-schema-graph\">{\"@context\":\"https:\/\/schema.org\",\"@graph\":[{\"@type\":\"WebPage\",\"@id\":\"https:\/\/test.mistermagic.it\/pt-pt\/politica-de-privacidade\/\",\"url\":\"https:\/\/test.mistermagic.it\/pt-pt\/politica-de-privacidade\/\",\"name\":\"Pol\u00edtica De Privacidade - Mister Magic\",\"isPartOf\":{\"@id\":\"https:\/\/test.mistermagic.it\/pt-pt\/#website\"},\"datePublished\":\"2020-01-31T13:57:11+00:00\",\"dateModified\":\"2021-11-05T16:47:04+00:00\",\"description\":\"Preocupamo-nos com os seus dados Os seus dados s\u00e3o muitos importantes para n\u00f3s e queremos respeitar a sua privacidade. Por este motivo, nunca os\",\"breadcrumb\":{\"@id\":\"https:\/\/test.mistermagic.it\/pt-pt\/politica-de-privacidade\/#breadcrumb\"},\"inLanguage\":\"pt-PT\",\"potentialAction\":[{\"@type\":\"ReadAction\",\"target\":[\"https:\/\/test.mistermagic.it\/pt-pt\/politica-de-privacidade\/\"]}]},{\"@type\":\"BreadcrumbList\",\"@id\":\"https:\/\/test.mistermagic.it\/pt-pt\/politica-de-privacidade\/#breadcrumb\",\"itemListElement\":[{\"@type\":\"ListItem\",\"position\":1,\"name\":\"Home\",\"item\":\"https:\/\/test.mistermagic.it\/pt-pt\/\"},{\"@type\":\"ListItem\",\"position\":2,\"name\":\"Pol\u00edtica De Privacidade\"}]},{\"@type\":\"WebSite\",\"@id\":\"https:\/\/test.mistermagic.it\/pt-pt\/#website\",\"url\":\"https:\/\/test.mistermagic.it\/pt-pt\/\",\"name\":\"Mister Magic\",\"description\":\"O SEU ALIADO EM CASA\",\"publisher\":{\"@id\":\"https:\/\/test.mistermagic.it\/pt-pt\/#organization\"},\"potentialAction\":[{\"@type\":\"SearchAction\",\"target\":{\"@type\":\"EntryPoint\",\"urlTemplate\":\"https:\/\/test.mistermagic.it\/pt-pt\/?s={search_term_string}\"},\"query-input\":\"required name=search_term_string\"}],\"inLanguage\":\"pt-PT\"},{\"@type\":\"Organization\",\"@id\":\"https:\/\/test.mistermagic.it\/pt-pt\/#organization\",\"name\":\"Mister Magic\",\"url\":\"https:\/\/test.mistermagic.it\/pt-pt\/\",\"logo\":{\"@type\":\"ImageObject\",\"inLanguage\":\"pt-PT\",\"@id\":\"https:\/\/test.mistermagic.it\/pt-pt\/#\/schema\/logo\/image\/\",\"url\":\"https:\/\/test.mistermagic.it\/wp-content\/uploads\/2020\/02\/LOGO-PER-REGISTRAZIONE_MISTER-MAGIC-01.png\",\"contentUrl\":\"https:\/\/test.mistermagic.it\/wp-content\/uploads\/2020\/02\/LOGO-PER-REGISTRAZIONE_MISTER-MAGIC-01.png\",\"width\":153,\"height\":107,\"caption\":\"Mister Magic\"},\"image\":{\"@id\":\"https:\/\/test.mistermagic.it\/pt-pt\/#\/schema\/logo\/image\/\"}}]}<\/script>\n<!-- \/ Yoast SEO plugin. -->","yoast_head_json":{"title":"Pol\u00edtica De Privacidade - Mister Magic","description":"Preocupamo-nos com os seus dados Os seus dados s\u00e3o muitos importantes para n\u00f3s e queremos respeitar a sua privacidade. Por este motivo, nunca os","robots":{"index":"noindex","follow":"follow","max-snippet":"max-snippet:-1","max-image-preview":"max-image-preview:large","max-video-preview":"max-video-preview:-1"},"og_locale":"pt_PT","og_type":"article","og_title":"Pol\u00edtica De Privacidade - Mister Magic","og_description":"Preocupamo-nos com os seus dados Os seus dados s\u00e3o muitos importantes para n\u00f3s e queremos respeitar a sua privacidade. Por este motivo, nunca os","og_url":"https:\/\/test.mistermagic.it\/pt-pt\/politica-de-privacidade\/","og_site_name":"Mister Magic","article_modified_time":"2021-11-05T16:47:04+00:00","twitter_card":"summary_large_image","twitter_misc":{"Tempo estimado de leitura":"1 minuto"},"schema":{"@context":"https:\/\/schema.org","@graph":[{"@type":"WebPage","@id":"https:\/\/test.mistermagic.it\/pt-pt\/politica-de-privacidade\/","url":"https:\/\/test.mistermagic.it\/pt-pt\/politica-de-privacidade\/","name":"Pol\u00edtica De Privacidade - Mister Magic","isPartOf":{"@id":"https:\/\/test.mistermagic.it\/pt-pt\/#website"},"datePublished":"2020-01-31T13:57:11+00:00","dateModified":"2021-11-05T16:47:04+00:00","description":"Preocupamo-nos com os seus dados Os seus dados s\u00e3o muitos importantes para n\u00f3s e queremos respeitar a sua privacidade. Por este motivo, nunca os","breadcrumb":{"@id":"https:\/\/test.mistermagic.it\/pt-pt\/politica-de-privacidade\/#breadcrumb"},"inLanguage":"pt-PT","potentialAction":[{"@type":"ReadAction","target":["https:\/\/test.mistermagic.it\/pt-pt\/politica-de-privacidade\/"]}]},{"@type":"BreadcrumbList","@id":"https:\/\/test.mistermagic.it\/pt-pt\/politica-de-privacidade\/#breadcrumb","itemListElement":[{"@type":"ListItem","position":1,"name":"Home","item":"https:\/\/test.mistermagic.it\/pt-pt\/"},{"@type":"ListItem","position":2,"name":"Pol\u00edtica De Privacidade"}]},{"@type":"WebSite","@id":"https:\/\/test.mistermagic.it\/pt-pt\/#website","url":"https:\/\/test.mistermagic.it\/pt-pt\/","name":"Mister Magic","description":"O SEU ALIADO EM CASA","publisher":{"@id":"https:\/\/test.mistermagic.it\/pt-pt\/#organization"},"potentialAction":[{"@type":"SearchAction","target":{"@type":"EntryPoint","urlTemplate":"https:\/\/test.mistermagic.it\/pt-pt\/?s={search_term_string}"},"query-input":"required name=search_term_string"}],"inLanguage":"pt-PT"},{"@type":"Organization","@id":"https:\/\/test.mistermagic.it\/pt-pt\/#organization","name":"Mister Magic","url":"https:\/\/test.mistermagic.it\/pt-pt\/","logo":{"@type":"ImageObject","inLanguage":"pt-PT","@id":"https:\/\/test.mistermagic.it\/pt-pt\/#\/schema\/logo\/image\/","url":"https:\/\/test.mistermagic.it\/wp-content\/uploads\/2020\/02\/LOGO-PER-REGISTRAZIONE_MISTER-MAGIC-01.png","contentUrl":"https:\/\/test.mistermagic.it\/wp-content\/uploads\/2020\/02\/LOGO-PER-REGISTRAZIONE_MISTER-MAGIC-01.png","width":153,"height":107,"caption":"Mister Magic"},"image":{"@id":"https:\/\/test.mistermagic.it\/pt-pt\/#\/schema\/logo\/image\/"}}]}},"_links":{"self":[{"href":"https:\/\/test.mistermagic.it\/pt-pt\/wp-json\/wp\/v2\/pages\/8501"}],"collection":[{"href":"https:\/\/test.mistermagic.it\/pt-pt\/wp-json\/wp\/v2\/pages"}],"about":[{"href":"https:\/\/test.mistermagic.it\/pt-pt\/wp-json\/wp\/v2\/types\/page"}],"author":[{"embeddable":true,"href":"https:\/\/test.mistermagic.it\/pt-pt\/wp-json\/wp\/v2\/users\/1"}],"replies":[{"embeddable":true,"href":"https:\/\/test.mistermagic.it\/pt-pt\/wp-json\/wp\/v2\/comments?post=8501"}],"version-history":[{"count":9,"href":"https:\/\/test.mistermagic.it\/pt-pt\/wp-json\/wp\/v2\/pages\/8501\/revisions"}],"predecessor-version":[{"id":9239,"href":"https:\/\/test.mistermagic.it\/pt-pt\/wp-json\/wp\/v2\/pages\/8501\/revisions\/9239"}],"wp:attachment":[{"href":"https:\/\/test.mistermagic.it\/pt-pt\/wp-json\/wp\/v2\/media?parent=8501"}],"curies":[{"name":"wp","href":"https:\/\/api.w.org\/{rel}","templated":true}]}}