{"id":8507,"date":"2020-02-17T13:10:59","date_gmt":"2020-02-17T13:10:59","guid":{"rendered":"https:\/\/workingfor03.net\/webperformance\/mmagic\/ricerca-e-sviluppo\/"},"modified":"2021-11-05T11:56:16","modified_gmt":"2021-11-05T11:56:16","slug":"pesquisa-e-desenvolvimento","status":"publish","type":"page","link":"https:\/\/test.mistermagic.it\/pt-pt\/pesquisa-e-desenvolvimento\/","title":{"rendered":"Pesquisa e Desenvolvimento"},"content":{"rendered":"<h2 class=\"title-h2\">Palavra de ordem: Inova\u00e7\u00e3o!<\/h2>\n<p>A <strong>capacidade de inovar<\/strong> tamb\u00e9m assume um papel cada vez mais crucial no mercado dos produtos de limpeza e desodoriza\u00e7\u00e3o da casa.<\/p>\n<p>Por esta raz\u00e3o, na nossa \u00e1rea dedicada \u00e0 Investiga\u00e7\u00e3o e Desenvolvimento (I&amp;D), estudamos e desenvolvemos <strong>f\u00f3rmulas inovadoras e de vanguarda<\/strong>.<\/p>\n<p>O grande exemplo \u00e9 a nossa exclusiva mol\u00e9cula de absor\u00e7\u00e3o de odores que aprisiona e absorve as part\u00edculas de odor, eliminando-as das superf\u00edcies e ambientes.<\/p>\n<p>Este \u00e9 o principal ingrediente das solu\u00e7\u00f5es da Mister Magic\u00ae para a desodoriza\u00e7\u00e3o, o que as tornam eficazes e em condi\u00e7\u00f5es de oferecer <strong>resultados sempre satisfat\u00f3rios<\/strong>.<\/p>\n<p>&nbsp;<\/p>\n","protected":false},"excerpt":{"rendered":"<p>Palavra de ordem: Inova\u00e7\u00e3o! A capacidade de inovar tamb\u00e9m assume um papel cada vez mais crucial no mercado dos produtos de limpeza e desodoriza\u00e7\u00e3o da casa. Por esta raz\u00e3o, na nossa \u00e1rea dedicada \u00e0 Investiga\u00e7\u00e3o e Desenvolvimento (I&amp;D), estudamos e desenvolvemos f\u00f3rmulas inovadoras e de vanguarda. O grande exemplo \u00e9 a nossa exclusiva mol\u00e9cula de [&hellip;]<\/p>\n","protected":false},"author":1,"featured_media":0,"parent":0,"menu_order":0,"comment_status":"closed","ping_status":"closed","template":"interna-page.php","meta":{"footnotes":""},"acf":[],"yoast_head":"<!-- This site is optimized with the Yoast SEO plugin v21.5 - https:\/\/yoast.com\/wordpress\/plugins\/seo\/ -->\n<title>Pesquisa e Desenvolvimento - Mister Magic<\/title>\n<meta name=\"description\" content=\"A capacidade de inovar desempenha um papel cada vez mais importante tamb\u00e9m no mercado de produtos de limpeza e desodoriza\u00e7\u00e3o para o lar.\" \/>\n<meta name=\"robots\" content=\"noindex, follow, max-snippet:-1, max-image-preview:large, max-video-preview:-1\" \/>\n<meta property=\"og:locale\" content=\"pt_PT\" \/>\n<meta property=\"og:type\" content=\"article\" \/>\n<meta property=\"og:title\" content=\"Pesquisa e Desenvolvimento - Mister Magic\" \/>\n<meta property=\"og:description\" content=\"A capacidade de inovar desempenha um papel cada vez mais importante tamb\u00e9m no mercado de produtos de limpeza e desodoriza\u00e7\u00e3o para o lar.\" \/>\n<meta property=\"og:url\" content=\"https:\/\/test.mistermagic.it\/pt-pt\/pesquisa-e-desenvolvimento\/\" \/>\n<meta property=\"og:site_name\" content=\"Mister Magic\" \/>\n<meta property=\"article:modified_time\" content=\"2021-11-05T11:56:16+00:00\" \/>\n<meta name=\"twitter:card\" content=\"summary_large_image\" \/>\n<meta name=\"twitter:label1\" content=\"Tempo estimado de leitura\" \/>\n\t<meta name=\"twitter:data1\" content=\"1 minuto\" \/>\n<script type=\"application\/ld+json\" class=\"yoast-schema-graph\">{\"@context\":\"https:\/\/schema.org\",\"@graph\":[{\"@type\":\"WebPage\",\"@id\":\"https:\/\/test.mistermagic.it\/pt-pt\/pesquisa-e-desenvolvimento\/\",\"url\":\"https:\/\/test.mistermagic.it\/pt-pt\/pesquisa-e-desenvolvimento\/\",\"name\":\"Pesquisa e Desenvolvimento - Mister Magic\",\"isPartOf\":{\"@id\":\"https:\/\/test.mistermagic.it\/pt-pt\/#website\"},\"datePublished\":\"2020-02-17T13:10:59+00:00\",\"dateModified\":\"2021-11-05T11:56:16+00:00\",\"description\":\"A capacidade de inovar desempenha um papel cada vez mais importante tamb\u00e9m no mercado de produtos de limpeza e desodoriza\u00e7\u00e3o para o lar.\",\"breadcrumb\":{\"@id\":\"https:\/\/test.mistermagic.it\/pt-pt\/pesquisa-e-desenvolvimento\/#breadcrumb\"},\"inLanguage\":\"pt-PT\",\"potentialAction\":[{\"@type\":\"ReadAction\",\"target\":[\"https:\/\/test.mistermagic.it\/pt-pt\/pesquisa-e-desenvolvimento\/\"]}]},{\"@type\":\"BreadcrumbList\",\"@id\":\"https:\/\/test.mistermagic.it\/pt-pt\/pesquisa-e-desenvolvimento\/#breadcrumb\",\"itemListElement\":[{\"@type\":\"ListItem\",\"position\":1,\"name\":\"Home\",\"item\":\"https:\/\/test.mistermagic.it\/pt-pt\/\"},{\"@type\":\"ListItem\",\"position\":2,\"name\":\"Pesquisa e Desenvolvimento\"}]},{\"@type\":\"WebSite\",\"@id\":\"https:\/\/test.mistermagic.it\/pt-pt\/#website\",\"url\":\"https:\/\/test.mistermagic.it\/pt-pt\/\",\"name\":\"Mister Magic\",\"description\":\"O SEU ALIADO EM CASA\",\"publisher\":{\"@id\":\"https:\/\/test.mistermagic.it\/pt-pt\/#organization\"},\"potentialAction\":[{\"@type\":\"SearchAction\",\"target\":{\"@type\":\"EntryPoint\",\"urlTemplate\":\"https:\/\/test.mistermagic.it\/pt-pt\/?s={search_term_string}\"},\"query-input\":\"required name=search_term_string\"}],\"inLanguage\":\"pt-PT\"},{\"@type\":\"Organization\",\"@id\":\"https:\/\/test.mistermagic.it\/pt-pt\/#organization\",\"name\":\"Mister Magic\",\"url\":\"https:\/\/test.mistermagic.it\/pt-pt\/\",\"logo\":{\"@type\":\"ImageObject\",\"inLanguage\":\"pt-PT\",\"@id\":\"https:\/\/test.mistermagic.it\/pt-pt\/#\/schema\/logo\/image\/\",\"url\":\"https:\/\/test.mistermagic.it\/wp-content\/uploads\/2020\/02\/LOGO-PER-REGISTRAZIONE_MISTER-MAGIC-01.png\",\"contentUrl\":\"https:\/\/test.mistermagic.it\/wp-content\/uploads\/2020\/02\/LOGO-PER-REGISTRAZIONE_MISTER-MAGIC-01.png\",\"width\":153,\"height\":107,\"caption\":\"Mister Magic\"},\"image\":{\"@id\":\"https:\/\/test.mistermagic.it\/pt-pt\/#\/schema\/logo\/image\/\"}}]}<\/script>\n<!-- \/ Yoast SEO plugin. -->","yoast_head_json":{"title":"Pesquisa e Desenvolvimento - Mister Magic","description":"A capacidade de inovar desempenha um papel cada vez mais importante tamb\u00e9m no mercado de produtos de limpeza e desodoriza\u00e7\u00e3o para o lar.","robots":{"index":"noindex","follow":"follow","max-snippet":"max-snippet:-1","max-image-preview":"max-image-preview:large","max-video-preview":"max-video-preview:-1"},"og_locale":"pt_PT","og_type":"article","og_title":"Pesquisa e Desenvolvimento - Mister Magic","og_description":"A capacidade de inovar desempenha um papel cada vez mais importante tamb\u00e9m no mercado de produtos de limpeza e desodoriza\u00e7\u00e3o para o lar.","og_url":"https:\/\/test.mistermagic.it\/pt-pt\/pesquisa-e-desenvolvimento\/","og_site_name":"Mister Magic","article_modified_time":"2021-11-05T11:56:16+00:00","twitter_card":"summary_large_image","twitter_misc":{"Tempo estimado de leitura":"1 minuto"},"schema":{"@context":"https:\/\/schema.org","@graph":[{"@type":"WebPage","@id":"https:\/\/test.mistermagic.it\/pt-pt\/pesquisa-e-desenvolvimento\/","url":"https:\/\/test.mistermagic.it\/pt-pt\/pesquisa-e-desenvolvimento\/","name":"Pesquisa e Desenvolvimento - Mister Magic","isPartOf":{"@id":"https:\/\/test.mistermagic.it\/pt-pt\/#website"},"datePublished":"2020-02-17T13:10:59+00:00","dateModified":"2021-11-05T11:56:16+00:00","description":"A capacidade de inovar desempenha um papel cada vez mais importante tamb\u00e9m no mercado de produtos de limpeza e desodoriza\u00e7\u00e3o para o lar.","breadcrumb":{"@id":"https:\/\/test.mistermagic.it\/pt-pt\/pesquisa-e-desenvolvimento\/#breadcrumb"},"inLanguage":"pt-PT","potentialAction":[{"@type":"ReadAction","target":["https:\/\/test.mistermagic.it\/pt-pt\/pesquisa-e-desenvolvimento\/"]}]},{"@type":"BreadcrumbList","@id":"https:\/\/test.mistermagic.it\/pt-pt\/pesquisa-e-desenvolvimento\/#breadcrumb","itemListElement":[{"@type":"ListItem","position":1,"name":"Home","item":"https:\/\/test.mistermagic.it\/pt-pt\/"},{"@type":"ListItem","position":2,"name":"Pesquisa e Desenvolvimento"}]},{"@type":"WebSite","@id":"https:\/\/test.mistermagic.it\/pt-pt\/#website","url":"https:\/\/test.mistermagic.it\/pt-pt\/","name":"Mister Magic","description":"O SEU ALIADO EM CASA","publisher":{"@id":"https:\/\/test.mistermagic.it\/pt-pt\/#organization"},"potentialAction":[{"@type":"SearchAction","target":{"@type":"EntryPoint","urlTemplate":"https:\/\/test.mistermagic.it\/pt-pt\/?s={search_term_string}"},"query-input":"required name=search_term_string"}],"inLanguage":"pt-PT"},{"@type":"Organization","@id":"https:\/\/test.mistermagic.it\/pt-pt\/#organization","name":"Mister Magic","url":"https:\/\/test.mistermagic.it\/pt-pt\/","logo":{"@type":"ImageObject","inLanguage":"pt-PT","@id":"https:\/\/test.mistermagic.it\/pt-pt\/#\/schema\/logo\/image\/","url":"https:\/\/test.mistermagic.it\/wp-content\/uploads\/2020\/02\/LOGO-PER-REGISTRAZIONE_MISTER-MAGIC-01.png","contentUrl":"https:\/\/test.mistermagic.it\/wp-content\/uploads\/2020\/02\/LOGO-PER-REGISTRAZIONE_MISTER-MAGIC-01.png","width":153,"height":107,"caption":"Mister Magic"},"image":{"@id":"https:\/\/test.mistermagic.it\/pt-pt\/#\/schema\/logo\/image\/"}}]}},"_links":{"self":[{"href":"https:\/\/test.mistermagic.it\/pt-pt\/wp-json\/wp\/v2\/pages\/8507"}],"collection":[{"href":"https:\/\/test.mistermagic.it\/pt-pt\/wp-json\/wp\/v2\/pages"}],"about":[{"href":"https:\/\/test.mistermagic.it\/pt-pt\/wp-json\/wp\/v2\/types\/page"}],"author":[{"embeddable":true,"href":"https:\/\/test.mistermagic.it\/pt-pt\/wp-json\/wp\/v2\/users\/1"}],"replies":[{"embeddable":true,"href":"https:\/\/test.mistermagic.it\/pt-pt\/wp-json\/wp\/v2\/comments?post=8507"}],"version-history":[{"count":5,"href":"https:\/\/test.mistermagic.it\/pt-pt\/wp-json\/wp\/v2\/pages\/8507\/revisions"}],"predecessor-version":[{"id":9223,"href":"https:\/\/test.mistermagic.it\/pt-pt\/wp-json\/wp\/v2\/pages\/8507\/revisions\/9223"}],"wp:attachment":[{"href":"https:\/\/test.mistermagic.it\/pt-pt\/wp-json\/wp\/v2\/media?parent=8507"}],"curies":[{"name":"wp","href":"https:\/\/api.w.org\/{rel}","templated":true}]}}