{"id":8572,"date":"2020-02-21T13:47:09","date_gmt":"2020-02-21T13:47:09","guid":{"rendered":"https:\/\/workingfor03.net\/webperformance\/mmagic\/prodotti-mister-magic\/%product_category%\/lavamani-cucina\/"},"modified":"2021-11-05T09:30:45","modified_gmt":"2021-11-05T09:30:45","slug":"sabao-liquido-de-cozinha-para-as-maos","status":"publish","type":"product","link":"https:\/\/test.mistermagic.it\/pt-pt\/produtos-mister-magic\/desodorizacao-pt\/sabao-liquido-de-cozinha-para-as-maos\/","title":{"rendered":"Sab\u00e3o l\u00edquido de cozinha para as m\u00e3os"},"content":{"rendered":"","protected":false},"featured_media":8779,"parent":0,"template":"","product_category":[751],"acf":[],"yoast_head":"<!-- This site is optimized with the Yoast SEO plugin v21.5 - https:\/\/yoast.com\/wordpress\/plugins\/seo\/ -->\n<title>Sab\u00e3o l\u00edquido de cozinha para as m\u00e3os - Mister Magic<\/title>\n<meta name=\"robots\" content=\"noindex, follow, max-snippet:-1, max-image-preview:large, max-video-preview:-1\" \/>\n<meta property=\"og:locale\" content=\"pt_PT\" \/>\n<meta property=\"og:type\" content=\"article\" \/>\n<meta property=\"og:title\" content=\"Sab\u00e3o l\u00edquido de cozinha para as m\u00e3os - Mister Magic\" \/>\n<meta property=\"og:url\" content=\"https:\/\/test.mistermagic.it\/pt-pt\/produtos-mister-magic\/desodorizacao-pt\/sabao-liquido-de-cozinha-para-as-maos\/\" \/>\n<meta property=\"og:site_name\" content=\"Mister Magic\" \/>\n<meta property=\"article:modified_time\" content=\"2021-11-05T09:30:45+00:00\" \/>\n<meta property=\"og:image\" content=\"https:\/\/test.mistermagic.it\/wp-content\/uploads\/2020\/02\/LAVAMANI-SP-PT.png\" \/>\n\t<meta property=\"og:image:width\" content=\"1024\" \/>\n\t<meta property=\"og:image:height\" content=\"1024\" \/>\n\t<meta property=\"og:image:type\" content=\"image\/png\" \/>\n<meta name=\"twitter:card\" content=\"summary_large_image\" \/>\n<script type=\"application\/ld+json\" class=\"yoast-schema-graph\">{\"@context\":\"https:\/\/schema.org\",\"@graph\":[{\"@type\":\"WebPage\",\"@id\":\"https:\/\/test.mistermagic.it\/pt-pt\/produtos-mister-magic\/desodorizacao-pt\/sabao-liquido-de-cozinha-para-as-maos\/\",\"url\":\"https:\/\/test.mistermagic.it\/pt-pt\/produtos-mister-magic\/desodorizacao-pt\/sabao-liquido-de-cozinha-para-as-maos\/\",\"name\":\"Sab\u00e3o l\u00edquido de cozinha para as m\u00e3os - Mister Magic\",\"isPartOf\":{\"@id\":\"https:\/\/test.mistermagic.it\/pt-pt\/#website\"},\"datePublished\":\"2020-02-21T13:47:09+00:00\",\"dateModified\":\"2021-11-05T09:30:45+00:00\",\"breadcrumb\":{\"@id\":\"https:\/\/test.mistermagic.it\/pt-pt\/produtos-mister-magic\/desodorizacao-pt\/sabao-liquido-de-cozinha-para-as-maos\/#breadcrumb\"},\"inLanguage\":\"pt-PT\",\"potentialAction\":[{\"@type\":\"ReadAction\",\"target\":[\"https:\/\/test.mistermagic.it\/pt-pt\/produtos-mister-magic\/desodorizacao-pt\/sabao-liquido-de-cozinha-para-as-maos\/\"]}]},{\"@type\":\"BreadcrumbList\",\"@id\":\"https:\/\/test.mistermagic.it\/pt-pt\/produtos-mister-magic\/desodorizacao-pt\/sabao-liquido-de-cozinha-para-as-maos\/#breadcrumb\",\"itemListElement\":[{\"@type\":\"ListItem\",\"position\":1,\"name\":\"Home\",\"item\":\"https:\/\/test.mistermagic.it\/pt-pt\/\"},{\"@type\":\"ListItem\",\"position\":2,\"name\":\"Desodoriza\u00e7\u00e3o\",\"item\":\"https:\/\/test.mistermagic.it\/pt-pt\/produtos-mister-magic\/desodorizacao-pt\/\"},{\"@type\":\"ListItem\",\"position\":3,\"name\":\"Sab\u00e3o l\u00edquido de cozinha para as m\u00e3os\"}]},{\"@type\":\"WebSite\",\"@id\":\"https:\/\/test.mistermagic.it\/pt-pt\/#website\",\"url\":\"https:\/\/test.mistermagic.it\/pt-pt\/\",\"name\":\"Mister Magic\",\"description\":\"O SEU ALIADO EM CASA\",\"publisher\":{\"@id\":\"https:\/\/test.mistermagic.it\/pt-pt\/#organization\"},\"potentialAction\":[{\"@type\":\"SearchAction\",\"target\":{\"@type\":\"EntryPoint\",\"urlTemplate\":\"https:\/\/test.mistermagic.it\/pt-pt\/?s={search_term_string}\"},\"query-input\":\"required name=search_term_string\"}],\"inLanguage\":\"pt-PT\"},{\"@type\":\"Organization\",\"@id\":\"https:\/\/test.mistermagic.it\/pt-pt\/#organization\",\"name\":\"Mister Magic\",\"url\":\"https:\/\/test.mistermagic.it\/pt-pt\/\",\"logo\":{\"@type\":\"ImageObject\",\"inLanguage\":\"pt-PT\",\"@id\":\"https:\/\/test.mistermagic.it\/pt-pt\/#\/schema\/logo\/image\/\",\"url\":\"https:\/\/test.mistermagic.it\/wp-content\/uploads\/2020\/02\/LOGO-PER-REGISTRAZIONE_MISTER-MAGIC-01.png\",\"contentUrl\":\"https:\/\/test.mistermagic.it\/wp-content\/uploads\/2020\/02\/LOGO-PER-REGISTRAZIONE_MISTER-MAGIC-01.png\",\"width\":153,\"height\":107,\"caption\":\"Mister Magic\"},\"image\":{\"@id\":\"https:\/\/test.mistermagic.it\/pt-pt\/#\/schema\/logo\/image\/\"}}]}<\/script>\n<!-- \/ Yoast SEO plugin. -->","yoast_head_json":{"title":"Sab\u00e3o l\u00edquido de cozinha para as m\u00e3os - Mister Magic","robots":{"index":"noindex","follow":"follow","max-snippet":"max-snippet:-1","max-image-preview":"max-image-preview:large","max-video-preview":"max-video-preview:-1"},"og_locale":"pt_PT","og_type":"article","og_title":"Sab\u00e3o l\u00edquido de cozinha para as m\u00e3os - Mister Magic","og_url":"https:\/\/test.mistermagic.it\/pt-pt\/produtos-mister-magic\/desodorizacao-pt\/sabao-liquido-de-cozinha-para-as-maos\/","og_site_name":"Mister Magic","article_modified_time":"2021-11-05T09:30:45+00:00","og_image":[{"width":1024,"height":1024,"url":"https:\/\/test.mistermagic.it\/wp-content\/uploads\/2020\/02\/LAVAMANI-SP-PT.png","type":"image\/png"}],"twitter_card":"summary_large_image","schema":{"@context":"https:\/\/schema.org","@graph":[{"@type":"WebPage","@id":"https:\/\/test.mistermagic.it\/pt-pt\/produtos-mister-magic\/desodorizacao-pt\/sabao-liquido-de-cozinha-para-as-maos\/","url":"https:\/\/test.mistermagic.it\/pt-pt\/produtos-mister-magic\/desodorizacao-pt\/sabao-liquido-de-cozinha-para-as-maos\/","name":"Sab\u00e3o l\u00edquido de cozinha para as m\u00e3os - Mister Magic","isPartOf":{"@id":"https:\/\/test.mistermagic.it\/pt-pt\/#website"},"datePublished":"2020-02-21T13:47:09+00:00","dateModified":"2021-11-05T09:30:45+00:00","breadcrumb":{"@id":"https:\/\/test.mistermagic.it\/pt-pt\/produtos-mister-magic\/desodorizacao-pt\/sabao-liquido-de-cozinha-para-as-maos\/#breadcrumb"},"inLanguage":"pt-PT","potentialAction":[{"@type":"ReadAction","target":["https:\/\/test.mistermagic.it\/pt-pt\/produtos-mister-magic\/desodorizacao-pt\/sabao-liquido-de-cozinha-para-as-maos\/"]}]},{"@type":"BreadcrumbList","@id":"https:\/\/test.mistermagic.it\/pt-pt\/produtos-mister-magic\/desodorizacao-pt\/sabao-liquido-de-cozinha-para-as-maos\/#breadcrumb","itemListElement":[{"@type":"ListItem","position":1,"name":"Home","item":"https:\/\/test.mistermagic.it\/pt-pt\/"},{"@type":"ListItem","position":2,"name":"Desodoriza\u00e7\u00e3o","item":"https:\/\/test.mistermagic.it\/pt-pt\/produtos-mister-magic\/desodorizacao-pt\/"},{"@type":"ListItem","position":3,"name":"Sab\u00e3o l\u00edquido de cozinha para as m\u00e3os"}]},{"@type":"WebSite","@id":"https:\/\/test.mistermagic.it\/pt-pt\/#website","url":"https:\/\/test.mistermagic.it\/pt-pt\/","name":"Mister Magic","description":"O SEU ALIADO EM CASA","publisher":{"@id":"https:\/\/test.mistermagic.it\/pt-pt\/#organization"},"potentialAction":[{"@type":"SearchAction","target":{"@type":"EntryPoint","urlTemplate":"https:\/\/test.mistermagic.it\/pt-pt\/?s={search_term_string}"},"query-input":"required name=search_term_string"}],"inLanguage":"pt-PT"},{"@type":"Organization","@id":"https:\/\/test.mistermagic.it\/pt-pt\/#organization","name":"Mister Magic","url":"https:\/\/test.mistermagic.it\/pt-pt\/","logo":{"@type":"ImageObject","inLanguage":"pt-PT","@id":"https:\/\/test.mistermagic.it\/pt-pt\/#\/schema\/logo\/image\/","url":"https:\/\/test.mistermagic.it\/wp-content\/uploads\/2020\/02\/LOGO-PER-REGISTRAZIONE_MISTER-MAGIC-01.png","contentUrl":"https:\/\/test.mistermagic.it\/wp-content\/uploads\/2020\/02\/LOGO-PER-REGISTRAZIONE_MISTER-MAGIC-01.png","width":153,"height":107,"caption":"Mister Magic"},"image":{"@id":"https:\/\/test.mistermagic.it\/pt-pt\/#\/schema\/logo\/image\/"}}]}},"_links":{"self":[{"href":"https:\/\/test.mistermagic.it\/pt-pt\/wp-json\/wp\/v2\/product\/8572"}],"collection":[{"href":"https:\/\/test.mistermagic.it\/pt-pt\/wp-json\/wp\/v2\/product"}],"about":[{"href":"https:\/\/test.mistermagic.it\/pt-pt\/wp-json\/wp\/v2\/types\/product"}],"wp:featuredmedia":[{"embeddable":true,"href":"https:\/\/test.mistermagic.it\/pt-pt\/wp-json\/wp\/v2\/media\/8779"}],"wp:attachment":[{"href":"https:\/\/test.mistermagic.it\/pt-pt\/wp-json\/wp\/v2\/media?parent=8572"}],"wp:term":[{"taxonomy":"product_category","embeddable":true,"href":"https:\/\/test.mistermagic.it\/pt-pt\/wp-json\/wp\/v2\/product_category?post=8572"}],"curies":[{"name":"wp","href":"https:\/\/api.w.org\/{rel}","templated":true}]}}